{"id":12766,"date":"2024-10-09T02:30:21","date_gmt":"2024-10-09T02:30:21","guid":{"rendered":"https:\/\/www.aavn.edu.vn\/?page_id=12766"},"modified":"2025-03-13T09:24:36","modified_gmt":"2025-03-13T09:24:36","slug":"ngay-hoi-thong-tin-phac-thao-tuong-lai-con-voi-lo-trinh-ap","status":"publish","type":"page","link":"https:\/\/www.aavn.edu.vn\/vi\/ngay-hoi-thong-tin-phac-thao-tuong-lai-con-voi-lo-trinh-ap\/","title":{"rendered":"Ng\u00e0y h\u1ed9i th\u00f4ng tin: Ph\u00e1c th\u1ea3o t\u01b0\u01a1ng lai con v\u1edbi l\u1ed9 tr\u00ecnh AP"},"content":{"rendered":"<div class=\"wpb-content-wrapper\"><p>[vc_row full_width=&#8221;stretch_row_content_no_spaces&#8221; css=&#8221;.vc_custom_1728633520953{background-image: url(https:\/\/www.aavn.edu.vn\/wp-content\/uploads\/sites\/3\/2024\/10\/2048-x-549-website-banner-Vie.jpg?id=12979) !important;background-position: center !important;background-repeat: no-repeat !important;background-size: cover !important;}&#8221;][vc_column]\t\t<div class=\"ng-spacing \">\n\t\t\t<div class=\"ng-spacing-empty ng-spacing-md\" style=\"height: 450px\"><\/div>\n\t\t\t<div class=\"ng-spacing-empty ng-spacing-sm\" style=\"height: 360px\"><\/div>\n\t\t\t<div class=\"ng-spacing-empty ng-spacing-xs\" style=\"height: 240px\"><\/div>\n\t\t<\/div>\n\t[\/vc_column][\/vc_row][vc_row full_width=&#8221;stretch_row&#8221; content_placement=&#8221;middle&#8221; css=&#8221;.vc_custom_1728374451002{background-color: #00558F !important;}&#8221;][vc_column][vc_row_inner el_class=&#8221;sais-container&#8221; css=&#8221;.vc_custom_1652776073165{margin-top: 24px !important;margin-bottom: 24px !important;}&#8221;][vc_column_inner]\t\t<div class=\"ng-spacing \">\n\t\t\t<div class=\"ng-spacing-empty ng-spacing-md\" style=\"height: 7px\"><\/div>\n\t\t\t<div class=\"ng-spacing-empty ng-spacing-sm\" style=\"height: 7px\"><\/div>\n\t\t\t<div class=\"ng-spacing-empty ng-spacing-xs\" style=\"height: 0px\"><\/div>\n\t\t<\/div>\n\t[vc_custom_heading text=&#8221;Ng\u00e0y h\u1ed9i th\u00f4ng tin&#8221; font_container=&#8221;tag:h2|font_size:56px|text_align:center|color:%23FFFFFF|line_height:64px&#8221; use_theme_fonts=&#8221;yes&#8221;][\/vc_column_inner][\/vc_row_inner]\t\t<div class=\"ng-spacing \">\n\t\t\t<div class=\"ng-spacing-empty ng-spacing-md\" style=\"height: 5px\"><\/div>\n\t\t\t<div class=\"ng-spacing-empty ng-spacing-sm\" style=\"height: 5px\"><\/div>\n\t\t\t<div class=\"ng-spacing-empty ng-spacing-xs\" style=\"height: 0px\"><\/div>\n\t\t<\/div>\n\t[\/vc_column][\/vc_row][vc_row full_width=&#8221;stretch_row&#8221; css=&#8221;.vc_custom_1728371180896{background-color: #FFFFFF !important;}&#8221; el_class=&#8221;aavn-container&#8221;][vc_column]\t\t<div class=\"ng-spacing \">\n\t\t\t<div class=\"ng-spacing-empty ng-spacing-md\" style=\"height: 30px\"><\/div>\n\t\t\t<div class=\"ng-spacing-empty ng-spacing-sm\" style=\"height: 30px\"><\/div>\n\t\t\t<div class=\"ng-spacing-empty ng-spacing-xs\" style=\"height: 30px\"><\/div>\n\t\t<\/div>\n\t[vc_custom_heading text=&#8221;PH\u00c1C TH\u1ea2O T\u01af\u01a0NG LAI CON C\u00d9NG L\u1ed8 TR\u00ccNH AP&#8221; font_container=&#8221;tag:h2|text_align:center|color:%23CE0E2D&#8221; use_theme_fonts=&#8221;yes&#8221;][vc_custom_heading text=&#8221;31\/10\/2024&#8243; font_container=&#8221;tag:h3|text_align:center&#8221; use_theme_fonts=&#8221;yes&#8221;][\/vc_column][\/vc_row][vc_row css=&#8221;.vc_custom_1728371161150{background-color: #FFFFFF !important;}&#8221; el_class=&#8221;bcs-container&#8221;][vc_column]\t\t<div class=\"ng-spacing \">\n\t\t\t<div class=\"ng-spacing-empty ng-spacing-md\" style=\"height: 30px\"><\/div>\n\t\t\t<div class=\"ng-spacing-empty ng-spacing-sm\" style=\"height: 30px\"><\/div>\n\t\t\t<div class=\"ng-spacing-empty ng-spacing-xs\" style=\"height: 30px\"><\/div>\n\t\t<\/div>\n\t[vc_custom_heading text=&#8221;\u0110\u0102NG K\u00dd NGAY&#8221; font_container=&#8221;tag:h3|text_align:center|color:%23CE0E2D&#8221; use_theme_fonts=&#8221;yes&#8221;][vc_row_inner el_class=&#8221;aavn-container&#8221;][vc_column_inner][vc_column_text]<\/p>\n<h5><strong><span style=\"color: #00558f\">T\u00ecm hi\u1ec3u l\u1ed9 tr\u00ecnh h\u1ecdc Ch\u01b0\u01a1ng tr\u00ecnh N\u00e2ng cao AP t\u1ea1i ISHCMC-AA \u2013 tr\u01b0\u1eddng \u0111\u1ea7u ti\u00ean t\u1ea1i Vi\u1ec7t Nam \u0111\u01b0\u1ee3c College Board \u1ee7y quy\u1ec1n cung c\u1ea5p B\u1eb1ng AP m\u1edbi.<\/span><\/strong><\/h5>\n<p>B\u01b0\u1edbc v\u00e0o b\u1eadc Trung h\u1ecdc l\u00e0 khi c\u1ea3 con v\u00e0 gia \u0111\u00ecnh b\u1eaft \u0111\u1ea7u suy ngh\u0129 v\u1ec1 \u0111\u1ecbnh h\u01b0\u1edbng v\u00e0 ngh\u1ec1 nghi\u1ec7p t\u01b0\u01a1ng lai. Kh\u00f4ng ch\u1ec9 d\u1eebng l\u1ea1i \u1edf vi\u1ec7c l\u1ef1a ch\u1ecdn tr\u01b0\u1eddng \u0111\u1ea1i h\u1ecdc y\u00eau th\u00edch hay x\u00e1c \u0111\u1ecbnh \u01b0\u1edbc m\u01a1, m\u00e0 l\u00e0 m\u1ed9t h\u00e0nh tr\u00ecnh chu\u1ea9n b\u1ecb k\u1ef9 l\u01b0\u1ee1ng v\u00e0 \u0111\u1ea7y c\u00e2n nh\u1eafc.<\/p>\n<h5><strong><span style=\"color: #ce0e2d\">AP c\u00f3 ph\u1ea3i l\u00e0 m\u1ed9t l\u1ed9 tr\u00ecnh \u01b0u vi\u1ec7t d\u00e0nh cho con?<\/span><\/strong><\/h5>\n<p>M\u1ed9t trong nh\u1eefng l\u1ed9 tr\u00ecnh \u0111\u01b0\u1ee3c nhi\u1ec1u Ph\u1ee5 huynh v\u00e0 H\u1ecdc sinh \u0111\u1eb7c bi\u1ec7t quan t\u00e2m l\u00e0 Ch\u01b0\u01a1ng tr\u00ecnh N\u00e2ng cao \u2013 Advanced Placement (AP). <strong>AP l\u00e0 m\u1ed9t ch\u01b0\u01a1ng tr\u00ecnh \u0111\u01b0\u1ee3c thi\u1ebft k\u1ebf b\u00e0i b\u1ea3n b\u1edfi College Board<\/strong>, v\u1edbi c\u00e1c kh\u00f3a h\u1ecdc \u1edf tr\u00ecnh \u0111\u1ed9 \u0110\u1ea1i h\u1ecdc d\u00e0nh cho h\u1ecdc sinh ph\u1ed5 th\u00f4ng. \u0110\u1ea1t \u0111i\u1ec3m cao trong c\u00e1c k\u1ef3 thi AP \u0111\u1ed3ng ngh\u0129a v\u1edbi vi\u1ec7c h\u1ecdc sinh c\u00f3 c\u01a1 h\u1ed9i nh\u1eadn t\u00edn ch\u1ec9 \u0111\u1ea1i h\u1ecdc s\u1edbm t\u1ea1i h\u1ea7u h\u1ebft c\u00e1c tr\u01b0\u1eddng \u0110\u1ea1i h\u1ecdc t\u1ea1i M\u1ef9 v\u00e0 Canada, v\u00e0 \u0111\u01b0\u1ee3c c\u00f4ng nh\u1eadn t\u1ea1i 60 qu\u1ed1c gia tr\u00ean to\u00e0n th\u1ebf gi\u1edbi.<\/p>\n<p>\u0110\u1ed1i v\u1edbi nh\u1eefng h\u1ecdc sinh \u0111ang c\u00f3 \u00fd \u0111\u1ecbnh theo \u0111u\u1ed5i l\u1ed9 tr\u00ecnh n\u00e0y, \u0111\u1eb7c bi\u1ec7t l\u00e0 v\u1edbi c\u00e1c b\u1ea1n c\u00f3 \u00fd \u0111\u1ecbnh du h\u1ecdc, ch\u00fang t\u00f4i hi\u1ec3u r\u1eb1ng c\u00e1c con v\u00e0 gia \u0111\u00ecnh ch\u1eafc h\u1eb3n c\u00f3 m\u1ed9t s\u1ed1 ph\u00e2n v\u00e2n, lo l\u1eafng:<\/p>\n<ul>\n<li>Li\u1ec7u l\u1ed9 tr\u00ecnh AP c\u00f3 ph\u1ea3i l\u00e0 l\u1ef1a ch\u1ecdn ph\u00f9 h\u1ee3p v\u1edbi con?<\/li>\n<li>C\u00e1c kh\u00f3a h\u1ecdc AP c\u00f3 kh\u00f3 v\u00e0 n\u1eb7ng kh\u00f4ng?<\/li>\n<li>L\u1ee3i \u00edch c\u1ee7a AP mang l\u1ea1i c\u1ee5 th\u1ec3 l\u00e0 g\u00ec?<\/li>\n<li>L\u00e0m th\u1ebf n\u00e0o \u0111\u1ec3 h\u1ecdc sinh ph\u00e1t huy ti\u1ec1m n\u0103ng v\u00e0 th\u1ebf m\u1ea1nh c\u1ee7a b\u1ea3n th\u00e2n trong qu\u00e1 tr\u00ecnh h\u1ecdc AP?<\/li>\n<\/ul>\n<p>[\/vc_column_text][vc_single_image image=&#8221;12712&#8243; img_size=&#8221;large&#8221; alignment=&#8221;center&#8221; style=&#8221;vc_box_rounded&#8221;][vc_custom_heading text=&#8221;TH\u00d4NG TIN S\u1ef0 KI\u1ec6N&#8221; font_container=&#8221;tag:h3|text_align:center|color:%23CE0E2D&#8221; use_theme_fonts=&#8221;yes&#8221;][vc_column_text]<span style=\"color: #00558f\"><strong style=\"color: #00558f\">\u0110\u1ec3 gi\u1ea3i \u0111\u00e1p nh\u1eefng th\u1eafc m\u1eafc tr\u00ean, ISHCMC-AA th\u00e2n m\u1eddi Ph\u1ee5 huynh v\u00e0 H\u1ecdc sinh tham d\u1ef1 s\u1ef1 ki\u1ec7n Ng\u00e0y h\u1ed9i th\u00f4ng tin: PH\u00c1C TH\u1ea2O T\u01af\u01a0NG LAI CON C\u00d9NG L\u1ed8 TR\u00ccNH AP:<\/strong><\/span><\/p>\n<ul>\n<li><span style=\"color: #ce0e2d\"><strong style=\"color: #ce0e2d\">Ng\u00e0y: <\/strong><\/span>Th\u1ee9 N\u0103m, ng\u00e0y 31\/10\/2024<\/li>\n<li><span style=\"color: #ce0e2d\"><strong style=\"color: #ce0e2d\">Th\u1eddi gian:<\/strong><\/span> 9:00 &#8211; 11:00<\/li>\n<li><span style=\"color: #ce0e2d\"><strong style=\"color: #ce0e2d\">\u0110\u1ecba \u0111i\u1ec3m: <\/strong><\/span>Tr\u01b0\u1eddng Qu\u1ed1c t\u1ebf TP.HCM \u2013 H\u1ecdc Vi\u1ec7n M\u1ef9, 16 V\u00f5 Tr\u01b0\u1eddng To\u1ea3n, Ph\u01b0\u1eddng An Ph\u00fa, TP. Th\u1ee7 \u0110\u1ee9c (Qu\u1eadn 2), TP.HCM<\/li>\n<\/ul>\n<p>&nbsp;<\/p>\n<p><span style=\"color: #ce0e2d\"><strong style=\"color: #ce0e2d\">C\u00c1C HO\u1ea0T \u0110\u1ed8NG CH\u00cdNH TRONG S\u1ef0 KI\u1ec6N<\/strong><\/span><\/p>\n<ul>\n<li>T\u1ed5ng quan v\u1ec1 c\u00e1c kh\u00f3a h\u1ecdc v\u00e0 b\u1eb1ng AP chia s\u1ebb t\u1eeb Ban Gi\u00e1m hi\u1ec7u<\/li>\n<li>Chia s\u1ebb t\u1eeb c\u00e1c h\u1ecdc sinh ISHCMC-AA \u0111ang theo h\u1ecdc l\u1ed9 tr\u00ecnh AP<\/li>\n<li>Tr\u1ea3i nghi\u1ec7m th\u1ef1c t\u1ebf l\u1edbp h\u1ecdc AP<\/li>\n<li>Tham quan tr\u01b0\u1eddng<\/li>\n<\/ul>\n<p>&nbsp;<\/p>\n<p><span style=\"color: #00558f\"><strong style=\"color: #00558f\">ISHCMC-AA t\u1ef1 h\u00e0o l\u00e0 tr\u01b0\u1eddng \u0111\u1ea7u ti\u00ean t\u1ea1i Vi\u1ec7t Nam \u0111\u01b0\u1ee3c \u1ee7y quy\u1ec1n cung c\u1ea5p B\u1eb1ng AP Capstone. V\u1edbi tu\u1ed5i \u0111\u1eddi 18 n\u0103m c\u00f9ng \u0111\u1ed9i ng\u0169 gi\u00e1o vi\u00ean d\u00e0y d\u1eb7n kinh nghi\u1ec7m, Nh\u00e0 tr\u01b0\u1eddng th\u1ea5u hi\u1ec3u v\u00e0 \u0111\u00e3 \u0111\u1ed3ng h\u00e0nh c\u00f9ng nhi\u1ec1u th\u1ebf h\u1ec7 h\u1ecdc sinh th\u00e0nh c\u00f4ng v\u1edbi l\u1ed9 tr\u00ecnh t\u1ea1i ISHCMC-AA, v\u1edbi nh\u1eefng th\u00e0nh t\u1ef1u n\u1ed5i b\u1eadt <\/strong><\/span>[\/vc_column_text][vc_single_image image=&#8221;12924&#8243; img_size=&#8221;large&#8221; alignment=&#8221;center&#8221; style=&#8221;vc_box_rounded&#8221;][vc_single_image image=&#8221;12917&#8243; img_size=&#8221;large&#8221; alignment=&#8221;center&#8221; style=&#8221;vc_box_rounded&#8221;]\t\t<div class=\"ng-spacing \">\n\t\t\t<div class=\"ng-spacing-empty ng-spacing-md\" style=\"height: 32px\"><\/div>\n\t\t\t<div class=\"ng-spacing-empty ng-spacing-sm\" style=\"height: 32px\"><\/div>\n\t\t\t<div class=\"ng-spacing-empty ng-spacing-xs\" style=\"height: 16px\"><\/div>\n\t\t<\/div>\n\t\t\t<div class=\"ng-spacing \">\n\t\t\t<div class=\"ng-spacing-empty ng-spacing-md\" style=\"height: 32px\"><\/div>\n\t\t\t<div class=\"ng-spacing-empty ng-spacing-sm\" style=\"height: 32px\"><\/div>\n\t\t\t<div class=\"ng-spacing-empty ng-spacing-xs\" style=\"height: 16px\"><\/div>\n\t\t<\/div>\n\t[\/vc_column_inner][\/vc_row_inner][\/vc_column][\/vc_row]<\/p>\n<\/div>","protected":false},"excerpt":{"rendered":"<p>[vc_row full_width=&#8221;stretch_row_content_no_spaces&#8221; css=&#8221;.vc_custom_1728633520953{background-image: url(https:\/\/www.aavn.edu.vn\/wp-content\/uploads\/sites\/3\/2024\/10\/2048-x-549-website-banner-Vie.jpg?id=12979) !important;background-position: center !important;background-repeat: no-repeat !important;background-size: cover !important;}&#8221;][vc_column][\/vc_column][\/vc_row][vc_row full_width=&#8221;stretch_row&#8221; content_placement=&#8221;middle&#8221; css=&#8221;.vc_custom_1728374451002{background-color: #00558F !important;}&#8221;][vc_column][vc_row_inner el_class=&#8221;sais-container&#8221; css=&#8221;.vc_custom_1652776073165{margin-top: 24px !important;margin-bottom: 24px !important;}&#8221;][vc_column_inner][vc_custom_heading text=&#8221;Ng\u00e0y h\u1ed9i th\u00f4ng tin&#8221; font_container=&#8221;tag:h2|font_size:56px|text_align:center|color:%23FFFFFF|line_height:64px&#8221; use_theme_fonts=&#8221;yes&#8221;][\/vc_column_inner][\/vc_row_inner][\/vc_column][\/vc_row][vc_row full_width=&#8221;stretch_row&#8221; css=&#8221;.vc_custom_1728371180896{background-color: #FFFFFF !important;}&#8221; el_class=&#8221;aavn-container&#8221;][vc_column][vc_custom_heading text=&#8221;PH\u00c1C TH\u1ea2O T\u01af\u01a0NG LAI CON C\u00d9NG L\u1ed8 TR\u00ccNH AP&#8221; font_container=&#8221;tag:h2|text_align:center|color:%23CE0E2D&#8221; use_theme_fonts=&#8221;yes&#8221;][vc_custom_heading text=&#8221;31\/10\/2024&#8243; font_container=&#8221;tag:h3|text_align:center&#8221; use_theme_fonts=&#8221;yes&#8221;][\/vc_column][\/vc_row][vc_row css=&#8221;.vc_custom_1728371161150{background-color: #FFFFFF !important;}&#8221; el_class=&#8221;bcs-container&#8221;][vc_column][vc_custom_heading text=&#8221;\u0110\u0102NG K\u00dd NGAY&#8221; font_container=&#8221;tag:h3|text_align:center|color:%23CE0E2D&#8221; [&hellip;]<\/p>\n","protected":false},"author":22,"featured_media":12829,"parent":0,"menu_order":0,"comment_status":"closed","ping_status":"closed","template":"redux-templates_full_width","meta":{"_acf_changed":false,"footnotes":""},"class_list":["post-12766","page","type-page","status-publish","has-post-thumbnail","hentry"],"acf":[],"yoast_head":"<!-- This site is optimized with the Yoast SEO plugin v27.3 - https:\/\/yoast.com\/product\/yoast-seo-wordpress\/ -->\n<title>Ng\u00e0y h\u1ed9i th\u00f4ng tin: Ph\u00e1c th\u1ea3o t\u01b0\u01a1ng lai con v\u1edbi l\u1ed9 tr\u00ecnh AP - ISHCMC \u2013 American Academy<\/title>\n<meta name=\"robots\" content=\"index, follow, max-snippet:-1, max-image-preview:large, max-video-preview:-1\" \/>\n<link rel=\"canonical\" href=\"https:\/\/www.aavn.edu.vn\/vi\/ngay-hoi-thong-tin-phac-thao-tuong-lai-con-voi-lo-trinh-ap\/\" \/>\n<meta property=\"og:locale\" content=\"vi_VN\" \/>\n<meta property=\"og:type\" content=\"article\" \/>\n<meta property=\"og:title\" content=\"Ng\u00e0y h\u1ed9i th\u00f4ng tin: Ph\u00e1c th\u1ea3o t\u01b0\u01a1ng lai con v\u1edbi l\u1ed9 tr\u00ecnh AP - ISHCMC \u2013 American Academy\" \/>\n<meta property=\"og:description\" content=\"[vc_row full_width=&#8221;stretch_row_content_no_spaces&#8221; css=&#8221;.vc_custom_1728633520953{background-image: url(https:\/\/www.aavn.edu.vn\/wp-content\/uploads\/sites\/3\/2024\/10\/2048-x-549-website-banner-Vie.jpg?id=12979) !important;background-position: center !important;background-repeat: no-repeat !important;background-size: cover !important;}&#8221;][vc_column][\/vc_column][\/vc_row][vc_row full_width=&#8221;stretch_row&#8221; content_placement=&#8221;middle&#8221; css=&#8221;.vc_custom_1728374451002{background-color: #00558F !important;}&#8221;][vc_column][vc_row_inner el_class=&#8221;sais-container&#8221; css=&#8221;.vc_custom_1652776073165{margin-top: 24px !important;margin-bottom: 24px !important;}&#8221;][vc_column_inner][vc_custom_heading text=&#8221;Ng\u00e0y h\u1ed9i th\u00f4ng tin&#8221; font_container=&#8221;tag:h2|font_size:56px|text_align:center|color:%23FFFFFF|line_height:64px&#8221; use_theme_fonts=&#8221;yes&#8221;][\/vc_column_inner][\/vc_row_inner][\/vc_column][\/vc_row][vc_row full_width=&#8221;stretch_row&#8221; css=&#8221;.vc_custom_1728371180896{background-color: #FFFFFF !important;}&#8221; el_class=&#8221;aavn-container&#8221;][vc_column][vc_custom_heading text=&#8221;PH\u00c1C TH\u1ea2O T\u01af\u01a0NG LAI CON C\u00d9NG L\u1ed8 TR\u00ccNH AP&#8221; font_container=&#8221;tag:h2|text_align:center|color:%23CE0E2D&#8221; use_theme_fonts=&#8221;yes&#8221;][vc_custom_heading text=&#8221;31\/10\/2024&#8243; font_container=&#8221;tag:h3|text_align:center&#8221; use_theme_fonts=&#8221;yes&#8221;][\/vc_column][\/vc_row][vc_row css=&#8221;.vc_custom_1728371161150{background-color: #FFFFFF !important;}&#8221; el_class=&#8221;bcs-container&#8221;][vc_column][vc_custom_heading text=&#8221;\u0110\u0102NG K\u00dd NGAY&#8221; font_container=&#8221;tag:h3|text_align:center|color:%23CE0E2D&#8221; [&hellip;]\" \/>\n<meta property=\"og:url\" content=\"https:\/\/www.aavn.edu.vn\/vi\/ngay-hoi-thong-tin-phac-thao-tuong-lai-con-voi-lo-trinh-ap\/\" \/>\n<meta property=\"og:site_name\" content=\"ISHCMC \u2013 American Academy\" \/>\n<meta property=\"article:publisher\" content=\"https:\/\/www.facebook.com\/ishcmcaa\/\" \/>\n<meta property=\"article:modified_time\" content=\"2025-03-13T09:24:36+00:00\" \/>\n<meta name=\"twitter:card\" content=\"summary_large_image\" \/>\n<meta name=\"twitter:site\" content=\"@aavn_sunbears\" \/>\n<meta name=\"twitter:label1\" content=\"Est. reading time\" \/>\n\t<meta name=\"twitter:data1\" content=\"5 minutes\" \/>\n<!-- \/ Yoast SEO plugin. -->","yoast_head_json":{"title":"Ng\u00e0y h\u1ed9i th\u00f4ng tin: Ph\u00e1c th\u1ea3o t\u01b0\u01a1ng lai con v\u1edbi l\u1ed9 tr\u00ecnh AP - ISHCMC \u2013 American Academy","robots":{"index":"index","follow":"follow","max-snippet":"max-snippet:-1","max-image-preview":"max-image-preview:large","max-video-preview":"max-video-preview:-1"},"canonical":"https:\/\/www.aavn.edu.vn\/vi\/ngay-hoi-thong-tin-phac-thao-tuong-lai-con-voi-lo-trinh-ap\/","og_locale":"vi_VN","og_type":"article","og_title":"Ng\u00e0y h\u1ed9i th\u00f4ng tin: Ph\u00e1c th\u1ea3o t\u01b0\u01a1ng lai con v\u1edbi l\u1ed9 tr\u00ecnh AP - ISHCMC \u2013 American Academy","og_description":"[vc_row full_width=&#8221;stretch_row_content_no_spaces&#8221; css=&#8221;.vc_custom_1728633520953{background-image: url(https:\/\/www.aavn.edu.vn\/wp-content\/uploads\/sites\/3\/2024\/10\/2048-x-549-website-banner-Vie.jpg?id=12979) !important;background-position: center !important;background-repeat: no-repeat !important;background-size: cover !important;}&#8221;][vc_column][\/vc_column][\/vc_row][vc_row full_width=&#8221;stretch_row&#8221; content_placement=&#8221;middle&#8221; css=&#8221;.vc_custom_1728374451002{background-color: #00558F !important;}&#8221;][vc_column][vc_row_inner el_class=&#8221;sais-container&#8221; css=&#8221;.vc_custom_1652776073165{margin-top: 24px !important;margin-bottom: 24px !important;}&#8221;][vc_column_inner][vc_custom_heading text=&#8221;Ng\u00e0y h\u1ed9i th\u00f4ng tin&#8221; font_container=&#8221;tag:h2|font_size:56px|text_align:center|color:%23FFFFFF|line_height:64px&#8221; use_theme_fonts=&#8221;yes&#8221;][\/vc_column_inner][\/vc_row_inner][\/vc_column][\/vc_row][vc_row full_width=&#8221;stretch_row&#8221; css=&#8221;.vc_custom_1728371180896{background-color: #FFFFFF !important;}&#8221; el_class=&#8221;aavn-container&#8221;][vc_column][vc_custom_heading text=&#8221;PH\u00c1C TH\u1ea2O T\u01af\u01a0NG LAI CON C\u00d9NG L\u1ed8 TR\u00ccNH AP&#8221; font_container=&#8221;tag:h2|text_align:center|color:%23CE0E2D&#8221; use_theme_fonts=&#8221;yes&#8221;][vc_custom_heading text=&#8221;31\/10\/2024&#8243; font_container=&#8221;tag:h3|text_align:center&#8221; use_theme_fonts=&#8221;yes&#8221;][\/vc_column][\/vc_row][vc_row css=&#8221;.vc_custom_1728371161150{background-color: #FFFFFF !important;}&#8221; el_class=&#8221;bcs-container&#8221;][vc_column][vc_custom_heading text=&#8221;\u0110\u0102NG K\u00dd NGAY&#8221; font_container=&#8221;tag:h3|text_align:center|color:%23CE0E2D&#8221; [&hellip;]","og_url":"https:\/\/www.aavn.edu.vn\/vi\/ngay-hoi-thong-tin-phac-thao-tuong-lai-con-voi-lo-trinh-ap\/","og_site_name":"ISHCMC \u2013 American Academy","article_publisher":"https:\/\/www.facebook.com\/ishcmcaa\/","article_modified_time":"2025-03-13T09:24:36+00:00","twitter_card":"summary_large_image","twitter_site":"@aavn_sunbears","twitter_misc":{"Est. reading time":"5 minutes"},"schema":{"@context":"https:\/\/schema.org","@graph":[{"@type":"WebPage","@id":"https:\/\/www.aavn.edu.vn\/vi\/ngay-hoi-thong-tin-phac-thao-tuong-lai-con-voi-lo-trinh-ap\/","url":"https:\/\/www.aavn.edu.vn\/vi\/ngay-hoi-thong-tin-phac-thao-tuong-lai-con-voi-lo-trinh-ap\/","name":"Ng\u00e0y h\u1ed9i th\u00f4ng tin: Ph\u00e1c th\u1ea3o t\u01b0\u01a1ng lai con v\u1edbi l\u1ed9 tr\u00ecnh AP - ISHCMC \u2013 American Academy","isPartOf":{"@id":"https:\/\/www.aavn.edu.vn\/vi\/#website"},"primaryImageOfPage":{"@id":"https:\/\/www.aavn.edu.vn\/vi\/ngay-hoi-thong-tin-phac-thao-tuong-lai-con-voi-lo-trinh-ap\/#primaryimage"},"image":{"@id":"https:\/\/www.aavn.edu.vn\/vi\/ngay-hoi-thong-tin-phac-thao-tuong-lai-con-voi-lo-trinh-ap\/#primaryimage"},"thumbnailUrl":"","datePublished":"2024-10-09T02:30:21+00:00","dateModified":"2025-03-13T09:24:36+00:00","breadcrumb":{"@id":"https:\/\/www.aavn.edu.vn\/vi\/ngay-hoi-thong-tin-phac-thao-tuong-lai-con-voi-lo-trinh-ap\/#breadcrumb"},"inLanguage":"vi-VN","potentialAction":[{"@type":"ReadAction","target":["https:\/\/www.aavn.edu.vn\/vi\/ngay-hoi-thong-tin-phac-thao-tuong-lai-con-voi-lo-trinh-ap\/"]}]},{"@type":"ImageObject","inLanguage":"vi-VN","@id":"https:\/\/www.aavn.edu.vn\/vi\/ngay-hoi-thong-tin-phac-thao-tuong-lai-con-voi-lo-trinh-ap\/#primaryimage","url":"","contentUrl":""},{"@type":"BreadcrumbList","@id":"https:\/\/www.aavn.edu.vn\/vi\/ngay-hoi-thong-tin-phac-thao-tuong-lai-con-voi-lo-trinh-ap\/#breadcrumb","itemListElement":[{"@type":"ListItem","position":1,"name":"Home","item":"https:\/\/www.aavn.edu.vn\/vi\/"},{"@type":"ListItem","position":2,"name":"Ng\u00e0y h\u1ed9i th\u00f4ng tin: Ph\u00e1c th\u1ea3o t\u01b0\u01a1ng lai con v\u1edbi l\u1ed9 tr\u00ecnh AP"}]},{"@type":"WebSite","@id":"https:\/\/www.aavn.edu.vn\/vi\/#website","url":"https:\/\/www.aavn.edu.vn\/vi\/","name":"ISHCMC \u2013 American Academy","description":"A leading American-curriculum secondary school in HCMC","publisher":{"@id":"https:\/\/www.aavn.edu.vn\/vi\/#organization"},"potentialAction":[{"@type":"SearchAction","target":{"@type":"EntryPoint","urlTemplate":"https:\/\/www.aavn.edu.vn\/vi\/?s={search_term_string}"},"query-input":{"@type":"PropertyValueSpecification","valueRequired":true,"valueName":"search_term_string"}}],"inLanguage":"vi-VN"},{"@type":"Organization","@id":"https:\/\/www.aavn.edu.vn\/vi\/#organization","name":"ISHCMC \u2013 American Academy","url":"https:\/\/www.aavn.edu.vn\/vi\/","logo":{"@type":"ImageObject","inLanguage":"vi-VN","@id":"https:\/\/www.aavn.edu.vn\/vi\/#\/schema\/logo\/image\/","url":"https:\/\/www.aavn.edu.vn\/wp-content\/uploads\/sites\/21\/2022\/03\/1744709931696.jpg","contentUrl":"https:\/\/www.aavn.edu.vn\/wp-content\/uploads\/sites\/21\/2022\/03\/1744709931696.jpg","width":"800","height":"729","caption":"ISHCMC \u2013 American Academy"},"image":{"@id":"https:\/\/www.aavn.edu.vn\/vi\/#\/schema\/logo\/image\/"},"sameAs":["https:\/\/www.facebook.com\/ishcmcaa\/","https:\/\/x.com\/aavn_sunbears","https:\/\/www.youtube.com\/c\/ishcmcamericanacademy","https:\/\/www.instagram.com\/aavnsunbears\/"]}]}},"jetpack_sharing_enabled":true,"_links":{"self":[{"href":"https:\/\/www.aavn.edu.vn\/vi\/wp-json\/wp\/v2\/pages\/12766","targetHints":{"allow":["GET"]}}],"collection":[{"href":"https:\/\/www.aavn.edu.vn\/vi\/wp-json\/wp\/v2\/pages"}],"about":[{"href":"https:\/\/www.aavn.edu.vn\/vi\/wp-json\/wp\/v2\/types\/page"}],"author":[{"embeddable":true,"href":"https:\/\/www.aavn.edu.vn\/vi\/wp-json\/wp\/v2\/users\/22"}],"replies":[{"embeddable":true,"href":"https:\/\/www.aavn.edu.vn\/vi\/wp-json\/wp\/v2\/comments?post=12766"}],"version-history":[{"count":1,"href":"https:\/\/www.aavn.edu.vn\/vi\/wp-json\/wp\/v2\/pages\/12766\/revisions"}],"predecessor-version":[{"id":16793,"href":"https:\/\/www.aavn.edu.vn\/vi\/wp-json\/wp\/v2\/pages\/12766\/revisions\/16793"}],"wp:featuredmedia":[{"embeddable":true,"href":"https:\/\/www.aavn.edu.vn\/vi\/wp-json\/"}],"wp:attachment":[{"href":"https:\/\/www.aavn.edu.vn\/vi\/wp-json\/wp\/v2\/media?parent=12766"}],"curies":[{"name":"wp","href":"https:\/\/api.w.org\/{rel}","templated":true}]}}