{"id":22654,"date":"2025-12-15T13:39:30","date_gmt":"2025-12-15T06:39:30","guid":{"rendered":"https:\/\/www.aavn.edu.vn\/tet-bazaar-2026\/"},"modified":"2026-01-14T16:35:10","modified_gmt":"2026-01-14T09:35:10","slug":"tet-bazaar-vi-2026","status":"publish","type":"page","link":"https:\/\/www.aavn.edu.vn\/vi\/tet-bazaar-vi-2026\/","title":{"rendered":"Tet Bazaar 2026 VI"},"content":{"rendered":"<div class=\"wpb-content-wrapper\"><p>[vc_row full_width=&#8221;stretch_row_content_no_spaces&#8221; css=&#8221;.vc_custom_1766472789475{background-image: url(https:\/\/www.aavn.edu.vn\/wp-content\/uploads\/sites\/21\/2025\/12\/2048-x-509-100.jpg?id=22633) !important;background-position: center !important;background-repeat: no-repeat !important;background-size: cover !important;}&#8221;][vc_column]\t\t<div class=\"ng-spacing \">\n\t\t\t<div class=\"ng-spacing-empty ng-spacing-md\" style=\"height: 450px\"><\/div>\n\t\t\t<div class=\"ng-spacing-empty ng-spacing-sm\" style=\"height: 360px\"><\/div>\n\t\t\t<div class=\"ng-spacing-empty ng-spacing-xs\" style=\"height: 240px\"><\/div>\n\t\t<\/div>\n\t[\/vc_column][\/vc_row][vc_row css=&#8221;.vc_custom_1728371161150{background-color: #FFFFFF !important;}&#8221; el_class=&#8221;bcs-container&#8221;][vc_column]\t\t<div class=\"ng-spacing \">\n\t\t\t<div class=\"ng-spacing-empty ng-spacing-md\" style=\"height: 30px\"><\/div>\n\t\t\t<div class=\"ng-spacing-empty ng-spacing-sm\" style=\"height: 30px\"><\/div>\n\t\t\t<div class=\"ng-spacing-empty ng-spacing-xs\" style=\"height: 30px\"><\/div>\n\t\t<\/div>\n\t[vc_custom_heading text=&#8221;H\u1ed9i T\u1ebft Y\u00eau Th\u01b0\u01a1ng 2026&#8243; font_container=&#8221;tag:h3|text_align:center|color:%23ED1B2F&#8221; use_theme_fonts=&#8221;yes&#8221; css=&#8221;&#8221;][vc_row_inner el_class=&#8221;aavn-container&#8221;][vc_column_inner][vc_column_text css=&#8221;&#8221;]H\u00e3y c\u00f9ng ISHCMC &#8211; American Academy ch\u00e0o \u0111\u00f3n <strong>H\u1ed9i T\u1ebft Y\u00eau Th\u01b0\u01a1ng 2026<\/strong>, m\u1ed9t ho\u1ea1t \u0111\u1ed9ng c\u1ed9ng \u0111\u1ed3ng \u1ea5m \u00e1p v\u00e0 \u0111\u1ea7y \u00fd ngh\u0129a, n\u01a1i ni\u1ec1m vui ng\u00e0y T\u1ebft v\u00e0 nh\u1eefng gi\u00e1 tr\u1ecb s\u1ebb chia \u0111\u01b0\u1ee3c lan t\u1ecfa. T\u1ea1i ng\u00e0y h\u1ed9i, gia \u0111\u00ecnh v\u00e0 h\u1ecdc sinh s\u1ebd c\u00f3 c\u01a1 h\u1ed9i kh\u00e1m ph\u00e1 c\u00e1c <strong>gian h\u00e0ng garage sale, tr\u1ea3i nghi\u1ec7m v\u0103n h\u00f3a truy\u1ec1n th\u1ed1ng, tham gia ho\u1ea1t \u0111\u1ed9ng th\u1ee7 c\u00f4ng, th\u01b0\u1edfng th\u1ee9c \u1ea9m th\u1ef1c truy\u1ec1n th\u1ed1ng v\u00e0 g\u00f3p m\u1eb7t trong phi\u00ean \u0111\u1ea5u gi\u00e1 g\u00e2y qu\u1ef9 \u0111\u1ea7y \u00fd ngh\u0129a.<\/strong><\/p>\n<p>Kh\u00f4ng \u0111\u01a1n thu\u1ea7n l\u00e0 m\u1ed9t d\u1ecbp chuy\u1ec3n giao trong v\u0103n ho\u00e1 \u00c1 \u0110\u00f4ng, T\u1ebft c\u00f2n l\u00e0 d\u1ecbp \u0111\u1ec3 tri \u00e2n, sum v\u1ea7y v\u00e0 gieo nh\u1eefng m\u1ea7m hy v\u1ecdng t\u01b0\u01a1i s\u00e1ng cho h\u00e0nh tr\u00ecnh ph\u00eda tr\u01b0\u1edbc. N\u0103m nay, tinh th\u1ea7n \u1ea5y s\u1ebd \u0111\u01b0\u1ee3c lan to\u1ea3 m\u1ea1nh m\u1ebd h\u01a1n khi c\u1ed9ng \u0111\u1ed3ng ISHCMC &#8211; American Academy c\u00f9ng chung tay \u0111\u1ed3ng h\u00e0nh c\u00f9ng <strong>Anh Ch\u1ecb Em &#8211; t\u1ed5 ch\u1ee9c phi l\u1ee3i nhu\u1eadn h\u1ed7 tr\u1ee3 tr\u1ebb em<\/strong>, gia \u0111\u00ecnh v\u00e0 c\u1ed9ng \u0111\u1ed3ng c\u00f3 ho\u00e0n c\u1ea3nh kh\u00f3 kh\u0103n t\u1ea1i Vi\u1ec7t Nam. <strong>To\u00e0n b\u1ed9 s\u1ed1 ti\u1ec1n g\u00e2y qu\u1ef9 s\u1ebd \u0111\u01b0\u1ee3c \u0111\u00f3ng g\u00f3p cho Anh Ch\u1ecb Em<\/strong>, nh\u1eb1m chung tay hi\u1ec7n th\u1ef1c h\u00f3a d\u1ef1 \u00e1n x\u00e2y d\u1ef1ng 100 c\u0103n nh\u00e0 t\u1ea1i v\u00f9ng n\u00fai Tr\u00e0 B\u1ed3ng, \u0111\u1ec3 nh\u1eefng s\u1ebb chia c\u1ee7a c\u1ed9ng \u0111\u1ed3ng ISHCMC-AA ng\u00e0y h\u00f4m nay tr\u1edf th\u00e0nh nh\u1eefng gi\u00e1 tr\u1ecb b\u1ec1n v\u1eefng, c\u00f3 \u00fd ngh\u0129a cho h\u00e0nh tr\u00ecnh ph\u00eda tr\u01b0\u1edbc.[\/vc_column_text][\/vc_column_inner][\/vc_row_inner][vc_custom_heading text=&#8221;Th\u00f4ng tin S\u1ef1 ki\u1ec7n&#8221; font_container=&#8221;tag:h3|text_align:center|color:%23ED1B2F&#8221; use_theme_fonts=&#8221;yes&#8221; css=&#8221;&#8221;][vc_column_text css=&#8221;.vc_custom_1767687287081{background-color: #FFFFFF !important;}&#8221;]<\/p>\n<ul>\n<li><strong>Ng\u00e0y:<\/strong> Th\u1ee9 B\u1ea3y, ng\u00e0y 31 th\u00e1ng 01 n\u0103m 2026<\/li>\n<li><strong>Th\u1eddi gian:<\/strong> <span style=\"font-weight: 400;\">9:00 AM \u2013 12:00 PM<\/span><\/li>\n<li><strong>\u0110\u1ecba \u0111i\u1ec3m:<\/strong> ISHCMC &#8211; American Academy, 16 V\u00f5 Tr\u01b0\u1eddng To\u1ea3n, ph\u01b0\u1eddng An Kh\u00e1nh, Th\u00e0nh ph\u1ed1 H\u1ed3 Ch\u00ed Minh<\/li>\n<\/ul>\n<p>[\/vc_column_text][vc_custom_heading text=&#8221;Nh\u1eefng \u0111i\u1ec1u \u0111\u1eb7c bi\u1ec7t t\u1ea1i Ng\u00e0y h\u1ed9i&#8221; font_container=&#8221;tag:h3|text_align:center|color:%23ED1B2F&#8221; use_theme_fonts=&#8221;yes&#8221; css=&#8221;&#8221;][vc_column_text css=&#8221;&#8221;]H\u1ed9i T\u1ebft y\u00eau th\u01b0\u01a1ng l\u00e0 m\u1ed9t s\u1ef1 ki\u1ec7n \u1ea5m \u00e1p, th\u00e2n thi\u1ec7n v\u1edbi gia \u0111\u00ecnh, n\u01a1i c\u1ed9ng \u0111\u1ed3ng c\u00f9ng nhau sum v\u1ea7y t\u1eadn h\u01b0\u1edfng nh\u1eefng gi\u00e1 tr\u1ecb ng\u00e0y T\u1ebft v\u00e0 lan t\u1ecfa tinh th\u1ea7n s\u1ebb chia. Ho\u1ea1t \u0111\u1ed9ng \u0111\u01b0\u1ee3c l\u00ean \u00fd t\u01b0\u1edfng v\u00e0 t\u1ed5 ch\u1ee9c b\u1edfi ch\u00ednh c\u00e1c em h\u1ecdc sinh, kh\u00f4ng ch\u1ec9 mang \u0111\u1ebfn kh\u00f4ng kh\u00ed T\u1ebft r\u1ed9n r\u00e0ng m\u00e0 c\u00f2n l\u00e0 m\u1ed9t d\u1ecbp \u0111\u1ec3 m\u1ed7i c\u00e1 nh\u00e2n c\u00f9ng chung tay \u0111\u00f3ng g\u00f3p cho m\u1ed9t m\u1ee5c ti\u00eau \u00fd ngh\u0129a. Trong ng\u00e0y h\u1ed9i, b\u1ea1n s\u1ebd \u0111\u01b0\u1ee3c tr\u1ea3i nghi\u1ec7m:[\/vc_column_text]\t\t\t<div class=\"ng-body-component ng-body-component-image-right element-btn-class element-btn-class\" style = \"max-width:1144px\">\n\t\t\t<div class=\"row\">\n\t\t\t\t<div class=\"col-md-6 col-sm-12 col-12\" style=\"display: flex; align-items: top;\">\n\t\t\t\t\t<div class=\"mt-5 mr-3 ng-text-default\">\n\t\t\t\t\t\t\t\t\t\t\t\t\t<h2 class=\"ng-body-component-title\">Gian h\u00e0ng Garage Sales (Ch\u1ee3 \u0111\u1ed3 c\u0169 g\u00e2y qu\u1ef9)<\/h2>\n\t\t\t\t\t\t\t\t\t\t\t\t<p class=\"bg-color-primary mt-3 body-component-line\"><\/p>\n\t\t\t\t\t\t\t\t\t\t\t\t\t<div class=\"mt-2 ng-body-component-content\">\n                            \t<p>Nh\u1eefng m\u00f3n \u0111\u1ed3 \u0111\u00e3 qua s\u1eed d\u1ee5ng, nh\u1eefng \u201ckho b\u00e1u nh\u1ecf\u201d, \u0111\u01b0\u1ee3c trao g\u1eedi b\u1eb1ng s\u1ef1 tr\u00e2n tr\u1ecdng. N\u01a1i m\u00f3n \u0111\u1ed3 c\u0169 t\u00ecm th\u1ea5y gi\u00e1 tr\u1ecb m\u1edbi, v\u00e0 s\u1ef1 s\u1ebb chia tr\u1edf th\u00e0nh \u0111i\u1ec1u \u00fd ngh\u0129a. Ch\u00fang t\u00f4i ch\u00e0o \u0111\u00f3n c\u00e1c gian h\u00e0ng: th\u1eddi trang v\u00e0 ph\u1ee5 ki\u1ec7n, \u0111\u1ed3 gia d\u1ee5ng, s\u00e1ch, c\u00e1c v\u1eadt d\u1ee5ng trang tr\u00ed th\u00e2n thi\u1ec7n v\u1edbi m\u00f4i tr\u01b0\u1eddng, nh\u1eefng m\u00f3n qu\u00e0 tinh t\u1ebf v\u00e0 gi\u00e0u \u00fd ngh\u0129a. To\u00e0n b\u1ed9 s\u1ed1 ti\u1ec1n g\u00e2y qu\u1ef9 t\u1eeb ho\u1ea1t \u0111\u1ed9ng n\u00e0y s\u1ebd ti\u1ebfp th\u00eam ngu\u1ed3n l\u1ef1c cho nh\u1eefng d\u1ef1 \u00e1n nh\u00e2n v\u0103n c\u1ee7a Anh Ch\u1ecb Em.<\/p>\n                            <\/div>\n\t\t\t\t\t\t                        <a class=\"mt-2 btn btn-outline-secondary text-uppercase font-weight-bold ng-body-component-button\" href=\"https:\/\/forms.gle\/z13U1nqvg4T9ai6U9\">\u0110\u0102NG K\u00dd NGAY<\/a>\n\t\t\t\t\t<\/div>\n\t\t\t\t<\/div>\n\t\t\t\t<div class=\"col-md-6 col-sm-12 col-12\">\n\t\t\t\t\t<div class=\"ng-body-component-image\">\n\t\t\t\t\t\t<img loading=\"lazy\" decoding=\"async\" width=\"640\" height=\"484\" src=\"https:\/\/www.aavn.edu.vn\/wp-content\/uploads\/sites\/21\/2025\/12\/090A4980_bfd553.jpg?w=640\" class=\"body-component-image rounder-8\" alt=\"\" \/>\t\t\t\t\t<\/div>\n\t\t\t\t<\/div>\n\t\t\t\t\n\t\t\t<\/div>\n\t\t<\/div>\n\t\t<style>\n\t\t.ng-body-component .ng-text-default {\n\t\t\tpadding-top: 0;\n\t\t}\n\t\t.ng-body-component .ng-body-component-title{\n\t\t\tfont-size:; \n\t\t\tline-height: ;\n\t\t}\n\t\t.ng-body-component .ng-body-component-title{\n\t\t\tcolor: #161B42;\n\t\t}\n\t\t@media (max-width: 1024px) {\n\t\t\t.ng-body-component .ng-body-component-title{\n\t\t\t\tfont-size:; \n\t\t\t\tline-height: ;\n\t\t\t}\n\t\t}\n\t\t@media (max-width: 767px) {\n\t\t\t.ng-body-component .ng-body-component-title{\n\t\t\t\tfont-size:; \n\t\t\t\tline-height: ;\n\t\t\t}\n\t\t}\n\t<\/style>\n\t\t\t<div class=\"ng-spacing \">\n\t\t\t<div class=\"ng-spacing-empty ng-spacing-md\" style=\"height: 30px\"><\/div>\n\t\t\t<div class=\"ng-spacing-empty ng-spacing-sm\" style=\"height: 30px\"><\/div>\n\t\t\t<div class=\"ng-spacing-empty ng-spacing-xs\" style=\"height: 30px\"><\/div>\n\t\t<\/div>\n\t\t\t\t<div class=\"ng-body-component ng-body-component-image-left element-btn-class element-btn-class\" style = \"max-width:1144px\">\n\t\t\t<div class=\"row\">\n                <div class=\"col-md-6 col-sm-12 col-12\">\n\t\t\t\t\t<div class=\"ng-body-component-image\">\n\t\t\t\t\t\t<img loading=\"lazy\" decoding=\"async\" width=\"640\" height=\"528\" src=\"https:\/\/www.aavn.edu.vn\/wp-content\/uploads\/sites\/21\/2025\/12\/600180215_1343380261138998_9094319255571963152_n.jpg?w=640\" class=\"body-component-image rounder-8\" alt=\"\" \/>\t\t\t\t\t<\/div>\n\t\t\t\t<\/div>\n\t\t\t\t<div class=\"col-md-6 col-sm-12 col-12\" style=\"display: flex; align-items: top;\">\n\t\t\t\t\t<div class=\"mt-5 ng-text-default\">\n\t\t\t\t\t\t\t\t\t\t\t\t\t<h2 class=\"ng-body-component-title\">Phi\u00ean \u0110\u1ea5u gi\u00e1<\/h2>\n\t\t\t\t\t\t\t\t\t\t\t\t<p class=\"bg-color-primary mt-3 body-component-line\"><\/p>\n\t\t\t\t\t\t\t\t\t\t\t\t\t<div class=\"mt-2 ng-body-component-content\">\n\t\t\t\t\t\t\t\t<p>Phi\u00ean \u0111\u1ea5u gi\u00e1 thi\u1ec7n nguy\u1ec7n v\u1edbi nh\u1eefng v\u1eadt ph\u1ea9m, m\u00f3n \u0111\u1ed3 kh\u00f4ng ch\u1ec9 mang gi\u00e1 tr\u1ecb th\u1ea9m m\u1ef9, m\u00e0 c\u00f2n ch\u1ee9a \u0111\u1ef1ng c\u00e2u chuy\u1ec7n, v\u00e0 t\u00e2m huy\u1ebft c\u1ee7a c\u1ed9ng \u0111\u1ed3ng ISHCMC-AA. To\u00e0n b\u1ed9 s\u1ed1 ti\u1ec1n thu \u0111\u01b0\u1ee3c t\u1eeb phi\u00ean \u0111\u1ea5u gi\u00e1 s\u1ebd \u0111\u01b0\u1ee3c \u0111\u00f3ng g\u00f3p tr\u1ef1c ti\u1ebfp cho m\u1ee5c ti\u00eau g\u00e2y qu\u1ef9. \u0110i\u1ec3m nh\u1ea5n c\u1ee7a phi\u00ean \u0111\u1ea5u gi\u00e1 n\u0103m nay bao g\u1ed3m:<\/p>\n<ul>\n<li>C\u00e1c t\u00e1c ph\u1ea9m g\u1ed1m th\u1ee7 c\u00f4ng nh\u01b0 \u0111\u1ed3ng h\u1ed3, b\u00ecnh hoa, \u0111\u1ed3 trang tr\u00ed, \u0111\u01b0\u1ee3c ch\u00ednh tay c\u00e1c em h\u1ecdc sinh trong C\u00e2u l\u1ea1c b\u1ed9 G\u1ed1m ch\u1ebf t\u00e1c.<\/li>\n<li>N\u00f3n l\u00e1 truy\u1ec1n th\u1ed1ng, mang \u0111\u1eadm d\u1ea5u \u1ea5n v\u0103n h\u00f3a Vi\u1ec7t, \u0111\u01b0\u1ee3c th\u1ef1c hi\u1ec7n v\u00e0 \u0111\u00f3ng g\u00f3p b\u1edfi c\u00e1c qu\u00fd Ph\u1ee5 huynh.<\/li>\n<\/ul>\n                            <\/div>\n\t\t\t\t\t\t\t\t\t\t\t\t<a class=\"mt-2 btn btn-outline-secondary text-uppercase font-weight-bold ng-body-component-button\" href=\"https:\/\/forms.gle\/z13U1nqvg4T9ai6U9\">\u0110\u0102NG K\u00dd NGAY<\/a>\n\t\t\t\t\t<\/div>\n\t\t\t\t<\/div>\n\t\t\t\t\n\t\t\t<\/div>\n\t\t<\/div>\n\t\t<style>\n\t\t.ng-body-component .ng-text-default {\n\t\t\tpadding-top: 0;\n\t\t}\n\t\t.ng-body-component .ng-body-component-title{\n\t\t\tfont-size:; \n\t\t\tline-height: ;\n\t\t}\n\t\t.ng-body-component .ng-body-component-title{\n\t\t\tcolor: #161B42;\n\t\t}\n\t\t@media (max-width: 1024px) {\n\t\t\t.ng-body-component .ng-body-component-title{\n\t\t\t\tfont-size:; \n\t\t\t\tline-height: ;\n\t\t\t}\n\t\t}\n\t\t@media (max-width: 767px) {\n\t\t\t.ng-body-component .ng-body-component-title{\n\t\t\t\tfont-size:; \n\t\t\t\tline-height: ;\n\t\t\t}\n\t\t}\n\t<\/style>\n\t\t\t<div class=\"ng-spacing \">\n\t\t\t<div class=\"ng-spacing-empty ng-spacing-md\" style=\"height: 30px\"><\/div>\n\t\t\t<div class=\"ng-spacing-empty ng-spacing-sm\" style=\"height: 30px\"><\/div>\n\t\t\t<div class=\"ng-spacing-empty ng-spacing-xs\" style=\"height: 30px\"><\/div>\n\t\t<\/div>\n\t\t\t\t<div class=\"ng-body-component ng-body-component-image-right element-btn-class element-btn-class\" style = \"max-width:1144px\">\n\t\t\t<div class=\"row\">\n\t\t\t\t<div class=\"col-md-6 col-sm-12 col-12\" style=\"display: flex; align-items: top;\">\n\t\t\t\t\t<div class=\"mt-5 mr-3 ng-text-default\">\n\t\t\t\t\t\t\t\t\t\t\t\t\t<h2 class=\"ng-body-component-title\">Gian h\u00e0ng tr\u1ea3i nghi\u1ec7m<\/h2>\n\t\t\t\t\t\t\t\t\t\t\t\t<p class=\"bg-color-primary mt-3 body-component-line\"><\/p>\n\t\t\t\t\t\t\t\t\t\t\t\t\t<div class=\"mt-2 ng-body-component-content\">\n                            \t<p>Mang kh\u00f4ng kh\u00ed ng\u00e0y T\u1ebft \u0111\u1ebfn v\u1edbi ISHCMC-AA b\u1eb1ng nh\u1eefng gian h\u00e0ng \u0111\u1eadm s\u1eafc xu\u00e2n, n\u01a1i giao thoa c\u1ee7a s\u1eafc m\u00e0u, thanh \u00e2m v\u00e0 c\u1ea3 nh\u1eefng h\u01b0\u01a1ng v\u1ecb \u0111\u1eb7c tr\u01b0ng nh\u1ea5t: nh\u1eefng m\u00f3n ngon ng\u00e0y T\u1ebft, ho\u1ea1t \u0111\u1ed9ng th\u1ee7 c\u00f4ng s\u00e1ng t\u1ea1o, tr\u1ea3i nghi\u1ec7m vui ch\u01a1ii d\u00e0nh cho c\u1ea3 gia \u0111\u00ecnh.<\/p>\n                            <\/div>\n\t\t\t\t\t\t                        <a class=\"mt-2 btn btn-outline-secondary text-uppercase font-weight-bold ng-body-component-button\" href=\"https:\/\/forms.gle\/z13U1nqvg4T9ai6U9\">\u0110\u0102NG K\u00dd NGAY<\/a>\n\t\t\t\t\t<\/div>\n\t\t\t\t<\/div>\n\t\t\t\t<div class=\"col-md-6 col-sm-12 col-12\">\n\t\t\t\t\t<div class=\"ng-body-component-image\">\n\t\t\t\t\t\t<img loading=\"lazy\" decoding=\"async\" width=\"640\" height=\"427\" src=\"https:\/\/www.aavn.edu.vn\/wp-content\/uploads\/sites\/21\/2025\/12\/090A4664.jpg?w=640\" class=\"body-component-image rounder-8\" alt=\"\" \/>\t\t\t\t\t<\/div>\n\t\t\t\t<\/div>\n\t\t\t\t\n\t\t\t<\/div>\n\t\t<\/div>\n\t\t<style>\n\t\t.ng-body-component .ng-text-default {\n\t\t\tpadding-top: 0;\n\t\t}\n\t\t.ng-body-component .ng-body-component-title{\n\t\t\tfont-size:; \n\t\t\tline-height: ;\n\t\t}\n\t\t.ng-body-component .ng-body-component-title{\n\t\t\tcolor: #161B42;\n\t\t}\n\t\t@media (max-width: 1024px) {\n\t\t\t.ng-body-component .ng-body-component-title{\n\t\t\t\tfont-size:; \n\t\t\t\tline-height: ;\n\t\t\t}\n\t\t}\n\t\t@media (max-width: 767px) {\n\t\t\t.ng-body-component .ng-body-component-title{\n\t\t\t\tfont-size:; \n\t\t\t\tline-height: ;\n\t\t\t}\n\t\t}\n\t<\/style>\n\t\t\t<div class=\"ng-spacing \">\n\t\t\t<div class=\"ng-spacing-empty ng-spacing-md\" style=\"height: 30px\"><\/div>\n\t\t\t<div class=\"ng-spacing-empty ng-spacing-sm\" style=\"height: 30px\"><\/div>\n\t\t\t<div class=\"ng-spacing-empty ng-spacing-xs\" style=\"height: 30px\"><\/div>\n\t\t<\/div>\n\t[vc_custom_heading text=&#8221;\u0110\u00f3n T\u1ebft c\u00f9ng ISHCMC t\u1ea1i H\u1ed9i T\u1ebft Y\u00eau th\u01b0\u01a1ng 2026!&#8221; font_container=&#8221;tag:h3|text_align:center|color:%23ED1B2F&#8221; use_theme_fonts=&#8221;yes&#8221; css=&#8221;&#8221;][vc_column_text css=&#8221;&#8221;]H\u00e3y \u0111\u1ebfn \u0111\u1ec3 c\u00f9ng \u0111\u00f3n T\u1ebft trong kh\u00f4ng kh\u00ed sum v\u1ea7y v\u00e0 \u1ee7ng h\u1ed9 s\u00e1ng ki\u1ebfn do ch\u00ednh c\u00e1c em h\u1ecdc sinh kh\u1edfi x\u01b0\u1edbng v\u00e0 tr\u1edf th\u00e0nh m\u1ed9t ph\u1ea7n c\u1ee7a h\u00e0nh tr\u00ecnh s\u1ebb chia \u0111\u1ea7y \u00fd ngh\u0129a. <strong>\u0110\u1eb7c bi\u1ec7t, t\u1ea5t c\u1ea3 nh\u1eefng ng\u01b0\u1eddi tham d\u1ef1 c\u00f3 trong danh s\u00e1ch \u0111\u0103ng k\u00fd s\u1ebd c\u00f3 c\u01a1 h\u1ed9i nh\u1eadn \u0111\u01b0\u1ee3c Ph\u1ea7n Qu\u00e0 gi\u00e1 tr\u1ecb \u0111\u1ebfn t\u1eeb ch\u01b0\u01a1ng tr\u00ecnh B\u1ed1c Th\u0103m May M\u1eafn trong H\u1ed9i T\u1ebft c\u1ee7a ch\u00fang t\u00f4i.<\/strong> \u0110\u0103ng k\u00fd ngay \u0111\u1ec3 kh\u00f4ng b\u1ecf l\u1ee1 c\u01a1 h\u1ed9i nh\u1eadn ph\u1ea7n qu\u00e0 \u00fd ngh\u0129a trong kh\u00f4ng kh\u00ed \u0111\u00f3n T\u1ebft r\u1ed9n r\u00e0ng.[\/vc_column_text][vc_btn title=&#8221;\u0110\u0102NG K\u00dd S\u1ef0 KI\u1ec6N&#8221; color=&#8221;danger&#8221; align=&#8221;center&#8221; css=&#8221;&#8221; link=&#8221;url:https%3A%2F%2Fforms.gle%2Fz13U1nqvg4T9ai6U9|target:_blank&#8221;][vc_column_text css=&#8221;&#8221;]<strong>B\u1ea1n mu\u1ed1n \u0111\u0103ng k\u00fd gian h\u00e0ng?<\/strong><\/p>\n<p>N\u1ebfu b\u1ea1n ho\u1eb7c ng\u01b0\u1eddi th\u00e2n, b\u1ea1n b\u00e8 mong mu\u1ed1n \u0111\u1ed3ng h\u00e0nh c\u00f9ng ch\u01b0\u01a1ng tr\u00ecnh th\u00f4ng qua vi\u1ec7c t\u1ed5 ch\u1ee9c gian h\u00e0ng, vui l\u00f2ng ho\u00e0n t\u1ea5t Bi\u1ec3u m\u1eabu \u0111\u0103ng k\u00fd tham gia tr\u01b0\u1edbc <strong>18:00, Th\u1ee9 S\u00e1u \u2013 ng\u00e0y 9 th\u00e1ng 01 n\u0103m 2026. <\/strong>S\u1ed1 l\u01b0\u1ee3ng gian h\u00e0ng c\u00f3 h\u1ea1n v\u00e0 s\u1ebd \u0111\u01b0\u1ee3c x\u00e1c nh\u1eadn d\u1ef1a tr\u00ean kh\u1ea3 n\u0103ng ti\u1ebfp nh\u1eadn c\u1ee7a ch\u01b0\u01a1ng tr\u00ecnh. <strong>Mi\u1ec5n ph\u00ed ph\u00ed gian h\u00e0ng d\u00e0nh cho c\u00e1c th\u00e0nh vi\u00ean c\u1ed9ng \u0111\u1ed3ng ISHCMC-AA (ph\u1ee5 huynh, h\u1ecdc sinh v\u00e0 c\u1ef1u h\u1ecdc sinh).<\/strong> Ch\u00fang t\u00f4i mong mu\u1ed1n to\u00e0n b\u1ed9 doanh thu \u0111\u01b0\u1ee3c d\u00e0nh tr\u1ecdn cho h\u00e0nh tr\u00ecnh thi\u1ec7n nguy\u1ec7n. \u0110\u1ed1i v\u1edbi \u0111\u01a1n v\u1ecb ngo\u00e0i c\u1ed9ng \u0111\u1ed3ng ISHCMC-AA, ph\u00ed gian h\u00e0ng l\u00e0 1.000.000VND\/gian.[\/vc_column_text][vc_btn title=&#8221;\u0110\u0102NG K\u00dd GIAN H\u00c0NG&#8221; color=&#8221;danger&#8221; align=&#8221;center&#8221; css=&#8221;&#8221; link=&#8221;url:https%3A%2F%2Fdocs.google.com%2Fforms%2Fd%2Fe%2F1FAIpQLSfiZIGsk7GLsx_V7-26MZKVXJf39dEonedyjXkkewfyfa8ImA%2Fviewform|target:_blank|&#8221;][vc_column_text css=&#8221;&#8221;]Ch\u00fang t\u00f4i mong mu\u1ed1n \u0111\u01b0\u1ee3c ch\u00e0o \u0111\u00f3n gia \u0111\u00ecnh, h\u1ecdc sinh v\u00e0 b\u1ea1n b\u00e8 \u0111\u1ebfn c\u00f9ng nhau t\u1ea1o n\u00ean m\u1ed9t ng\u00e0y h\u1ed9i T\u1ebft tr\u1ecdn v\u1eb9n, n\u01a1i ni\u1ec1m vui lu\u00f4n song h\u00e0nh c\u00f9ng tinh th\u1ea7n s\u1ebb chia. H\u00e3y c\u00f9ng kh\u1edfi \u0111\u1ea7u T\u1ebft \u00e2m l\u1ecbch B\u00ednh Ng\u1ecd 2026 b\u1eb1ng l\u00f2ng nh\u00e2n \u00e1i, s\u1ef1 t\u1eed t\u1ebf c\u00f9ng nh\u1eefng hy v\u1ecdng m\u1edbi \u0111\u01b0\u1ee3c th\u1eafp l\u00ean t\u1eeb c\u1ed9ng \u0111\u1ed3ng ISHCMC\u2013AA.[\/vc_column_text][\/vc_column][\/vc_row]<\/p>\n<\/div>","protected":false},"excerpt":{"rendered":"<p>[vc_row full_width=&#8221;stretch_row_content_no_spaces&#8221; css=&#8221;.vc_custom_1766472789475{background-image: url(https:\/\/www.aavn.edu.vn\/wp-content\/uploads\/sites\/21\/2025\/12\/2048-x-509-100.jpg?id=22633) !important;background-position: center !important;background-repeat: no-repeat !important;background-size: cover !important;}&#8221;][vc_column][\/vc_column][\/vc_row][vc_row css=&#8221;.vc_custom_1728371161150{background-color: #FFFFFF !important;}&#8221; el_class=&#8221;bcs-container&#8221;][vc_column][vc_custom_heading text=&#8221;H\u1ed9i T\u1ebft Y\u00eau Th\u01b0\u01a1ng 2026&#8243; font_container=&#8221;tag:h3|text_align:center|color:%23ED1B2F&#8221; use_theme_fonts=&#8221;yes&#8221; css=&#8221;&#8221;][vc_row_inner el_class=&#8221;aavn-container&#8221;][vc_column_inner][vc_column_text css=&#8221;&#8221;]H\u00e3y c\u00f9ng ISHCMC &#8211; American Academy ch\u00e0o \u0111\u00f3n H\u1ed9i T\u1ebft Y\u00eau Th\u01b0\u01a1ng 2026, m\u1ed9t ho\u1ea1t \u0111\u1ed9ng c\u1ed9ng \u0111\u1ed3ng \u1ea5m \u00e1p v\u00e0 \u0111\u1ea7y \u00fd ngh\u0129a, n\u01a1i ni\u1ec1m vui ng\u00e0y T\u1ebft v\u00e0 nh\u1eefng [&hellip;]<\/p>\n","protected":false},"author":183,"featured_media":0,"parent":0,"menu_order":0,"comment_status":"closed","ping_status":"closed","template":"","meta":{"_acf_changed":false,"footnotes":""},"class_list":["post-22654","page","type-page","status-publish","hentry"],"acf":[],"yoast_head":"<!-- This site is optimized with the Yoast SEO plugin v27.3 - https:\/\/yoast.com\/product\/yoast-seo-wordpress\/ -->\n<title>Tet Bazaar 2026 VI - ISHCMC \u2013 American Academy<\/title>\n<meta name=\"robots\" content=\"index, follow, max-snippet:-1, max-image-preview:large, max-video-preview:-1\" \/>\n<link rel=\"canonical\" href=\"https:\/\/www.aavn.edu.vn\/vi\/tet-bazaar-vi-2026\/\" \/>\n<meta property=\"og:locale\" content=\"vi_VN\" \/>\n<meta property=\"og:type\" content=\"article\" \/>\n<meta property=\"og:title\" content=\"Tet Bazaar 2026 VI - ISHCMC \u2013 American Academy\" \/>\n<meta property=\"og:description\" content=\"[vc_row full_width=&#8221;stretch_row_content_no_spaces&#8221; css=&#8221;.vc_custom_1766472789475{background-image: url(https:\/\/www.aavn.edu.vn\/wp-content\/uploads\/sites\/21\/2025\/12\/2048-x-509-100.jpg?id=22633) !important;background-position: center !important;background-repeat: no-repeat !important;background-size: cover !important;}&#8221;][vc_column][\/vc_column][\/vc_row][vc_row css=&#8221;.vc_custom_1728371161150{background-color: #FFFFFF !important;}&#8221; el_class=&#8221;bcs-container&#8221;][vc_column][vc_custom_heading text=&#8221;H\u1ed9i T\u1ebft Y\u00eau Th\u01b0\u01a1ng 2026&#8243; font_container=&#8221;tag:h3|text_align:center|color:%23ED1B2F&#8221; use_theme_fonts=&#8221;yes&#8221; css=&#8221;&#8221;][vc_row_inner el_class=&#8221;aavn-container&#8221;][vc_column_inner][vc_column_text css=&#8221;&#8221;]H\u00e3y c\u00f9ng ISHCMC &#8211; American Academy ch\u00e0o \u0111\u00f3n H\u1ed9i T\u1ebft Y\u00eau Th\u01b0\u01a1ng 2026, m\u1ed9t ho\u1ea1t \u0111\u1ed9ng c\u1ed9ng \u0111\u1ed3ng \u1ea5m \u00e1p v\u00e0 \u0111\u1ea7y \u00fd ngh\u0129a, n\u01a1i ni\u1ec1m vui ng\u00e0y T\u1ebft v\u00e0 nh\u1eefng [&hellip;]\" \/>\n<meta property=\"og:url\" content=\"https:\/\/www.aavn.edu.vn\/vi\/tet-bazaar-vi-2026\/\" \/>\n<meta property=\"og:site_name\" content=\"ISHCMC \u2013 American Academy\" \/>\n<meta property=\"article:publisher\" content=\"https:\/\/www.facebook.com\/ishcmcaa\/\" \/>\n<meta property=\"article:modified_time\" content=\"2026-01-14T09:35:10+00:00\" \/>\n<meta name=\"twitter:card\" content=\"summary_large_image\" \/>\n<meta name=\"twitter:site\" content=\"@aavn_sunbears\" \/>\n<meta name=\"twitter:label1\" content=\"Est. reading time\" \/>\n\t<meta name=\"twitter:data1\" content=\"3 minutes\" \/>\n<!-- \/ Yoast SEO plugin. -->","yoast_head_json":{"title":"Tet Bazaar 2026 VI - ISHCMC \u2013 American Academy","robots":{"index":"index","follow":"follow","max-snippet":"max-snippet:-1","max-image-preview":"max-image-preview:large","max-video-preview":"max-video-preview:-1"},"canonical":"https:\/\/www.aavn.edu.vn\/vi\/tet-bazaar-vi-2026\/","og_locale":"vi_VN","og_type":"article","og_title":"Tet Bazaar 2026 VI - ISHCMC \u2013 American Academy","og_description":"[vc_row full_width=&#8221;stretch_row_content_no_spaces&#8221; css=&#8221;.vc_custom_1766472789475{background-image: url(https:\/\/www.aavn.edu.vn\/wp-content\/uploads\/sites\/21\/2025\/12\/2048-x-509-100.jpg?id=22633) !important;background-position: center !important;background-repeat: no-repeat !important;background-size: cover !important;}&#8221;][vc_column][\/vc_column][\/vc_row][vc_row css=&#8221;.vc_custom_1728371161150{background-color: #FFFFFF !important;}&#8221; el_class=&#8221;bcs-container&#8221;][vc_column][vc_custom_heading text=&#8221;H\u1ed9i T\u1ebft Y\u00eau Th\u01b0\u01a1ng 2026&#8243; font_container=&#8221;tag:h3|text_align:center|color:%23ED1B2F&#8221; use_theme_fonts=&#8221;yes&#8221; css=&#8221;&#8221;][vc_row_inner el_class=&#8221;aavn-container&#8221;][vc_column_inner][vc_column_text css=&#8221;&#8221;]H\u00e3y c\u00f9ng ISHCMC &#8211; American Academy ch\u00e0o \u0111\u00f3n H\u1ed9i T\u1ebft Y\u00eau Th\u01b0\u01a1ng 2026, m\u1ed9t ho\u1ea1t \u0111\u1ed9ng c\u1ed9ng \u0111\u1ed3ng \u1ea5m \u00e1p v\u00e0 \u0111\u1ea7y \u00fd ngh\u0129a, n\u01a1i ni\u1ec1m vui ng\u00e0y T\u1ebft v\u00e0 nh\u1eefng [&hellip;]","og_url":"https:\/\/www.aavn.edu.vn\/vi\/tet-bazaar-vi-2026\/","og_site_name":"ISHCMC \u2013 American Academy","article_publisher":"https:\/\/www.facebook.com\/ishcmcaa\/","article_modified_time":"2026-01-14T09:35:10+00:00","twitter_card":"summary_large_image","twitter_site":"@aavn_sunbears","twitter_misc":{"Est. reading time":"3 minutes"},"schema":{"@context":"https:\/\/schema.org","@graph":[{"@type":"WebPage","@id":"https:\/\/www.aavn.edu.vn\/vi\/tet-bazaar-vi-2026\/","url":"https:\/\/www.aavn.edu.vn\/vi\/tet-bazaar-vi-2026\/","name":"Tet Bazaar 2026 VI - ISHCMC \u2013 American Academy","isPartOf":{"@id":"https:\/\/www.aavn.edu.vn\/vi\/#website"},"datePublished":"2025-12-15T06:39:30+00:00","dateModified":"2026-01-14T09:35:10+00:00","breadcrumb":{"@id":"https:\/\/www.aavn.edu.vn\/vi\/tet-bazaar-vi-2026\/#breadcrumb"},"inLanguage":"vi-VN","potentialAction":[{"@type":"ReadAction","target":["https:\/\/www.aavn.edu.vn\/vi\/tet-bazaar-vi-2026\/"]}]},{"@type":"BreadcrumbList","@id":"https:\/\/www.aavn.edu.vn\/vi\/tet-bazaar-vi-2026\/#breadcrumb","itemListElement":[{"@type":"ListItem","position":1,"name":"Home","item":"https:\/\/www.aavn.edu.vn\/vi\/"},{"@type":"ListItem","position":2,"name":"Tet Bazaar 2026 VI"}]},{"@type":"WebSite","@id":"https:\/\/www.aavn.edu.vn\/vi\/#website","url":"https:\/\/www.aavn.edu.vn\/vi\/","name":"ISHCMC \u2013 American Academy","description":"A leading American-curriculum secondary school in HCMC","publisher":{"@id":"https:\/\/www.aavn.edu.vn\/vi\/#organization"},"potentialAction":[{"@type":"SearchAction","target":{"@type":"EntryPoint","urlTemplate":"https:\/\/www.aavn.edu.vn\/vi\/?s={search_term_string}"},"query-input":{"@type":"PropertyValueSpecification","valueRequired":true,"valueName":"search_term_string"}}],"inLanguage":"vi-VN"},{"@type":"Organization","@id":"https:\/\/www.aavn.edu.vn\/vi\/#organization","name":"ISHCMC \u2013 American Academy","url":"https:\/\/www.aavn.edu.vn\/vi\/","logo":{"@type":"ImageObject","inLanguage":"vi-VN","@id":"https:\/\/www.aavn.edu.vn\/vi\/#\/schema\/logo\/image\/","url":"https:\/\/www.aavn.edu.vn\/wp-content\/uploads\/sites\/21\/2022\/03\/1744709931696.jpg","contentUrl":"https:\/\/www.aavn.edu.vn\/wp-content\/uploads\/sites\/21\/2022\/03\/1744709931696.jpg","width":"800","height":"729","caption":"ISHCMC \u2013 American Academy"},"image":{"@id":"https:\/\/www.aavn.edu.vn\/vi\/#\/schema\/logo\/image\/"},"sameAs":["https:\/\/www.facebook.com\/ishcmcaa\/","https:\/\/x.com\/aavn_sunbears","https:\/\/www.youtube.com\/c\/ishcmcamericanacademy","https:\/\/www.instagram.com\/aavnsunbears\/"]}]}},"jetpack_sharing_enabled":true,"_links":{"self":[{"href":"https:\/\/www.aavn.edu.vn\/vi\/wp-json\/wp\/v2\/pages\/22654","targetHints":{"allow":["GET"]}}],"collection":[{"href":"https:\/\/www.aavn.edu.vn\/vi\/wp-json\/wp\/v2\/pages"}],"about":[{"href":"https:\/\/www.aavn.edu.vn\/vi\/wp-json\/wp\/v2\/types\/page"}],"author":[{"embeddable":true,"href":"https:\/\/www.aavn.edu.vn\/vi\/wp-json\/wp\/v2\/users\/183"}],"replies":[{"embeddable":true,"href":"https:\/\/www.aavn.edu.vn\/vi\/wp-json\/wp\/v2\/comments?post=22654"}],"version-history":[{"count":6,"href":"https:\/\/www.aavn.edu.vn\/vi\/wp-json\/wp\/v2\/pages\/22654\/revisions"}],"predecessor-version":[{"id":22665,"href":"https:\/\/www.aavn.edu.vn\/vi\/wp-json\/wp\/v2\/pages\/22654\/revisions\/22665"}],"wp:attachment":[{"href":"https:\/\/www.aavn.edu.vn\/vi\/wp-json\/wp\/v2\/media?parent=22654"}],"curies":[{"name":"wp","href":"https:\/\/api.w.org\/{rel}","templated":true}]}}