{"id":4689,"date":"2022-03-28T03:16:04","date_gmt":"2022-03-28T03:16:04","guid":{"rendered":"https:\/\/www.aavn.edu.vn\/?page_id=4689"},"modified":"2025-03-18T08:35:30","modified_gmt":"2025-03-18T08:35:30","slug":"american-grading-2","status":"publish","type":"page","link":"https:\/\/www.aavn.edu.vn\/vi\/american-grading-2\/","title":{"rendered":"American Grading Vi"},"content":{"rendered":"<div class=\"wpb-content-wrapper\"><p>[vc_row full_width=&#8221;stretch_row_content_no_spaces&#8221; css=&#8221;.vc_custom_1648902983104{background-image: url(https:\/\/www.aavn.edu.vn\/wp-content\/uploads\/sites\/3\/2022\/03\/Images-1-1.png?id=172) !important;background-position: center !important;background-repeat: no-repeat !important;background-size: cover !important;}&#8221;][vc_column]\t\t<div class=\"ng-spacing \">\n\t\t\t<div class=\"ng-spacing-empty ng-spacing-md\" style=\"height: 450px\"><\/div>\n\t\t\t<div class=\"ng-spacing-empty ng-spacing-sm\" style=\"height: 300px\"><\/div>\n\t\t\t<div class=\"ng-spacing-empty ng-spacing-xs\" style=\"height: 214px\"><\/div>\n\t\t<\/div>\n\t[\/vc_column][\/vc_row][vc_row][vc_column]\t\t<div class=\"ng-spacing \">\n\t\t\t<div class=\"ng-spacing-empty ng-spacing-md\" style=\"height: 96px\"><\/div>\n\t\t\t<div class=\"ng-spacing-empty ng-spacing-sm\" style=\"height: 96px\"><\/div>\n\t\t\t<div class=\"ng-spacing-empty ng-spacing-xs\" style=\"height: 48px\"><\/div>\n\t\t<\/div>\n\t\t<div class=\"nex-title-content tpl1 text-center  \" style=\"max-width: initial\">\n\t\t\t\t\t\t\t<h4 class=\"nex-title text-secondary-color\">H\u1ec6 TH\u1ed0NG \u0110I\u1ec2M V\u00c0 T\u00cdN CH\u1ec8 HOA K\u1ef2<\/h4>\n\t\t\t\t\t\t\t<\/div>\n[\/vc_column][\/vc_row][vc_row el_class=&#8221;bcs-container&#8221;][vc_column][vc_custom_heading text=&#8221;Thang \u0111i\u1ec3m &amp; t\u00ednh \u0111i\u1ec3m GPA&#8221; font_container=&#8221;tag:h3|font_size:24px|text_align:left|color:%2300558f|line_height:32px&#8221; use_theme_fonts=&#8221;yes&#8221;][vc_column_text]Ch\u00fang t\u00f4i s\u1eed d\u1ee5ng\u00a0c\u1ea5p s\u1ed1 t\u1eeb 0 \u0111\u1ebfn 100 v\u00e0 ch\u00fang t\u00f4i t\u00ednh c\u1ea3 \u0111i\u1ec3m trung b\u00ecnh GPA c\u00f3 tr\u1ecdng s\u1ed1 v\u00e0 kh\u00f4ng c\u00f3 tr\u1ecdng s\u1ed1.[\/vc_column_text]\t\t<div class=\"ng-spacing \">\n\t\t\t<div class=\"ng-spacing-empty ng-spacing-md\" style=\"height: 32px\"><\/div>\n\t\t\t<div class=\"ng-spacing-empty ng-spacing-sm\" style=\"height: 32px\"><\/div>\n\t\t\t<div class=\"ng-spacing-empty ng-spacing-xs\" style=\"height: 16px\"><\/div>\n\t\t<\/div>\n\t[\/vc_column][\/vc_row][vc_row el_class=&#8221;bcs-container&#8221;][vc_column][vc_column_text]<\/p>\n<table border=\"0\" cellspacing=\"0\" cellpadding=\"0\">\n<tbody>\n<tr>\n<td><strong>Ph\u1ea7m tr\u0103m<\/strong><\/td>\n<td><strong>X\u1ebfp lo\u1ea1i<\/strong><\/td>\n<td><strong>Kh\u00f4ng c\u00f3 tr\u1ecdng s\u1ed1<\/strong><\/td>\n<td><strong>C\u00f3 tr\u1ecdng s\u1ed1<\/strong><\/td>\n<\/tr>\n<tr>\n<td>98-100<\/td>\n<td>A+<\/td>\n<td>4.00<\/td>\n<td>5.00<\/td>\n<\/tr>\n<tr>\n<td>93-97<\/td>\n<td>A<\/td>\n<td>4.00<\/td>\n<td>5.00<\/td>\n<\/tr>\n<tr>\n<td>90-92<\/td>\n<td>A-<\/td>\n<td>3.67<\/td>\n<td>4.67<\/td>\n<\/tr>\n<tr>\n<td>88-89<\/td>\n<td>B+<\/td>\n<td>3.33<\/td>\n<td>4.33<\/td>\n<\/tr>\n<tr>\n<td>83-87<\/td>\n<td>B<\/td>\n<td>3.00<\/td>\n<td>4.00<\/td>\n<\/tr>\n<tr>\n<td>80-82<\/td>\n<td>B-<\/td>\n<td>2.67<\/td>\n<td>3.67<\/td>\n<\/tr>\n<tr>\n<td>78-79<\/td>\n<td>C+<\/td>\n<td>2.33<\/td>\n<td>3.33<\/td>\n<\/tr>\n<tr>\n<td>73-77<\/td>\n<td>C<\/td>\n<td>2.00<\/td>\n<td>3.00<\/td>\n<\/tr>\n<tr>\n<td>70-72<\/td>\n<td>C-<\/td>\n<td>1.67<\/td>\n<td>2.67<\/td>\n<\/tr>\n<tr>\n<td>68-69<\/td>\n<td>D+<\/td>\n<td>1.33<\/td>\n<td>2.33<\/td>\n<\/tr>\n<tr>\n<td>63-67<\/td>\n<td>D<\/td>\n<td>1.00<\/td>\n<td>2.00<\/td>\n<\/tr>\n<tr>\n<td>60-62<\/td>\n<td>D-<\/td>\n<td>0.67<\/td>\n<td>1.67<\/td>\n<\/tr>\n<tr>\n<td>Below 60<\/td>\n<td>F<\/td>\n<td>0.00<\/td>\n<td>0.00<\/td>\n<\/tr>\n<\/tbody>\n<\/table>\n<p>[\/vc_column_text][\/vc_column][\/vc_row][vc_row el_class=&#8221;bcs-container&#8221;][vc_column][vc_column_text]C\u00e1c kh\u00f3a h\u1ecdc c\u00f3 tr\u1ecdng s\u1ed1 bao g\u1ed3m L\u1edbp\u00a0N\u00e2ng cao (AP) v\u00e0 c\u00e1c kho\u00e1 h\u1ecdc l\u1ea5y t\u00edn ch\u1ec9 \u0111\u1ea1i h\u1ecdc s\u1edbm\u00a0v\u1edbi Ch\u01b0\u01a1ng tr\u00ecnh Syracuse University Project Advance (SUPA). Ch\u1ec9 c\u00e1c kh\u00f3a h\u1ecdc \u0111\u01b0\u1ee3c th\u1ef1c hi\u1ec7n t\u1ea1i ISHCMC &#8211; American Academy m\u1edbi \u0111\u01b0\u1ee3c t\u00ednh v\u00e0o \u0111i\u1ec3m trung b\u00ecnh t\u00edch l\u0169y. \u0110i\u1ec3m GPA \u0111\u01b0\u1ee3c t\u00ednh theo qu\u00fd.[\/vc_column_text][\/vc_column][\/vc_row][vc_row][vc_column][vc_single_image image=&#8221;4685&#8243; img_size=&#8221;full&#8221; alignment=&#8221;center&#8221;][\/vc_column][\/vc_row][vc_row el_class=&#8221;bcs-container&#8221;][vc_column][vc_custom_heading text=&#8221;C\u00e1c y\u1ebfu t\u1ed1 x\u00e9t t\u1ed1t nghi\u1ec7p&#8221; font_container=&#8221;tag:h3|font_size:32px|text_align:left|color:%2300558f|line_height:32px&#8221; use_theme_fonts=&#8221;yes&#8221;]\t\t<div class=\"ng-bodytext-single-image ng-bodytext-single-image-1831618435 \" style=\"width: initial\">\n\t\t\t<div class=\"wrap-single-image\">\n\t\t\t\t\t\t\t\t\t<h4 class=\"nex-bodytext-title\">B\u1eaft \u0111\u1ea7u t\u1eeb Ni\u00ean kho\u00e1 2022<\/h4>\n\t\t\t\t\t\t\t\t\t\t\t\t\t<span class=\"nex-border background-primary-color\"><\/span>\n\t\t\t\t\t\t\t\t\t\t\t<\/div>\n\t\t\t\t\t<\/div>\n\t\t<style>\n            .ng-bodytext-single-image-1831618435 .nex-bodytext-title{\n                font-size:; \n                line-height: ;\n            }\n\t\t\t.ng-bodytext-single-image-1831618435 .nex-bodytext-sub-title{\n                font-size:; \n                line-height: ;\n            }\n            .ng-bodytext-single-image-1831618435 .nex-bodytext-title{\n                color: ;\n            }\n            @media (max-width: 1024px) {\n                .ng-bodytext-single-image-1831618435 .nex-bodytext-title{\n                    font-size:; \n                    line-height: ;\n                }\n            }\n            @media (max-width: 767px) {\n                .ng-bodytext-single-image-1831618435 .nex-bodytext-title{\n                    font-size:; \n                    line-height: ;\n                }\n            }\n        <\/style>\n\t\t\t<div class=\"ng-spacing \">\n\t\t\t<div class=\"ng-spacing-empty ng-spacing-md\" style=\"height: 16px\"><\/div>\n\t\t\t<div class=\"ng-spacing-empty ng-spacing-sm\" style=\"height: 16px\"><\/div>\n\t\t\t<div class=\"ng-spacing-empty ng-spacing-xs\" style=\"height: 16px\"><\/div>\n\t\t<\/div>\n\t[\/vc_column][\/vc_row][vc_row el_class=&#8221;bcs-container&#8221;][vc_column width=&#8221;1\/2&#8243;][vc_column_text]<strong>C\u00c1C M\u00d4N H\u1eccC B\u1eaeT BU\u1ed8C (16 t\u00edn ch\u1ec9)<\/strong><\/p>\n<ul>\n<li>To\u00e1n h\u1ecdc\u00a0 \u00a04.0 t\u00edn ch\u1ec9<\/li>\n<li>Ng\u00f4n ng\u1eef Anh\u00a0 \u00a04.0 t\u00edn ch\u1ec9<\/li>\n<li>Khoa h\u1ecdc\u00a0 \u00a03.0 t\u00edn ch\u1ec9<\/li>\n<li>X\u00e3 h\u1ed9i h\u1ecdc\u00a0 \u00a03.0 t\u00edn ch\u1ec9<\/li>\n<li>Ng\u00f4n ng\u1eef th\u1ebf gi\u1edbi\u00a0 \u00a02.0 t\u00edn ch\u1ec9<\/li>\n<\/ul>\n<p>[\/vc_column_text][\/vc_column][vc_column width=&#8221;1\/2&#8243;][vc_column_text]<strong>C\u00c1C M\u00d4N H\u1eccC Y\u00caU C\u1ea6U KH\u00c1C\u00a0(3 t\u00edn ch\u1ec9)<\/strong><\/p>\n<ul>\n<li>Gi\u00e1o d\u1ee5c s\u1ee9c kho\u1ebb\u00a0 \u00a00.5 t\u00edn ch\u1ec9<\/li>\n<li>\u0110\u1ecdc Vi\u1ebft Th\u00f4ng Tin\u00a0\u00a0\u00a00.5 t\u00edn ch\u1ec9<\/li>\n<li>Bi\u1ec3u di\u1ec5n &amp; Ngh\u1ec7 thu\u1eadt th\u1ecb gi\u00e1c\u00a0 \u00a01.0 t\u00edn ch\u1ec9<\/li>\n<li>Gi\u00e1o d\u1ee5c th\u1ec3 ch\u1ea5t\u00a0 \u00a00.5 t\u00edn ch\u1ec9<\/li>\n<li>C\u00f4ng ngh\u1ec7\u00a0 \u00a00.5 t\u00edn ch\u1ec9<\/li>\n<\/ul>\n<p>[\/vc_column_text][\/vc_column][\/vc_row][vc_row el_class=&#8221;bcs-container&#8221;][vc_column][vc_column_text]<strong>T\u1ed4NG T\u00cdN CH\u1ec8 X\u00c9T T\u1ed0T NGHI\u1ec6P (24 t\u00edn ch\u1ec9)<\/strong><\/p>\n<p>5.0 t\u00edn ch\u1ec9 y\u00eau c\u1ea7u b\u1ed5 sung th\u00eam c\u00f3 th\u1ec3 \u0111\u01b0\u1ee3c t\u1ea1o th\u00e0nh t\u1eeb\u00a0t\u00edn ch\u1ec9 c\u1ee7a c\u00e1c m\u00f4n h\u1ecdc kh\u00e1c nhau m\u00e0 h\u1ecdc sinh\u00a0\u0111\u00e3 ho\u00e0n th\u00e0nh y\u00eau c\u1ea7u t\u1ed1i thi\u1ec3u. V\u00ed d\u1ee5: n\u1ebfu m\u1ed9t h\u1ecdc sinh\u00a0ho\u00e0n th\u00e0nh 4.0 t\u00edn ch\u1ec9 trong l\u1edbp Khoa h\u1ecdc, 3.0 t\u00edn ch\u1ec9 s\u1ebd \u0111\u00e1p \u1ee9ng y\u00eau c\u1ea7u s\u1ed1 l\u01b0\u1ee3ng t\u00edn ch\u1ec9 cho l\u1edbp Khoa h\u1ecdc v\u00e0 1.0 t\u00edn ch\u1ec9 c\u00f2n l\u1ea1i c\u00f3 th\u1ec3 \u0111\u01b0\u1ee3c s\u1eed d\u1ee5ng \u0111\u1ec3 \u0111\u00e1p \u1ee9ng t\u1ed5ng s\u1ed1 t\u00edn ch\u1ec9 t\u1ed1t nghi\u1ec7p. L\u1edbp T\u0103ng C\u01b0\u1eddng Ti\u1ebfng Anh EAL, Workshop \u0110\u1ecdc &amp; Vi\u1ebft, v\u00e0 c\u00e1c t\u00edn ch\u1ec9 c\u1ee7a Ch\u01b0\u01a1ng tr\u00ecnh Tr\u1ee3 l\u00fd c\u0169ng \u0111\u01b0\u1ee3c t\u00ednh v\u00e0o\u00a0t\u1ed5ng s\u1ed1 24 t\u00edn ch\u1ec9 \u0111\u1ec3 x\u00e9t t\u1ed1t nghi\u1ec7p.<\/p>\n<p>M\u1ed9t y\u00eau c\u1ea7u t\u1ed1t nghi\u1ec7p kh\u00e1c\u00a0l\u00e0 \u0111\u1ed1i v\u1edbi t\u1ea5t c\u1ea3 h\u1ecdc sinh L\u1edbp 12 s\u1eafp t\u1ed1t nghi\u1ec7p ph\u1ea3i vi\u1ebft\u00a0<strong>3\u00a0L\u00e1 Th\u01b0 Tri \u00c2n<\/strong>\u00a0cho nh\u1eefng ng\u01b0\u1eddi \u0111\u00e3 gi\u00fap \u0111\u1ee1 ho\u1eb7c khuy\u1ebfn kh\u00edch c\u00e1c em\u00a0th\u00e0nh c\u00f4ng trong h\u1ecdc t\u1eadp. Nh\u1eefng l\u00e1 th\u01b0 n\u00e0y s\u1ebd \u0111\u01b0\u1ee3c n\u1ed9p cho Hi\u1ec7u tr\u01b0\u1edfng tr\u01b0\u1edbc ng\u00e0y 1 th\u00e1ng 5 c\u1ee7a m\u1ed7i n\u0103m h\u1ecdc. C\u00e1c l\u00e1 th\u01b0\u00a0c\u00f3 th\u1ec3 \u0111\u01b0\u1ee3c \u0111\u00e1nh m\u00e1y ho\u1eb7c vi\u1ebft tay.[\/vc_column_text][\/vc_column][\/vc_row][vc_row][vc_column][vc_column_text][\/vc_column_text][\/vc_column][\/vc_row][vc_row full_width=&#8221;stretch_row&#8221; css=&#8221;.vc_custom_1648866157412{background-color: #F9FAFB !important;}&#8221;][vc_column]\t\t<div class=\"ng-spacing \">\n\t\t\t<div class=\"ng-spacing-empty ng-spacing-md\" style=\"height: 96px\"><\/div>\n\t\t\t<div class=\"ng-spacing-empty ng-spacing-sm\" style=\"height: 96px\"><\/div>\n\t\t\t<div class=\"ng-spacing-empty ng-spacing-xs\" style=\"height: 96px\"><\/div>\n\t\t<\/div>\n\t\t<div class=\"nex-title-content tpl1 text-center  \" style=\"max-width: initial\">\n\t\t\t\t\t\t\t<h4 class=\"nex-title text-secondary-color\">N\u1ed9i dung li\u00ean quan<\/h4>\n\t\t\t\t\t\t\t<\/div>\n[vc_row_inner el_class=&#8221;related-content&#8221;][vc_column_inner width=&#8221;1\/4&#8243;]\t\n\t\t\t\t\t\t<div class=\"nex-card lazy type1 \" onClick=\"document.location.href = &#039;\/vi\/admissions\/issp-transition-and-admissions\/&#039;\">\n\t\t\t\t\t\t\t<div class=\"nex-card-image\">\n                    <img decoding=\"async\" class=\"card-image rounder-4 \" src=\"https:\/\/www.aavn.edu.vn\/wp-content\/uploads\/sites\/21\/2022\/04\/boyandgirl-00.png\" width=\"280\" height=\"305\" alt=\"boyandgirl-00\" title=\"boyandgirl-00\" loading=\"lazy\" \/>                <\/div>\n\t\t\t\t\t\t\t\t\t\t\t\t\t<h4 class=\"mb-0 text-white nex-card-title\"><a href=\"\/vi\/admissions\/issp-transition-and-admissions\/\" target=\"_self\" >Chuy\u1ec3n c\u1ea5p t\u1eeb Issp<\/a><\/h4>\n\t\t\t\t\t\t\t\t\t\t\t<\/div>\n\t\t\t[\/vc_column_inner][vc_column_inner width=&#8221;1\/4&#8243;]\t\n\t\t\t\t\t\t<div class=\"nex-card lazy type1 \" onClick=\"document.location.href = &#039;\/vi\/admissions\/choosing-the-right-school\/&#039;\">\n\t\t\t\t\t\t\t<div class=\"nex-card-image\">\n                                    <\/div>\n\t\t\t\t\t\t\t\t\t\t\t\t\t<h4 class=\"mb-0 text-white nex-card-title\"><a href=\"\/vi\/admissions\/choosing-the-right-school\/\" target=\"_self\" >Theo h\u1ecdc t\u1ea1i ISHCMC - AA<\/a><\/h4>\n\t\t\t\t\t\t\t\t\t\t\t<\/div>\n\t\t\t[\/vc_column_inner][vc_column_inner width=&#8221;1\/4&#8243;]\t\n\t\t\t\t\t\t<div class=\"nex-card lazy type1 \" onClick=\"document.location.href = &#039;\/vi\/admissions\/tuition-fees\/&#039;\">\n\t\t\t\t\t\t\t<div class=\"nex-card-image\">\n                                    <\/div>\n\t\t\t\t\t\t\t\t\t\t\t\t\t<h4 class=\"mb-0 text-white nex-card-title\"><a href=\"\/vi\/admissions\/tuition-fees\/\" target=\"_self\" >H\u1ecdc Ph\u00ed<\/a><\/h4>\n\t\t\t\t\t\t\t\t\t\t\t<\/div>\n\t\t\t[\/vc_column_inner][vc_column_inner width=&#8221;1\/4&#8243;]\t\n\t\t\t\t\t\t<div class=\"nex-card lazy type1 \" onClick=\"document.location.href = &#039;\/vi\/admissions\/application-process\/&#039;\">\n\t\t\t\t\t\t\t<div class=\"nex-card-image\">\n                    <img decoding=\"async\" class=\"card-image rounder-4 \" src=\"https:\/\/www.aavn.edu.vn\/wp-content\/uploads\/sites\/21\/2022\/04\/girl-blue-00.png\" width=\"280\" height=\"305\" alt=\"girl-blue-00\" title=\"girl-blue-00\" loading=\"lazy\" \/>                <\/div>\n\t\t\t\t\t\t\t\t\t\t\t\t\t<h4 class=\"mb-0 text-white nex-card-title\"><a href=\"\/vi\/admissions\/application-process\/\" target=\"_self\" >Quy tr\u00ecnh nh\u1eadp h\u1ecdc<\/a><\/h4>\n\t\t\t\t\t\t\t\t\t\t\t<\/div>\n\t\t\t[\/vc_column_inner][\/vc_row_inner]\t\t<div class=\"ng-spacing \">\n\t\t\t<div class=\"ng-spacing-empty ng-spacing-md\" style=\"height: 96px\"><\/div>\n\t\t\t<div class=\"ng-spacing-empty ng-spacing-sm\" style=\"height: 96px\"><\/div>\n\t\t\t<div class=\"ng-spacing-empty ng-spacing-xs\" style=\"height: 96px\"><\/div>\n\t\t<\/div>\n\t[\/vc_column][\/vc_row][vc_row][vc_column][vc_raw_html]JTVCdmNfY29udGVudCUyMGlkJTNEJTIyNDc4MSUyMiU1RA==[\/vc_raw_html][\/vc_column][\/vc_row]<\/p>\n<\/div>","protected":false},"excerpt":{"rendered":"<p>[vc_row full_width=&#8221;stretch_row_content_no_spaces&#8221; css=&#8221;.vc_custom_1648902983104{background-image: url(https:\/\/www.aavn.edu.vn\/wp-content\/uploads\/sites\/3\/2022\/03\/Images-1-1.png?id=172) !important;background-position: center !important;background-repeat: no-repeat !important;background-size: cover !important;}&#8221;][vc_column][\/vc_column][\/vc_row][vc_row][vc_column][\/vc_column][\/vc_row][vc_row el_class=&#8221;bcs-container&#8221;][vc_column][vc_custom_heading text=&#8221;Thang \u0111i\u1ec3m &amp; t\u00ednh \u0111i\u1ec3m GPA&#8221; font_container=&#8221;tag:h3|font_size:24px|text_align:left|color:%2300558f|line_height:32px&#8221; use_theme_fonts=&#8221;yes&#8221;][vc_column_text]Ch\u00fang t\u00f4i s\u1eed d\u1ee5ng\u00a0c\u1ea5p s\u1ed1 t\u1eeb 0 \u0111\u1ebfn 100 v\u00e0 ch\u00fang t\u00f4i t\u00ednh c\u1ea3 \u0111i\u1ec3m trung b\u00ecnh GPA c\u00f3 tr\u1ecdng s\u1ed1 v\u00e0 kh\u00f4ng c\u00f3 tr\u1ecdng s\u1ed1.[\/vc_column_text][\/vc_column][\/vc_row][vc_row el_class=&#8221;bcs-container&#8221;][vc_column][vc_column_text] Ph\u1ea7m tr\u0103m X\u1ebfp lo\u1ea1i Kh\u00f4ng c\u00f3 tr\u1ecdng s\u1ed1 C\u00f3 [&hellip;]<\/p>\n","protected":false},"author":22,"featured_media":0,"parent":0,"menu_order":0,"comment_status":"closed","ping_status":"closed","template":"redux-templates_full_width","meta":{"_acf_changed":false,"footnotes":""},"class_list":["post-4689","page","type-page","status-publish","hentry"],"acf":[],"yoast_head":"<!-- This site is optimized with the Yoast SEO plugin v27.3 - https:\/\/yoast.com\/product\/yoast-seo-wordpress\/ -->\n<title>American Grading Vi - ISHCMC \u2013 American Academy<\/title>\n<meta name=\"robots\" content=\"index, follow, max-snippet:-1, max-image-preview:large, max-video-preview:-1\" \/>\n<link rel=\"canonical\" href=\"https:\/\/www.aavn.edu.vn\/vi\/american-grading-2\/\" \/>\n<meta property=\"og:locale\" content=\"vi_VN\" \/>\n<meta property=\"og:type\" content=\"article\" \/>\n<meta property=\"og:title\" content=\"American Grading Vi - ISHCMC \u2013 American Academy\" \/>\n<meta property=\"og:description\" content=\"[vc_row full_width=&#8221;stretch_row_content_no_spaces&#8221; css=&#8221;.vc_custom_1648902983104{background-image: url(https:\/\/www.aavn.edu.vn\/wp-content\/uploads\/sites\/3\/2022\/03\/Images-1-1.png?id=172) !important;background-position: center !important;background-repeat: no-repeat !important;background-size: cover !important;}&#8221;][vc_column][\/vc_column][\/vc_row][vc_row][vc_column][\/vc_column][\/vc_row][vc_row el_class=&#8221;bcs-container&#8221;][vc_column][vc_custom_heading text=&#8221;Thang \u0111i\u1ec3m &amp; t\u00ednh \u0111i\u1ec3m GPA&#8221; font_container=&#8221;tag:h3|font_size:24px|text_align:left|color:%2300558f|line_height:32px&#8221; use_theme_fonts=&#8221;yes&#8221;][vc_column_text]Ch\u00fang t\u00f4i s\u1eed d\u1ee5ng\u00a0c\u1ea5p s\u1ed1 t\u1eeb 0 \u0111\u1ebfn 100 v\u00e0 ch\u00fang t\u00f4i t\u00ednh c\u1ea3 \u0111i\u1ec3m trung b\u00ecnh GPA c\u00f3 tr\u1ecdng s\u1ed1 v\u00e0 kh\u00f4ng c\u00f3 tr\u1ecdng s\u1ed1.[\/vc_column_text][\/vc_column][\/vc_row][vc_row el_class=&#8221;bcs-container&#8221;][vc_column][vc_column_text] Ph\u1ea7m tr\u0103m X\u1ebfp lo\u1ea1i Kh\u00f4ng c\u00f3 tr\u1ecdng s\u1ed1 C\u00f3 [&hellip;]\" \/>\n<meta property=\"og:url\" content=\"https:\/\/www.aavn.edu.vn\/vi\/american-grading-2\/\" \/>\n<meta property=\"og:site_name\" content=\"ISHCMC \u2013 American Academy\" \/>\n<meta property=\"article:publisher\" content=\"https:\/\/www.facebook.com\/ishcmcaa\/\" \/>\n<meta property=\"article:modified_time\" content=\"2025-03-18T08:35:30+00:00\" \/>\n<meta name=\"twitter:card\" content=\"summary_large_image\" \/>\n<meta name=\"twitter:site\" content=\"@aavn_sunbears\" \/>\n<meta name=\"twitter:label1\" content=\"Est. reading time\" \/>\n\t<meta name=\"twitter:data1\" content=\"2 minutes\" \/>\n<!-- \/ Yoast SEO plugin. -->","yoast_head_json":{"title":"American Grading Vi - ISHCMC \u2013 American Academy","robots":{"index":"index","follow":"follow","max-snippet":"max-snippet:-1","max-image-preview":"max-image-preview:large","max-video-preview":"max-video-preview:-1"},"canonical":"https:\/\/www.aavn.edu.vn\/vi\/american-grading-2\/","og_locale":"vi_VN","og_type":"article","og_title":"American Grading Vi - ISHCMC \u2013 American Academy","og_description":"[vc_row full_width=&#8221;stretch_row_content_no_spaces&#8221; css=&#8221;.vc_custom_1648902983104{background-image: url(https:\/\/www.aavn.edu.vn\/wp-content\/uploads\/sites\/3\/2022\/03\/Images-1-1.png?id=172) !important;background-position: center !important;background-repeat: no-repeat !important;background-size: cover !important;}&#8221;][vc_column][\/vc_column][\/vc_row][vc_row][vc_column][\/vc_column][\/vc_row][vc_row el_class=&#8221;bcs-container&#8221;][vc_column][vc_custom_heading text=&#8221;Thang \u0111i\u1ec3m &amp; t\u00ednh \u0111i\u1ec3m GPA&#8221; font_container=&#8221;tag:h3|font_size:24px|text_align:left|color:%2300558f|line_height:32px&#8221; use_theme_fonts=&#8221;yes&#8221;][vc_column_text]Ch\u00fang t\u00f4i s\u1eed d\u1ee5ng\u00a0c\u1ea5p s\u1ed1 t\u1eeb 0 \u0111\u1ebfn 100 v\u00e0 ch\u00fang t\u00f4i t\u00ednh c\u1ea3 \u0111i\u1ec3m trung b\u00ecnh GPA c\u00f3 tr\u1ecdng s\u1ed1 v\u00e0 kh\u00f4ng c\u00f3 tr\u1ecdng s\u1ed1.[\/vc_column_text][\/vc_column][\/vc_row][vc_row el_class=&#8221;bcs-container&#8221;][vc_column][vc_column_text] Ph\u1ea7m tr\u0103m X\u1ebfp lo\u1ea1i Kh\u00f4ng c\u00f3 tr\u1ecdng s\u1ed1 C\u00f3 [&hellip;]","og_url":"https:\/\/www.aavn.edu.vn\/vi\/american-grading-2\/","og_site_name":"ISHCMC \u2013 American Academy","article_publisher":"https:\/\/www.facebook.com\/ishcmcaa\/","article_modified_time":"2025-03-18T08:35:30+00:00","twitter_card":"summary_large_image","twitter_site":"@aavn_sunbears","twitter_misc":{"Est. reading time":"2 minutes"},"schema":{"@context":"https:\/\/schema.org","@graph":[{"@type":"WebPage","@id":"https:\/\/www.aavn.edu.vn\/vi\/american-grading-2\/","url":"https:\/\/www.aavn.edu.vn\/vi\/american-grading-2\/","name":"American Grading Vi - ISHCMC \u2013 American Academy","isPartOf":{"@id":"https:\/\/www.aavn.edu.vn\/vi\/#website"},"datePublished":"2022-03-28T03:16:04+00:00","dateModified":"2025-03-18T08:35:30+00:00","breadcrumb":{"@id":"https:\/\/www.aavn.edu.vn\/vi\/american-grading-2\/#breadcrumb"},"inLanguage":"vi-VN","potentialAction":[{"@type":"ReadAction","target":["https:\/\/www.aavn.edu.vn\/vi\/american-grading-2\/"]}]},{"@type":"BreadcrumbList","@id":"https:\/\/www.aavn.edu.vn\/vi\/american-grading-2\/#breadcrumb","itemListElement":[{"@type":"ListItem","position":1,"name":"Home","item":"https:\/\/www.aavn.edu.vn\/vi\/"},{"@type":"ListItem","position":2,"name":"American Grading Vi"}]},{"@type":"WebSite","@id":"https:\/\/www.aavn.edu.vn\/vi\/#website","url":"https:\/\/www.aavn.edu.vn\/vi\/","name":"ISHCMC \u2013 American Academy","description":"A leading American-curriculum secondary school in HCMC","publisher":{"@id":"https:\/\/www.aavn.edu.vn\/vi\/#organization"},"potentialAction":[{"@type":"SearchAction","target":{"@type":"EntryPoint","urlTemplate":"https:\/\/www.aavn.edu.vn\/vi\/?s={search_term_string}"},"query-input":{"@type":"PropertyValueSpecification","valueRequired":true,"valueName":"search_term_string"}}],"inLanguage":"vi-VN"},{"@type":"Organization","@id":"https:\/\/www.aavn.edu.vn\/vi\/#organization","name":"ISHCMC \u2013 American Academy","url":"https:\/\/www.aavn.edu.vn\/vi\/","logo":{"@type":"ImageObject","inLanguage":"vi-VN","@id":"https:\/\/www.aavn.edu.vn\/vi\/#\/schema\/logo\/image\/","url":"https:\/\/www.aavn.edu.vn\/wp-content\/uploads\/sites\/21\/2022\/03\/1744709931696.jpg","contentUrl":"https:\/\/www.aavn.edu.vn\/wp-content\/uploads\/sites\/21\/2022\/03\/1744709931696.jpg","width":"800","height":"729","caption":"ISHCMC \u2013 American Academy"},"image":{"@id":"https:\/\/www.aavn.edu.vn\/vi\/#\/schema\/logo\/image\/"},"sameAs":["https:\/\/www.facebook.com\/ishcmcaa\/","https:\/\/x.com\/aavn_sunbears","https:\/\/www.youtube.com\/c\/ishcmcamericanacademy","https:\/\/www.instagram.com\/aavnsunbears\/"]}]}},"jetpack_sharing_enabled":true,"_links":{"self":[{"href":"https:\/\/www.aavn.edu.vn\/vi\/wp-json\/wp\/v2\/pages\/4689","targetHints":{"allow":["GET"]}}],"collection":[{"href":"https:\/\/www.aavn.edu.vn\/vi\/wp-json\/wp\/v2\/pages"}],"about":[{"href":"https:\/\/www.aavn.edu.vn\/vi\/wp-json\/wp\/v2\/types\/page"}],"author":[{"embeddable":true,"href":"https:\/\/www.aavn.edu.vn\/vi\/wp-json\/wp\/v2\/users\/22"}],"replies":[{"embeddable":true,"href":"https:\/\/www.aavn.edu.vn\/vi\/wp-json\/wp\/v2\/comments?post=4689"}],"version-history":[{"count":1,"href":"https:\/\/www.aavn.edu.vn\/vi\/wp-json\/wp\/v2\/pages\/4689\/revisions"}],"predecessor-version":[{"id":17864,"href":"https:\/\/www.aavn.edu.vn\/vi\/wp-json\/wp\/v2\/pages\/4689\/revisions\/17864"}],"wp:attachment":[{"href":"https:\/\/www.aavn.edu.vn\/vi\/wp-json\/wp\/v2\/media?parent=4689"}],"curies":[{"name":"wp","href":"https:\/\/api.w.org\/{rel}","templated":true}]}}