{"id":4753,"date":"2022-03-28T03:29:54","date_gmt":"2022-03-27T20:29:54","guid":{"rendered":"https:\/\/www.aavn.edu.vn\/?page_id=4753"},"modified":"2025-09-30T14:24:23","modified_gmt":"2025-09-30T07:24:23","slug":"lich-nam-hoc","status":"publish","type":"page","link":"https:\/\/www.aavn.edu.vn\/vi\/cuoc-song-tai-ishcmc-aa\/lich-nam-hoc\/","title":{"rendered":"L\u1ecbch v\u00e0 ng\u00e0y h\u1ecdc"},"content":{"rendered":"<div class=\"wpb-content-wrapper\"><p>[vc_row full_width=&#8221;stretch_row_content_no_spaces&#8221; css=&#8221;.vc_custom_1759216881802{background-image: url(https:\/\/www.aavn.edu.vn\/wp-content\/uploads\/sites\/21\/2025\/07\/Untitled-design.png?id=20269) !important;background-position: center !important;background-repeat: no-repeat !important;background-size: cover !important;}&#8221;][vc_column]\t\t<div class=\"ng-spacing \">\n\t\t\t<div class=\"ng-spacing-empty ng-spacing-md\" style=\"height: 450px\"><\/div>\n\t\t\t<div class=\"ng-spacing-empty ng-spacing-sm\" style=\"height: 300px\"><\/div>\n\t\t\t<div class=\"ng-spacing-empty ng-spacing-xs\" style=\"height: 214px\"><\/div>\n\t\t<\/div>\n\t[\/vc_column][\/vc_row][vc_row][vc_column offset=&#8221;vc_hidden-lg vc_hidden-md vc_hidden-sm vc_hidden-xs&#8221;]\t\t<div class=\"ng-spacing \">\n\t\t\t<div class=\"ng-spacing-empty ng-spacing-md\" style=\"height: 96px\"><\/div>\n\t\t\t<div class=\"ng-spacing-empty ng-spacing-sm\" style=\"height: 96px\"><\/div>\n\t\t\t<div class=\"ng-spacing-empty ng-spacing-xs\" style=\"height: 48px\"><\/div>\n\t\t<\/div>\n\t\t<div class=\"nex-title-content tpl1 text-center  \" style=\"max-width: initial\">\n\t\t\t\t\t\t\t<h4 class=\"nex-title text-secondary-color\">S\u1ef1 ki\u1ec7n s\u1eafp t\u1edbi<\/h4>\n\t\t\t\t\t\t\t<\/div>\n[\/vc_column][\/vc_row][vc_row][vc_column offset=&#8221;vc_hidden-lg vc_hidden-md vc_hidden-sm vc_hidden-xs&#8221;]\t\t<div class=\"ng-spacing \">\n\t\t\t<div class=\"ng-spacing-empty ng-spacing-md\" style=\"height: 96px\"><\/div>\n\t\t\t<div class=\"ng-spacing-empty ng-spacing-sm\" style=\"height: 96px\"><\/div>\n\t\t\t<div class=\"ng-spacing-empty ng-spacing-xs\" style=\"height: 48px\"><\/div>\n\t\t<\/div>\n\tPost not found!        <script>\n\t\t\tjQuery(document).ready(function($) {\n\t\t\t\tvar _button_read = $('.button_teachers');\n\t\t    \t_button_read.on('click', 'a', function(e) {\n\t\t\t\t\te.preventDefault();\n\t\t\t\t\tvar teacher_id = $(this).data('id');\n                    var _this = $(this);\n\t\t\t\t\t_this.addClass('ng-loading');\n\t\t\t\t\t$.ajax({\n\t\t\t\t\t\ttype: \"POST\",\n\t\t\t\t\t\turl: 'https:\/\/www.aavn.edu.vn\/wp-admin\/admin-ajax.php',\n\t\t\t\t\t\tdata: { nonce: ajax.nonce, action: 'render_single_teacher', id: teacher_id },\n\t\t\t\t\t\tsuccess: function(data) {\n\t\t\t\t\t\t\t_this.removeClass('ng-loading');\n\t\t\t\t\t\t\tif(data){\n                                $('.ng-light-box-content').empty().append(data);\n\t\t\t\t\t\t\t\t$('.ng-light-box').fadeIn(\"slow\");\n\t\t\t\t\t\t\t\tvar _button_close = $('body').find('.button-close');\n\t\t\t\t\t\t\t\tif (_button_close.length > 0) {\n\t\t\t\t\t\t\t\t\t_button_close.on('click', function(e) {\n\t\t\t\t\t\t\t\t\t\t$('.ng-light-box').fadeOut(\"slow\");\n\t\t\t\t\t\t\t\t\t});\n\t\t\t\t\t\t\t\t}\n                            }\n\n\t\t\t\t\t\t}\n\t\t\t\t\t})\n\t\t\t\t})\n\t\t\t});\n\t\t<\/script> \n\t\t[\/vc_column][\/vc_row][vc_row][vc_column]\t\t<div class=\"ng-spacing \">\n\t\t\t<div class=\"ng-spacing-empty ng-spacing-md\" style=\"height: 96px\"><\/div>\n\t\t\t<div class=\"ng-spacing-empty ng-spacing-sm\" style=\"height: 96px\"><\/div>\n\t\t\t<div class=\"ng-spacing-empty ng-spacing-xs\" style=\"height: 96px\"><\/div>\n\t\t<\/div>\n\t[vc_custom_heading text=&#8221;L\u1ecbch h\u1ecdc ISHCMC &#8211; H\u1ecdc vi\u1ec7n Hoa K\u1ef3&#8221; font_container=&#8221;tag:h1|font_size:48px|text_align:center|color:%2300558F|line_height:56px&#8221; use_theme_fonts=&#8221;yes&#8221; css=&#8221;.vc_custom_1728871372031{margin-top: 24px !important;margin-right: 24px !important;margin-bottom: 24px !important;margin-left: 24px !important;}&#8221;][\/vc_column][\/vc_row][vc_row el_class=&#8221;bcs-container&#8221;][vc_column][vc_column_text]T\u1ea1i \u0111\u00e2y b\u1ea1n c\u00f3 th\u1ec3 t\u00ecm th\u1ea5y l\u1ecbch h\u1ecdc c\u1ee7a tr\u01b0\u1eddng ISHCMC-AA v\u1edbi c\u00e1c ng\u00e0y h\u1ecdc trong h\u1ecdc k\u1ef3, ng\u00e0y ngh\u1ec9 l\u1ec5, ng\u00e0y l\u1ec5 trong n\u0103m nay.[\/vc_column_text]\t\t<div class=\"ng-spacing \">\n\t\t\t<div class=\"ng-spacing-empty ng-spacing-md\" style=\"height: 30px\"><\/div>\n\t\t\t<div class=\"ng-spacing-empty ng-spacing-sm\" style=\"height: 30px\"><\/div>\n\t\t\t<div class=\"ng-spacing-empty ng-spacing-xs\" style=\"height: 30px\"><\/div>\n\t\t<\/div>\n\t[vc_single_image image=&#8221;20277&#8243; img_size=&#8221;full&#8221; css=&#8221;&#8221;][\/vc_column][\/vc_row][vc_row el_class=&#8221;bcs-container&#8221;][vc_column][vc_custom_heading text=&#8221;L\u1ecbch h\u1ecdc k\u1ef3 2025 &#8211; 2026&#8243; font_container=&#8221;tag:h2|font_size:24px|text_align:left|color:%23002c77|line_height:32px&#8221; use_theme_fonts=&#8221;yes&#8221; css=&#8221;&#8221;][vc_column_text css=&#8221;&#8221;]<\/p>\n<table style=\"height: 156px\" width=\"553\">\n<tbody>\n<tr>\n<td width=\"87\"><\/td>\n<td style=\"text-align: center\" width=\"183\">T\u1eeb<\/td>\n<td style=\"text-align: center\" width=\"219\">\u0110\u1ebeN<\/td>\n<\/tr>\n<tr>\n<td width=\"87\">H\u1ecdc k\u1ef3 1<\/td>\n<td width=\"183\">Th\u1ee9 s\u00e1u, ng\u00e0y 4 th\u00e1ng 8 n\u0103m 2025<\/td>\n<td width=\"219\">Th\u1ee9 s\u00e1u, ng\u00e0y 19 th\u00e1ng 12 n\u0103m 2025<\/td>\n<\/tr>\n<tr>\n<td width=\"87\">H\u1ecdc k\u1ef3 2<\/td>\n<td width=\"183\">Th\u1ee9 Hai, ng\u00e0y 5 th\u00e1ng 1 n\u0103m 2026<\/td>\n<td width=\"219\">Th\u1ee9 n\u0103m, ng\u00e0y 4 th\u00e1ng 6 n\u0103m 2026<\/td>\n<\/tr>\n<\/tbody>\n<\/table>\n<p>[\/vc_column_text]\t\t<div class=\"ng-spacing \">\n\t\t\t<div class=\"ng-spacing-empty ng-spacing-md\" style=\"height: 30px\"><\/div>\n\t\t\t<div class=\"ng-spacing-empty ng-spacing-sm\" style=\"height: 30px\"><\/div>\n\t\t\t<div class=\"ng-spacing-empty ng-spacing-xs\" style=\"height: 30px\"><\/div>\n\t\t<\/div>\n\t[\/vc_column][\/vc_row][vc_row el_class=&#8221;bcs-container&#8221;][vc_column][vc_custom_heading text=&#8221;Ng\u00e0y h\u1ecdc k\u1ef3 2025 &#8211; 2026&#8243; font_container=&#8221;tag:h2|font_size:24px|text_align:left|color:%23002c77|line_height:32px&#8221; use_theme_fonts=&#8221;yes&#8221; css=&#8221;&#8221;][vc_column_text css=&#8221;&#8221;]<\/p>\n<table style=\"height: 159px\" width=\"310\">\n<tbody>\n<tr>\n<td width=\"283\"><\/td>\n<td width=\"399\">T\u1eeb<\/td>\n<td width=\"197\">\u0110\u1ebeN<\/td>\n<\/tr>\n<tr>\n<td width=\"283\">H\u1ecdc k\u1ef3 1<\/td>\n<td width=\"399\">Ng\u00e0y 4 th\u00e1ng 8 n\u0103m 2025<\/td>\n<td width=\"197\">Ng\u00e0y 17 th\u00e1ng 10 n\u0103m 2025<\/td>\n<\/tr>\n<tr>\n<td width=\"283\">H\u1ecdc k\u1ef3 2<\/td>\n<td width=\"399\">Ng\u00e0y 20 th\u00e1ng 10 n\u0103m 2025<\/td>\n<td width=\"197\">Ng\u00e0y 2 th\u00e1ng 1 n\u0103m 2026<\/td>\n<\/tr>\n<tr>\n<td width=\"283\">H\u1ecdc k\u1ef3 3<\/td>\n<td width=\"399\">Ng\u00e0y 5 th\u00e1ng 1 n\u0103m 2o26<\/td>\n<td width=\"197\">Ng\u00e0y 27 th\u00e1ng 3 n\u0103m 2026<\/td>\n<\/tr>\n<tr>\n<td width=\"283\">H\u1ecdc k\u1ef3 4<\/td>\n<td width=\"399\">Ng\u00e0y 30 th\u00e1ng 3 n\u0103m 2026<\/td>\n<td width=\"197\">Ng\u00e0y 4 th\u00e1ng 6 n\u0103m 2026<\/td>\n<\/tr>\n<\/tbody>\n<\/table>\n<p>[\/vc_column_text]\t\t<div class=\"ng-spacing \">\n\t\t\t<div class=\"ng-spacing-empty ng-spacing-md\" style=\"height: 30px\"><\/div>\n\t\t\t<div class=\"ng-spacing-empty ng-spacing-sm\" style=\"height: 30px\"><\/div>\n\t\t\t<div class=\"ng-spacing-empty ng-spacing-xs\" style=\"height: 30px\"><\/div>\n\t\t<\/div>\n\t[\/vc_column][\/vc_row][vc_row el_class=&#8221;bcs-container&#8221;][vc_column][vc_custom_heading text=&#8221;K\u1ef3 ngh\u1ec9 h\u1ecdc 2025 &#8211; 2026&#8243; font_container=&#8221;tag:h2|font_size:24px|text_align:left|color:%23002c77|line_height:32px&#8221; use_theme_fonts=&#8221;yes&#8221; css=&#8221;&#8221;][vc_column_text css=&#8221;&#8221;]<\/p>\n<table border=\"0\" cellspacing=\"0\" cellpadding=\"0\">\n<tbody>\n<tr>\n<td><strong>NG\u00c0Y L\u1ec4<\/strong><\/td>\n<td style=\"text-align: center\"><strong>T\u1eea &#8211; \u0110\u1ebeN<\/strong><\/td>\n<\/tr>\n<tr>\n<td>K\u1ef3 ngh\u1ec9 m\u00f9a thu<\/td>\n<td>Th\u1ee9 Hai, ng\u00e0y 13 th\u00e1ng 10 n\u0103m 2025 \u2013 Th\u1ee9 S\u00e1u, ng\u00e0y 17 th\u00e1ng 10 n\u0103m 2025<\/td>\n<\/tr>\n<tr>\n<td>K\u1ef3 ngh\u1ec9 \u0111\u00f4ng<\/td>\n<td>Th\u1ee9 Hai, ng\u00e0y 22 th\u00e1ng 12 n\u0103m 2025 \u2013 Th\u1ee9 S\u00e1u, ng\u00e0y 2 th\u00e1ng 1 n\u0103m 2026<\/td>\n<\/tr>\n<tr>\n<td>T\u1ebft Nguy\u00ean \u0110\u00e1n<\/td>\n<td>Th\u1ee9 Hai, ng\u00e0y 9 th\u00e1ng 2 n\u0103m 2026 \u2013 Th\u1ee9 S\u00e1u, ng\u00e0y 20 th\u00e1ng 2 n\u0103m 2026<\/td>\n<\/tr>\n<tr>\n<td>K\u1ef3 ngh\u1ec9 xu\u00e2n<\/td>\n<td>Th\u1ee9 Hai, ng\u00e0y 27 th\u00e1ng 4 n\u0103m 2026 \u2013 Th\u1ee9 S\u00e1u, ng\u00e0y 1 th\u00e1ng 5 n\u0103m 2026<\/td>\n<\/tr>\n<tr>\n<td>K\u1ef3 ngh\u1ec9 h\u00e8<\/td>\n<td>Th\u1ee9 Hai, ng\u00e0y 8 th\u00e1ng 6 n\u0103m 2026<\/td>\n<\/tr>\n<\/tbody>\n<\/table>\n<p>[\/vc_column_text]\t\t<div class=\"ng-spacing \">\n\t\t\t<div class=\"ng-spacing-empty ng-spacing-md\" style=\"height: 30px\"><\/div>\n\t\t\t<div class=\"ng-spacing-empty ng-spacing-sm\" style=\"height: 30px\"><\/div>\n\t\t\t<div class=\"ng-spacing-empty ng-spacing-xs\" style=\"height: 30px\"><\/div>\n\t\t<\/div>\n\t[\/vc_column][\/vc_row][vc_row el_class=&#8221;bcs-container&#8221;][vc_column][vc_custom_heading text=&#8221;C\u00e1c Ng\u00e0y L\u1ec5 &#038; Ng\u00e0y Ngh\u1ec9 C\u1ee7a H\u1ecdc Sinh N\u0103m H\u1ecdc 2025 &#8211; 2026&#8243; font_container=&#8221;tag:h2|font_size:24px|text_align:left|color:%23002c77|line_height:32px&#8221; use_theme_fonts=&#8221;yes&#8221; css=&#8221;&#8221;][vc_column_text css=&#8221;&#8221;]<\/p>\n<table style=\"height: 277px\" border=\"0\" width=\"817\" cellspacing=\"0\" cellpadding=\"0\">\n<tbody>\n<tr>\n<td><strong>S\u1ef0 KI\u1ec6N\/NG\u00c0Y L\u1ec4<\/strong><\/td>\n<td><strong>T\u1eea &#8211; \u0110\u1ebeN<\/strong><\/td>\n<\/tr>\n<tr>\n<td>Ng\u00e0y Qu\u1ed1c kh\u00e1nh<\/td>\n<td>Th\u1ee9 Ba, ng\u00e0y 2 th\u00e1ng 9 n\u0103m 2025<\/td>\n<\/tr>\n<tr>\n<td>Ng\u00e0y ph\u00e1t tri\u1ec3n chuy\u00ean m\u00f4n v\u00e0 Ng\u00e0y h\u1ed9i sinh vi\u00ean tr\u1ef1c tuy\u1ebfn<\/td>\n<td>Th\u1ee9 s\u00e1u, ng\u00e0y 19 th\u00e1ng 9 n\u0103m 2025<\/td>\n<\/tr>\n<tr>\n<td>H\u1ed9i ngh\u1ecb Ph\u1ee5 huynh-H\u1ecdc sinh-Gi\u00e1o vi\u00ean<\/td>\n<td>Th\u1ee9 Hai, ng\u00e0y 29 th\u00e1ng 9 n\u0103m 2025 &#8211; Th\u1ee9 Ba, ng\u00e0y 30 th\u00e1ng 9 n\u0103m 2025<\/td>\n<\/tr>\n<tr>\n<td>Ng\u00e0y ph\u00e1t tri\u1ec3n chuy\u00ean m\u00f4n Cognita Ch\u00e2u \u00c1<\/td>\n<td>Th\u1ee9 s\u00e1u, ng\u00e0y 7 th\u00e1ng 11 n\u0103m 2025<\/td>\n<\/tr>\n<tr>\n<td>Ng\u00e0y ph\u00e1t tri\u1ec3n chuy\u00ean m\u00f4n<\/td>\n<td>Th\u1ee9 hai, ng\u00e0y 20 th\u00e1ng 10 n\u0103m 2025<\/td>\n<\/tr>\n<tr>\n<td>Ng\u00e0y ph\u00e1t tri\u1ec3n chuy\u00ean m\u00f4n<\/td>\n<td>Th\u1ee9 n\u0103m, ng\u00e0y 12 th\u00e1ng 3 n\u0103m 2026<\/td>\n<\/tr>\n<tr>\n<td>H\u1ed9i ngh\u1ecb Ph\u1ee5 huynh-H\u1ecdc sinh-Gi\u00e1o vi\u00ean<\/td>\n<td>Th\u1ee9 Hai, ng\u00e0y 16 th\u00e1ng 3 n\u0103m 2026<\/td>\n<\/tr>\n<tr>\n<td>Ng\u00e0y l\u1ec5 qu\u1ed1c gia<\/td>\n<td>Ch\u1ee7 Nh\u1eadt, ng\u00e0y 26 th\u00e1ng 4 n\u0103m 2026<\/td>\n<\/tr>\n<tr>\n<td>Ng\u00e0y l\u1ec5 qu\u1ed1c gia<\/td>\n<td>Th\u1ee9 n\u0103m, ng\u00e0y 30 th\u00e1ng 4 n\u0103m 2026 &#8211; Th\u1ee9 s\u00e1u, ng\u00e0y 1 th\u00e1ng 5 n\u0103m 2026<\/td>\n<\/tr>\n<tr>\n<td>Ng\u00e0y ph\u00e1t tri\u1ec3n chuy\u00ean m\u00f4n<\/td>\n<td>Th\u1ee9 s\u00e1u, ng\u00e0y 5 th\u00e1ng 6 n\u0103m 2026<\/td>\n<\/tr>\n<\/tbody>\n<\/table>\n<p>[\/vc_column_text]\t\t<div class=\"ng-spacing \">\n\t\t\t<div class=\"ng-spacing-empty ng-spacing-md\" style=\"height: 30px\"><\/div>\n\t\t\t<div class=\"ng-spacing-empty ng-spacing-sm\" style=\"height: 30px\"><\/div>\n\t\t\t<div class=\"ng-spacing-empty ng-spacing-xs\" style=\"height: 30px\"><\/div>\n\t\t<\/div>\n\t[\/vc_column][\/vc_row][vc_row][vc_column][vc_single_image image=&#8221;20359&#8243; img_size=&#8221;full&#8221; alignment=&#8221;center&#8221; css=&#8221;&#8221;][\/vc_column][\/vc_row][vc_row full_width=&#8221;stretch_row&#8221; css=&#8221;.vc_custom_1648866157412{background-color: #F9FAFB !important;}&#8221;][vc_column]\t\t<div class=\"ng-spacing \">\n\t\t\t<div class=\"ng-spacing-empty ng-spacing-md\" style=\"height: 96px\"><\/div>\n\t\t\t<div class=\"ng-spacing-empty ng-spacing-sm\" style=\"height: 96px\"><\/div>\n\t\t\t<div class=\"ng-spacing-empty ng-spacing-xs\" style=\"height: 96px\"><\/div>\n\t\t<\/div>\n\t\t<div class=\"nex-title-content tpl1 text-center  \" style=\"max-width: initial\">\n\t\t\t\t\t\t\t<h4 class=\"nex-title text-secondary-color\">N\u1ed9i dung li\u00ean quan<\/h4>\n\t\t\t\t\t\t\t<\/div>\n[vc_row_inner el_class=&#8221;related-content&#8221;][vc_column_inner width=&#8221;1\/4&#8243;]\t\n\t\t\t\t\t\t<div class=\"nex-card lazy type1 \" onClick=\"document.location.href = &#039;https:\/\/asia.cognita.network\/aavn-v2\/university-and-guidance\/&#039;\">\n\t\t\t\t\t\t\t<div class=\"nex-card-image\">\n                    <img decoding=\"async\" class=\"card-image rounder-4 \" src=\"https:\/\/www.aavn.edu.vn\/wp-content\/uploads\/sites\/21\/2022\/08\/Images-4.jpg\" width=\"280\" height=\"305\" alt=\"Images\" title=\"Images\" loading=\"lazy\" \/>                <\/div>\n\t\t\t\t\t\t\t\t\t\t\t\t\t<h4 class=\"mb-0 text-white nex-card-title\"><a href=\"https:\/\/asia.cognita.network\/aavn-v2\/university-and-guidance\/\" target=\"_self\" >H\u01b0\u1edbng d\u1eabn \u0110\u1ea1i h\u1ecdc<\/a><\/h4>\n\t\t\t\t\t\t\t\t\t\t\t<\/div>\n\t\t\t[\/vc_column_inner][vc_column_inner width=&#8221;1\/4&#8243;]\t\n\t\t\t\t\t\t<div class=\"nex-card lazy type1 \" onClick=\"document.location.href = &#039;\/curriculum\/curriculum\/&#039;\">\n\t\t\t\t\t\t\t<div class=\"nex-card-image\">\n                    <img decoding=\"async\" class=\"card-image rounder-4 \" src=\"https:\/\/www.aavn.edu.vn\/wp-content\/uploads\/sites\/21\/2022\/08\/Images-4-1.jpg\" width=\"280\" height=\"305\" alt=\"Images-4\" title=\"Images-4\" loading=\"lazy\" \/>                <\/div>\n\t\t\t\t\t\t\t\t\t\t\t\t\t<h4 class=\"mb-0 text-white nex-card-title\"><a href=\"\/curriculum\/curriculum\/\" target=\"_self\" >Ch\u01b0\u01a1ng tr\u00ecnh gi\u1ea3ng d\u1ea1y<\/a><\/h4>\n\t\t\t\t\t\t\t\t\t\t\t<\/div>\n\t\t\t[\/vc_column_inner][vc_column_inner width=&#8221;1\/4&#8243;]\t\n\t\t\t\t\t\t<div class=\"nex-card lazy type1 \" onClick=\"document.location.href = &#039;https:\/\/asia.cognita.network\/aavn-v2\/school-support-services\/&#039;\">\n\t\t\t\t\t\t\t<div class=\"nex-card-image\">\n                    <img decoding=\"async\" class=\"card-image rounder-4 \" src=\"https:\/\/www.aavn.edu.vn\/wp-content\/uploads\/sites\/21\/2022\/08\/Images-2-1-1.jpg\" width=\"280\" height=\"305\" alt=\"Images-2\" title=\"Images-2\" loading=\"lazy\" \/>                <\/div>\n\t\t\t\t\t\t\t\t\t\t\t\t\t<h4 class=\"mb-0 text-white nex-card-title\"><a href=\"https:\/\/asia.cognita.network\/aavn-v2\/school-support-services\/\" target=\"_self\" >D\u1ecbch v\u1ee5 tr\u01b0\u1eddng h\u1ecdc<\/a><\/h4>\n\t\t\t\t\t\t\t\t\t\t\t<\/div>\n\t\t\t[\/vc_column_inner][vc_column_inner width=&#8221;1\/4&#8243;]\t\n\t\t\t\t\t\t<div class=\"nex-card lazy type1 \" onClick=\"document.location.href = &#039;https:\/\/asia.cognita.network\/aavn-v2\/blog\/&#039;\">\n\t\t\t\t\t\t\t<div class=\"nex-card-image\">\n                    <img decoding=\"async\" class=\"card-image rounder-4 \" src=\"https:\/\/www.aavn.edu.vn\/wp-content\/uploads\/sites\/21\/2022\/08\/Images-3-1.jpg\" width=\"280\" height=\"305\" alt=\"Images-3\" title=\"Images-3\" loading=\"lazy\" \/>                <\/div>\n\t\t\t\t\t\t\t\t\t\t\t\t\t<h4 class=\"mb-0 text-white nex-card-title\"><a href=\"https:\/\/asia.cognita.network\/aavn-v2\/blog\/\" target=\"_self\" >Blog<\/a><\/h4>\n\t\t\t\t\t\t\t\t\t\t\t<\/div>\n\t\t\t[\/vc_column_inner][\/vc_row_inner]\t\t<div class=\"ng-spacing \">\n\t\t\t<div class=\"ng-spacing-empty ng-spacing-md\" style=\"height: 96px\"><\/div>\n\t\t\t<div class=\"ng-spacing-empty ng-spacing-sm\" style=\"height: 96px\"><\/div>\n\t\t\t<div class=\"ng-spacing-empty ng-spacing-xs\" style=\"height: 96px\"><\/div>\n\t\t<\/div>\n\t[\/vc_column][\/vc_row][vc_row][vc_column][vc_raw_html]JTVCdmNfY29udGVudCUyMGlkJTNEJTIyMzU2MyUyMiU1RA==[\/vc_raw_html][\/vc_column][\/vc_row]<\/p>\n<\/div>","protected":false},"excerpt":{"rendered":"<p>[vc_row full_width=&#8221;stretch_row_content_no_spaces&#8221; css=&#8221;.vc_custom_1759216881802{background-image: url(https:\/\/www.aavn.edu.vn\/wp-content\/uploads\/sites\/21\/2025\/07\/Untitled-design.png?id=20269) !important;background-position: center !important;background-repeat: no-repeat !important;background-size: cover !important;}&#8221;][vc_column][\/vc_column][\/vc_row][vc_row][vc_column offset=&#8221;vc_hidden-lg vc_hidden-md vc_hidden-sm vc_hidden-xs&#8221;][\/vc_column][\/vc_row][vc_row][vc_column offset=&#8221;vc_hidden-lg vc_hidden-md vc_hidden-sm vc_hidden-xs&#8221;][\/vc_column][\/vc_row][vc_row][vc_column][vc_custom_heading text=&#8221;L\u1ecbch h\u1ecdc ISHCMC &#8211; H\u1ecdc vi\u1ec7n Hoa K\u1ef3&#8221; font_container=&#8221;tag:h1|font_size:48px|text_align:center|color:%2300558F|line_height:56px&#8221; use_theme_fonts=&#8221;yes&#8221; css=&#8221;.vc_custom_1728871372031{margin-top: 24px !important;margin-right: 24px !important;margin-bottom: 24px !important;margin-left: 24px !important;}&#8221;][\/vc_column][\/vc_row][vc_row el_class=&#8221;bcs-container&#8221;][vc_column][vc_column_text]T\u1ea1i \u0111\u00e2y b\u1ea1n c\u00f3 th\u1ec3 t\u00ecm th\u1ea5y l\u1ecbch h\u1ecdc c\u1ee7a tr\u01b0\u1eddng ISHCMC-AA v\u1edbi c\u00e1c ng\u00e0y h\u1ecdc trong [&hellip;]<\/p>\n","protected":false},"author":22,"featured_media":0,"parent":22532,"menu_order":0,"comment_status":"closed","ping_status":"closed","template":"redux-templates_full_width","meta":{"_acf_changed":false,"footnotes":""},"class_list":["post-4753","page","type-page","status-publish","hentry"],"acf":[],"yoast_head":"<!-- This site is optimized with the Yoast SEO plugin v27.3 - https:\/\/yoast.com\/product\/yoast-seo-wordpress\/ -->\n<title>L\u1ecbch AA ISHCMC | ISHCMC-AA<\/title>\n<meta name=\"description\" content=\"L\u1ecbch ISHCMC-AA cung c\u1ea5p th\u00f4ng tin v\u1ec1 c\u00e1c s\u1ef1 ki\u1ec7n, ho\u1ea1t \u0111\u1ed9ng v\u00e0 l\u1ecbch tr\u00ecnh n\u0103m h\u1ecdc trong su\u1ed1t qu\u00e1 tr\u00ecnh h\u1ecdc t\u1eadp.\" \/>\n<meta name=\"robots\" content=\"index, follow, max-snippet:-1, max-image-preview:large, max-video-preview:-1\" \/>\n<link rel=\"canonical\" href=\"https:\/\/www.aavn.edu.vn\/vi\/cuoc-song-tai-ishcmc-aa\/lich-nam-hoc\/\" \/>\n<meta property=\"og:locale\" content=\"vi_VN\" \/>\n<meta property=\"og:type\" content=\"article\" \/>\n<meta property=\"og:title\" content=\"L\u1ecbch AA ISHCMC | ISHCMC-AA\" \/>\n<meta property=\"og:description\" content=\"L\u1ecbch ISHCMC-AA cung c\u1ea5p th\u00f4ng tin v\u1ec1 c\u00e1c s\u1ef1 ki\u1ec7n, ho\u1ea1t \u0111\u1ed9ng v\u00e0 l\u1ecbch tr\u00ecnh n\u0103m h\u1ecdc trong su\u1ed1t qu\u00e1 tr\u00ecnh h\u1ecdc t\u1eadp.\" \/>\n<meta property=\"og:url\" content=\"https:\/\/www.aavn.edu.vn\/vi\/cuoc-song-tai-ishcmc-aa\/lich-nam-hoc\/\" \/>\n<meta property=\"og:site_name\" content=\"ISHCMC \u2013 American Academy\" \/>\n<meta property=\"article:publisher\" content=\"https:\/\/www.facebook.com\/ishcmcaa\/\" \/>\n<meta property=\"article:modified_time\" content=\"2025-09-30T07:24:23+00:00\" \/>\n<meta name=\"twitter:card\" content=\"summary_large_image\" \/>\n<meta name=\"twitter:site\" content=\"@aavn_sunbears\" \/>\n<meta name=\"twitter:label1\" content=\"Est. reading time\" \/>\n\t<meta name=\"twitter:data1\" content=\"4 minutes\" \/>\n<!-- \/ Yoast SEO plugin. -->","yoast_head_json":{"title":"L\u1ecbch AA ISHCMC | ISHCMC-AA","description":"L\u1ecbch ISHCMC-AA cung c\u1ea5p th\u00f4ng tin v\u1ec1 c\u00e1c s\u1ef1 ki\u1ec7n, ho\u1ea1t \u0111\u1ed9ng v\u00e0 l\u1ecbch tr\u00ecnh n\u0103m h\u1ecdc trong su\u1ed1t qu\u00e1 tr\u00ecnh h\u1ecdc t\u1eadp.","robots":{"index":"index","follow":"follow","max-snippet":"max-snippet:-1","max-image-preview":"max-image-preview:large","max-video-preview":"max-video-preview:-1"},"canonical":"https:\/\/www.aavn.edu.vn\/vi\/cuoc-song-tai-ishcmc-aa\/lich-nam-hoc\/","og_locale":"vi_VN","og_type":"article","og_title":"L\u1ecbch AA ISHCMC | ISHCMC-AA","og_description":"L\u1ecbch ISHCMC-AA cung c\u1ea5p th\u00f4ng tin v\u1ec1 c\u00e1c s\u1ef1 ki\u1ec7n, ho\u1ea1t \u0111\u1ed9ng v\u00e0 l\u1ecbch tr\u00ecnh n\u0103m h\u1ecdc trong su\u1ed1t qu\u00e1 tr\u00ecnh h\u1ecdc t\u1eadp.","og_url":"https:\/\/www.aavn.edu.vn\/vi\/cuoc-song-tai-ishcmc-aa\/lich-nam-hoc\/","og_site_name":"ISHCMC \u2013 American Academy","article_publisher":"https:\/\/www.facebook.com\/ishcmcaa\/","article_modified_time":"2025-09-30T07:24:23+00:00","twitter_card":"summary_large_image","twitter_site":"@aavn_sunbears","twitter_misc":{"Est. reading time":"4 minutes"},"schema":{"@context":"https:\/\/schema.org","@graph":[{"@type":"WebPage","@id":"https:\/\/www.aavn.edu.vn\/vi\/cuoc-song-tai-ishcmc-aa\/lich-nam-hoc\/","url":"https:\/\/www.aavn.edu.vn\/vi\/cuoc-song-tai-ishcmc-aa\/lich-nam-hoc\/","name":"L\u1ecbch AA ISHCMC | ISHCMC-AA","isPartOf":{"@id":"https:\/\/www.aavn.edu.vn\/vi\/#website"},"datePublished":"2022-03-27T20:29:54+00:00","dateModified":"2025-09-30T07:24:23+00:00","description":"L\u1ecbch ISHCMC-AA cung c\u1ea5p th\u00f4ng tin v\u1ec1 c\u00e1c s\u1ef1 ki\u1ec7n, ho\u1ea1t \u0111\u1ed9ng v\u00e0 l\u1ecbch tr\u00ecnh n\u0103m h\u1ecdc trong su\u1ed1t qu\u00e1 tr\u00ecnh h\u1ecdc t\u1eadp.","breadcrumb":{"@id":"https:\/\/www.aavn.edu.vn\/vi\/cuoc-song-tai-ishcmc-aa\/lich-nam-hoc\/#breadcrumb"},"inLanguage":"vi-VN","potentialAction":[{"@type":"ReadAction","target":["https:\/\/www.aavn.edu.vn\/vi\/cuoc-song-tai-ishcmc-aa\/lich-nam-hoc\/"]}]},{"@type":"BreadcrumbList","@id":"https:\/\/www.aavn.edu.vn\/vi\/cuoc-song-tai-ishcmc-aa\/lich-nam-hoc\/#breadcrumb","itemListElement":[{"@type":"ListItem","position":1,"name":"Home","item":"https:\/\/www.aavn.edu.vn\/vi\/"},{"@type":"ListItem","position":2,"name":"B\u1ea3n tin tr\u01b0\u1eddng","item":"https:\/\/www.aavn.edu.vn\/vi\/blog\/"},{"@type":"ListItem","position":3,"name":"L\u1ecbch v\u00e0 ng\u00e0y h\u1ecdc"}]},{"@type":"WebSite","@id":"https:\/\/www.aavn.edu.vn\/vi\/#website","url":"https:\/\/www.aavn.edu.vn\/vi\/","name":"ISHCMC \u2013 American Academy","description":"A leading American-curriculum secondary school in HCMC","publisher":{"@id":"https:\/\/www.aavn.edu.vn\/vi\/#organization"},"potentialAction":[{"@type":"SearchAction","target":{"@type":"EntryPoint","urlTemplate":"https:\/\/www.aavn.edu.vn\/vi\/?s={search_term_string}"},"query-input":{"@type":"PropertyValueSpecification","valueRequired":true,"valueName":"search_term_string"}}],"inLanguage":"vi-VN"},{"@type":"Organization","@id":"https:\/\/www.aavn.edu.vn\/vi\/#organization","name":"ISHCMC \u2013 American Academy","url":"https:\/\/www.aavn.edu.vn\/vi\/","logo":{"@type":"ImageObject","inLanguage":"vi-VN","@id":"https:\/\/www.aavn.edu.vn\/vi\/#\/schema\/logo\/image\/","url":"https:\/\/www.aavn.edu.vn\/wp-content\/uploads\/sites\/21\/2022\/03\/1744709931696.jpg","contentUrl":"https:\/\/www.aavn.edu.vn\/wp-content\/uploads\/sites\/21\/2022\/03\/1744709931696.jpg","width":"800","height":"729","caption":"ISHCMC \u2013 American Academy"},"image":{"@id":"https:\/\/www.aavn.edu.vn\/vi\/#\/schema\/logo\/image\/"},"sameAs":["https:\/\/www.facebook.com\/ishcmcaa\/","https:\/\/x.com\/aavn_sunbears","https:\/\/www.youtube.com\/c\/ishcmcamericanacademy","https:\/\/www.instagram.com\/aavnsunbears\/"]}]}},"jetpack_sharing_enabled":true,"_links":{"self":[{"href":"https:\/\/www.aavn.edu.vn\/vi\/wp-json\/wp\/v2\/pages\/4753","targetHints":{"allow":["GET"]}}],"collection":[{"href":"https:\/\/www.aavn.edu.vn\/vi\/wp-json\/wp\/v2\/pages"}],"about":[{"href":"https:\/\/www.aavn.edu.vn\/vi\/wp-json\/wp\/v2\/types\/page"}],"author":[{"embeddable":true,"href":"https:\/\/www.aavn.edu.vn\/vi\/wp-json\/wp\/v2\/users\/22"}],"replies":[{"embeddable":true,"href":"https:\/\/www.aavn.edu.vn\/vi\/wp-json\/wp\/v2\/comments?post=4753"}],"version-history":[{"count":19,"href":"https:\/\/www.aavn.edu.vn\/vi\/wp-json\/wp\/v2\/pages\/4753\/revisions"}],"predecessor-version":[{"id":20547,"href":"https:\/\/www.aavn.edu.vn\/vi\/wp-json\/wp\/v2\/pages\/4753\/revisions\/20547"}],"up":[{"embeddable":true,"href":"https:\/\/www.aavn.edu.vn\/vi\/wp-json\/wp\/v2\/pages\/22532"}],"wp:attachment":[{"href":"https:\/\/www.aavn.edu.vn\/vi\/wp-json\/wp\/v2\/media?parent=4753"}],"curies":[{"name":"wp","href":"https:\/\/api.w.org\/{rel}","templated":true}]}}