{"id":4762,"date":"2022-03-28T03:43:04","date_gmt":"2022-03-27T20:43:04","guid":{"rendered":"https:\/\/www.aavn.edu.vn\/?page_id=4762"},"modified":"2025-11-27T11:42:01","modified_gmt":"2025-11-27T04:42:01","slug":"our-locations-ishcmc-american-academy","status":"publish","type":"page","link":"https:\/\/www.aavn.edu.vn\/vi\/tong-quan\/our-locations-ishcmc-american-academy\/","title":{"rendered":"Li\u00ean h\u1ec7"},"content":{"rendered":"<div class=\"wpb-content-wrapper\"><p>[vc_row full_width=&#8221;stretch_row_content_no_spaces&#8221; css=&#8221;.vc_custom_1759130762988{background-image: url(https:\/\/www.aavn.edu.vn\/wp-content\/uploads\/sites\/21\/2025\/09\/1680-x-450-images-1.jpg?id=20515) !important;background-position: center !important;background-repeat: no-repeat !important;background-size: cover !important;}&#8221;][vc_column]\t\t<div class=\"ng-spacing \">\n\t\t\t<div class=\"ng-spacing-empty ng-spacing-md\" style=\"height: 450px\"><\/div>\n\t\t\t<div class=\"ng-spacing-empty ng-spacing-sm\" style=\"height: 300px\"><\/div>\n\t\t\t<div class=\"ng-spacing-empty ng-spacing-xs\" style=\"height: 214px\"><\/div>\n\t\t<\/div>\n\t[\/vc_column][\/vc_row][vc_row full_width=&#8221;stretch_row_content_no_spaces&#8221; css=&#8221;.vc_custom_1648863105212{background-position: center !important;background-repeat: no-repeat !important;background-size: cover !important;}&#8221;][vc_column]\t\t<div class=\"ng-spacing \">\n\t\t\t<div class=\"ng-spacing-empty ng-spacing-md\" style=\"height: 96px\"><\/div>\n\t\t\t<div class=\"ng-spacing-empty ng-spacing-sm\" style=\"height: 96px\"><\/div>\n\t\t\t<div class=\"ng-spacing-empty ng-spacing-xs\" style=\"height: 48px\"><\/div>\n\t\t<\/div>\n\t[vc_custom_heading text=&#8221;TH\u00d4NG TIN LI\u00caN H\u1ec6&#8221; font_container=&#8221;tag:h1|font_size:48px|text_align:center|color:%2300558F|line_height:56px&#8221; use_theme_fonts=&#8221;yes&#8221; css=&#8221;.vc_custom_1728631828917{margin-top: 24px !important;margin-right: 24px !important;margin-bottom: 24px !important;margin-left: 24px !important;}&#8221;][\/vc_column][\/vc_row][vc_column][vc_gmaps link=&#8221;#E-8_JTNDaWZyYW1lJTIwc3JjJTNEJTIyaHR0cHMlM0ElMkYlMkZ3d3cuZ29vZ2xlLmNvbSUyRm1hcHMlMkZlbWJlZCUzRnBiJTNEJTIxMW0xNCUyMTFtOCUyMTFtMyUyMTFkMTU2NzYuMjk3MzUwNDA1NDAzJTIxMmQxMDYuNzQ3NzgyNiUyMTNkMTAuODA1NjE4NSUyMTNtMiUyMTFpMTAyNCUyMTJpNzY4JTIxNGYxMy4xJTIxM20zJTIxMW0yJTIxMXMweDAlMjUzQTB4YWJmOWZlY2I5ODMwMjNkMCUyMTJzSVNIQ01DJTI1MjAtJTI1MjBBbWVyaWNhbiUyNTIwQWNhZGVteSUyMTVlMCUyMTNtMiUyMTFzZW4lMjEycyUyMTR2MTY0OTQ3OTEyMTI4NiUyMTVtMiUyMTFzZW4lMjEycyUyMiUyMHdpZHRoJTNEJTIyNjAwJTIyJTIwaGVpZ2h0JTNEJTIyNDUwJTIyJTIwc3R5bGUlM0QlMjJib3JkZXIlM0EwJTNCJTIyJTIwYWxsb3dmdWxsc2NyZWVuJTNEJTIyJTIyJTIwbG9hZGluZyUzRCUyMmxhenklMjIlMjByZWZlcnJlcnBvbGljeSUzRCUyMm5vLXJlZmVycmVyLXdoZW4tZG93bmdyYWRlJTIyJTNFJTNDJTJGaWZyYW1lJTNF&#8221;]\t\t<div class=\"ng-bodytext-single-image ng-bodytext-single-image-76961009 \" style=\"width: initial\">\n\t\t\t<div class=\"wrap-single-image\">\n\t\t\t\t\t\t\t\t\t<h4 class=\"nex-bodytext-title\">ISHCMC - American Academy Campus<\/h4>\n\t\t\t\t\t\t\t\t\t\t\t\t\t<span class=\"nex-border background-primary-color\"><\/span>\n\t\t\t\t\t\t\t\t\t\t\t\t\t<div class=\"nex-bodytext-content\">\n\t\t\t\t\t    <p><strong>C\u01a0 S\u1ede TR\u01af\u1edcNG ISHCMC &#8211; AMERICAN ACADEMY<\/strong><\/p>\n<p><i class=\"ri-map-pin-line\"><\/i>16 V\u00f5 Tr\u01b0\u1eddng To\u1ea3n, Ph\u01b0\u1eddng An Kh\u00e1nh, Th\u00e0nh ph\u1ed1 H\u1ed3 Ch\u00ed Minh, Vi\u1ec7t Nam<\/p>\n<p><i class=\"ri-phone-line\"><\/i> (84-28) 3898 9098<\/p>\n<p><i class=\"ri-mail-line\"><\/i><a href=\"mailto:admissions@aavn.edu.vn\">admissions@aavn.edu.vn<\/a><\/p>\n\t\t\t\t\t<\/div>\n\t\t\t\t\t\t\t<\/div>\n\t\t\t\t\t<\/div>\n\t\t<style>\n            .ng-bodytext-single-image-76961009 .nex-bodytext-title{\n                font-size:; \n                line-height: ;\n            }\n\t\t\t.ng-bodytext-single-image-76961009 .nex-bodytext-sub-title{\n                font-size:; \n                line-height: ;\n            }\n            .ng-bodytext-single-image-76961009 .nex-bodytext-title{\n                color: ;\n            }\n            @media (max-width: 1024px) {\n                .ng-bodytext-single-image-76961009 .nex-bodytext-title{\n                    font-size:; \n                    line-height: ;\n                }\n            }\n            @media (max-width: 767px) {\n                .ng-bodytext-single-image-76961009 .nex-bodytext-title{\n                    font-size:; \n                    line-height: ;\n                }\n            }\n        <\/style>\n\t\t\t<div class=\"ng-spacing \">\n\t\t\t<div class=\"ng-spacing-empty ng-spacing-md\" style=\"height: 96px\"><\/div>\n\t\t\t<div class=\"ng-spacing-empty ng-spacing-sm\" style=\"height: 96px\"><\/div>\n\t\t\t<div class=\"ng-spacing-empty ng-spacing-xs\" style=\"height: 48px\"><\/div>\n\t\t<\/div>\n\t[\/vc_column][vc_row full_width=&#8221;stretch_row&#8221; css=&#8221;.vc_custom_1648866157412{background-color: #F9FAFB !important;}&#8221;][vc_column]\t\t<div class=\"ng-spacing \">\n\t\t\t<div class=\"ng-spacing-empty ng-spacing-md\" style=\"height: 96px\"><\/div>\n\t\t\t<div class=\"ng-spacing-empty ng-spacing-sm\" style=\"height: 96px\"><\/div>\n\t\t\t<div class=\"ng-spacing-empty ng-spacing-xs\" style=\"height: 96px\"><\/div>\n\t\t<\/div>\n\t\t<div class=\"nex-title-content tpl1 text-center  \" style=\"max-width: initial\">\n\t\t\t\t\t\t\t<h4 class=\"nex-title text-secondary-color\">N\u1ed9i dung li\u00ean quan<\/h4>\n\t\t\t\t\t\t\t<\/div>\n[vc_row_inner el_class=&#8221;related-content&#8221;][vc_column_inner width=&#8221;1\/4&#8243;]\t\n\t\t\t\t\t\t<div class=\"nex-card lazy type1 \" onClick=\"document.location.href = &#039;\/vi\/contact-us\/work-with-us\/&#039;\">\n\t\t\t\t\t\t\t<div class=\"nex-card-image\">\n                    <img decoding=\"async\" class=\"card-image rounder-4 \" src=\"https:\/\/www.aavn.edu.vn\/wp-content\/uploads\/sites\/21\/2025\/04\/Images-5_af11e6.webp\" width=\"280\" height=\"305\" alt=\"Images-5_af11e6\" title=\"Images-5_af11e6\" loading=\"lazy\" \/>                <\/div>\n\t\t\t\t\t\t\t\t\t\t\t\t\t<h4 class=\"mb-0 text-white nex-card-title\"><a href=\"\/vi\/contact-us\/work-with-us\/\" target=\"_self\" >C\u01a1 h\u1ed9i ngh\u1ec1 nghi\u1ec7p<\/a><\/h4>\n\t\t\t\t\t\t\t\t\t\t\t<\/div>\n\t\t\t[\/vc_column_inner][vc_column_inner width=&#8221;1\/4&#8243;]\t\n\t\t\t\t\t\t<div class=\"nex-card lazy type1 \" onClick=\"document.location.href = &#039;\/vi\/about-us\/cognita-schools-group\/&#039;\">\n\t\t\t\t\t\t\t<div class=\"nex-card-image\">\n                    <img decoding=\"async\" class=\"card-image rounder-4 \" src=\"https:\/\/www.aavn.edu.vn\/wp-content\/uploads\/sites\/21\/2022\/04\/our-cognita-family-01.png\" width=\"280\" height=\"305\" alt=\"our-cognita-family-01\" title=\"our-cognita-family-01\" loading=\"lazy\" \/>                <\/div>\n\t\t\t\t\t\t\t\t\t\t\t\t\t<h4 class=\"mb-0 text-white nex-card-title\"><a href=\"\/vi\/about-us\/cognita-schools-group\/\" target=\"_self\" >H\u1ec7 th\u1ed1ng Cognita<\/a><\/h4>\n\t\t\t\t\t\t\t\t\t\t\t<\/div>\n\t\t\t[\/vc_column_inner][vc_column_inner width=&#8221;1\/4&#8243;]\t\n\t\t\t\t\t\t<div class=\"nex-card lazy type1 \" onClick=\"document.location.href = &#039;\/vi\/about-us\/safe-guarding\/&#039;\">\n\t\t\t\t\t\t\t<div class=\"nex-card-image\">\n                    <img decoding=\"async\" class=\"card-image rounder-4 \" src=\"https:\/\/www.aavn.edu.vn\/wp-content\/uploads\/sites\/21\/2025\/04\/relate-3_7db125.webp\" width=\"280\" height=\"305\" alt=\"relate-3_7db125\" title=\"relate-3_7db125\" loading=\"lazy\" \/>                <\/div>\n\t\t\t\t\t\t\t\t\t\t\t\t\t<h4 class=\"mb-0 text-white nex-card-title\"><a href=\"\/vi\/about-us\/safe-guarding\/\" target=\"_self\" >Ch\u00ednh s\u00e1ch an to\u00e0n<\/a><\/h4>\n\t\t\t\t\t\t\t\t\t\t\t<\/div>\n\t\t\t[\/vc_column_inner][vc_column_inner width=&#8221;1\/4&#8243;]\t\n\t\t\t\t\t\t<div class=\"nex-card lazy type1 \" onClick=\"document.location.href = &#039;\/vi\/admissions\/choosing-the-right-school\/&#039;\">\n\t\t\t\t\t\t\t<div class=\"nex-card-image\">\n                    <img decoding=\"async\" class=\"card-image rounder-4 \" src=\"https:\/\/www.aavn.edu.vn\/wp-content\/uploads\/sites\/21\/2025\/04\/relate-4_c03d85.webp\" width=\"280\" height=\"305\" alt=\"relate-4_c03d85\" title=\"relate-4_c03d85\" loading=\"lazy\" \/>                <\/div>\n\t\t\t\t\t\t\t\t\t\t\t\t\t<h4 class=\"mb-0 text-white nex-card-title\"><a href=\"\/vi\/admissions\/choosing-the-right-school\/\" target=\"_self\" >Theo h\u1ecdc t\u1ea1i ISHCMC - AA<\/a><\/h4>\n\t\t\t\t\t\t\t\t\t\t\t<\/div>\n\t\t\t[\/vc_column_inner][\/vc_row_inner]\t\t<div class=\"ng-spacing \">\n\t\t\t<div class=\"ng-spacing-empty ng-spacing-md\" style=\"height: 96px\"><\/div>\n\t\t\t<div class=\"ng-spacing-empty ng-spacing-sm\" style=\"height: 96px\"><\/div>\n\t\t\t<div class=\"ng-spacing-empty ng-spacing-xs\" style=\"height: 96px\"><\/div>\n\t\t<\/div>\n\t[\/vc_column][\/vc_row]<\/p>\n<\/div>","protected":false},"excerpt":{"rendered":"<p>[vc_row full_width=&#8221;stretch_row_content_no_spaces&#8221; css=&#8221;.vc_custom_1759130762988{background-image: url(https:\/\/www.aavn.edu.vn\/wp-content\/uploads\/sites\/21\/2025\/09\/1680-x-450-images-1.jpg?id=20515) !important;background-position: center !important;background-repeat: no-repeat !important;background-size: cover !important;}&#8221;][vc_column][\/vc_column][\/vc_row][vc_row full_width=&#8221;stretch_row_content_no_spaces&#8221; css=&#8221;.vc_custom_1648863105212{background-position: center !important;background-repeat: no-repeat !important;background-size: cover !important;}&#8221;][vc_column][vc_custom_heading text=&#8221;TH\u00d4NG TIN LI\u00caN H\u1ec6&#8221; font_container=&#8221;tag:h1|font_size:48px|text_align:center|color:%2300558F|line_height:56px&#8221; use_theme_fonts=&#8221;yes&#8221; css=&#8221;.vc_custom_1728631828917{margin-top: 24px !important;margin-right: 24px !important;margin-bottom: 24px !important;margin-left: 24px !important;}&#8221;][\/vc_column][\/vc_row][vc_column][vc_gmaps link=&#8221;#E-8_JTNDaWZyYW1lJTIwc3JjJTNEJTIyaHR0cHMlM0ElMkYlMkZ3d3cuZ29vZ2xlLmNvbSUyRm1hcHMlMkZlbWJlZCUzRnBiJTNEJTIxMW0xNCUyMTFtOCUyMTFtMyUyMTFkMTU2NzYuMjk3MzUwNDA1NDAzJTIxMmQxMDYuNzQ3NzgyNiUyMTNkMTAuODA1NjE4NSUyMTNtMiUyMTFpMTAyNCUyMTJpNzY4JTIxNGYxMy4xJTIxM20zJTIxMW0yJTIxMXMweDAlMjUzQTB4YWJmOWZlY2I5ODMwMjNkMCUyMTJzSVNIQ01DJTI1MjAtJTI1MjBBbWVyaWNhbiUyNTIwQWNhZGVteSUyMTVlMCUyMTNtMiUyMTFzZW4lMjEycyUyMTR2MTY0OTQ3OTEyMTI4NiUyMTVtMiUyMTFzZW4lMjEycyUyMiUyMHdpZHRoJTNEJTIyNjAwJTIyJTIwaGVpZ2h0JTNEJTIyNDUwJTIyJTIwc3R5bGUlM0QlMjJib3JkZXIlM0EwJTNCJTIyJTIwYWxsb3dmdWxsc2NyZWVuJTNEJTIyJTIyJTIwbG9hZGluZyUzRCUyMmxhenklMjIlMjByZWZlcnJlcnBvbGljeSUzRCUyMm5vLXJlZmVycmVyLXdoZW4tZG93bmdyYWRlJTIyJTNFJTNDJTJGaWZyYW1lJTNF&#8221;][\/vc_column][vc_row full_width=&#8221;stretch_row&#8221; css=&#8221;.vc_custom_1648866157412{background-color: #F9FAFB !important;}&#8221;][vc_column][vc_row_inner el_class=&#8221;related-content&#8221;][vc_column_inner width=&#8221;1\/4&#8243;][\/vc_column_inner][vc_column_inner width=&#8221;1\/4&#8243;][\/vc_column_inner][vc_column_inner width=&#8221;1\/4&#8243;][\/vc_column_inner][vc_column_inner width=&#8221;1\/4&#8243;][\/vc_column_inner][\/vc_row_inner][\/vc_column][\/vc_row]<\/p>\n","protected":false},"author":22,"featured_media":0,"parent":22517,"menu_order":0,"comment_status":"closed","ping_status":"closed","template":"redux-templates_full_width","meta":{"_acf_changed":false,"footnotes":""},"class_list":["post-4762","page","type-page","status-publish","hentry"],"acf":[],"yoast_head":"<!-- This site is optimized with the Yoast SEO plugin v27.3 - https:\/\/yoast.com\/product\/yoast-seo-wordpress\/ -->\n<title>Our Locations | ISHCMC-American Academy<\/title>\n<meta name=\"description\" content=\"Th\u00f4ng tin li\u00ean h\u1ec7 v\u00e0 \u0111\u1ecba ch\u1ec9 c\u1ee7a ISHCMC-AA t\u1ea1i th\u00e0nh ph\u1ed1 H\u1ed3 Ch\u00ed Minh gi\u00fap qu\u00fd ph\u1ee5 huynh thu\u1eadn ti\u1ec7n trong vi\u1ec7c li\u00ean h\u1ec7.\" \/>\n<meta name=\"robots\" content=\"index, follow, max-snippet:-1, max-image-preview:large, max-video-preview:-1\" \/>\n<link rel=\"canonical\" href=\"https:\/\/www.aavn.edu.vn\/vi\/tong-quan\/our-locations-ishcmc-american-academy\/\" \/>\n<meta property=\"og:locale\" content=\"vi_VN\" \/>\n<meta property=\"og:type\" content=\"article\" \/>\n<meta property=\"og:title\" content=\"Our Locations | ISHCMC-American Academy\" \/>\n<meta property=\"og:description\" content=\"Th\u00f4ng tin li\u00ean h\u1ec7 v\u00e0 \u0111\u1ecba ch\u1ec9 c\u1ee7a ISHCMC-AA t\u1ea1i th\u00e0nh ph\u1ed1 H\u1ed3 Ch\u00ed Minh gi\u00fap qu\u00fd ph\u1ee5 huynh thu\u1eadn ti\u1ec7n trong vi\u1ec7c li\u00ean h\u1ec7.\" \/>\n<meta property=\"og:url\" content=\"https:\/\/www.aavn.edu.vn\/vi\/tong-quan\/our-locations-ishcmc-american-academy\/\" \/>\n<meta property=\"og:site_name\" content=\"ISHCMC \u2013 American Academy\" \/>\n<meta property=\"article:publisher\" content=\"https:\/\/www.facebook.com\/ishcmcaa\/\" \/>\n<meta property=\"article:modified_time\" content=\"2025-11-27T04:42:01+00:00\" \/>\n<meta name=\"twitter:card\" content=\"summary_large_image\" \/>\n<meta name=\"twitter:site\" content=\"@aavn_sunbears\" \/>\n<meta name=\"twitter:label1\" content=\"Est. reading time\" \/>\n\t<meta name=\"twitter:data1\" content=\"2 minutes\" \/>\n<!-- \/ Yoast SEO plugin. -->","yoast_head_json":{"title":"Our Locations | ISHCMC-American Academy","description":"Th\u00f4ng tin li\u00ean h\u1ec7 v\u00e0 \u0111\u1ecba ch\u1ec9 c\u1ee7a ISHCMC-AA t\u1ea1i th\u00e0nh ph\u1ed1 H\u1ed3 Ch\u00ed Minh gi\u00fap qu\u00fd ph\u1ee5 huynh thu\u1eadn ti\u1ec7n trong vi\u1ec7c li\u00ean h\u1ec7.","robots":{"index":"index","follow":"follow","max-snippet":"max-snippet:-1","max-image-preview":"max-image-preview:large","max-video-preview":"max-video-preview:-1"},"canonical":"https:\/\/www.aavn.edu.vn\/vi\/tong-quan\/our-locations-ishcmc-american-academy\/","og_locale":"vi_VN","og_type":"article","og_title":"Our Locations | ISHCMC-American Academy","og_description":"Th\u00f4ng tin li\u00ean h\u1ec7 v\u00e0 \u0111\u1ecba ch\u1ec9 c\u1ee7a ISHCMC-AA t\u1ea1i th\u00e0nh ph\u1ed1 H\u1ed3 Ch\u00ed Minh gi\u00fap qu\u00fd ph\u1ee5 huynh thu\u1eadn ti\u1ec7n trong vi\u1ec7c li\u00ean h\u1ec7.","og_url":"https:\/\/www.aavn.edu.vn\/vi\/tong-quan\/our-locations-ishcmc-american-academy\/","og_site_name":"ISHCMC \u2013 American Academy","article_publisher":"https:\/\/www.facebook.com\/ishcmcaa\/","article_modified_time":"2025-11-27T04:42:01+00:00","twitter_card":"summary_large_image","twitter_site":"@aavn_sunbears","twitter_misc":{"Est. reading time":"2 minutes"},"schema":{"@context":"https:\/\/schema.org","@graph":[{"@type":"WebPage","@id":"https:\/\/www.aavn.edu.vn\/vi\/tong-quan\/our-locations-ishcmc-american-academy\/","url":"https:\/\/www.aavn.edu.vn\/vi\/tong-quan\/our-locations-ishcmc-american-academy\/","name":"Our Locations | ISHCMC-American Academy","isPartOf":{"@id":"https:\/\/www.aavn.edu.vn\/vi\/#website"},"datePublished":"2022-03-27T20:43:04+00:00","dateModified":"2025-11-27T04:42:01+00:00","description":"Th\u00f4ng tin li\u00ean h\u1ec7 v\u00e0 \u0111\u1ecba ch\u1ec9 c\u1ee7a ISHCMC-AA t\u1ea1i th\u00e0nh ph\u1ed1 H\u1ed3 Ch\u00ed Minh gi\u00fap qu\u00fd ph\u1ee5 huynh thu\u1eadn ti\u1ec7n trong vi\u1ec7c li\u00ean h\u1ec7.","breadcrumb":{"@id":"https:\/\/www.aavn.edu.vn\/vi\/tong-quan\/our-locations-ishcmc-american-academy\/#breadcrumb"},"inLanguage":"vi-VN","potentialAction":[{"@type":"ReadAction","target":["https:\/\/www.aavn.edu.vn\/vi\/tong-quan\/our-locations-ishcmc-american-academy\/"]}]},{"@type":"BreadcrumbList","@id":"https:\/\/www.aavn.edu.vn\/vi\/tong-quan\/our-locations-ishcmc-american-academy\/#breadcrumb","itemListElement":[{"@type":"ListItem","position":1,"name":"Home","item":"https:\/\/www.aavn.edu.vn\/vi\/"},{"@type":"ListItem","position":2,"name":"T\u1ed5ng Quan","item":"https:\/\/www.aavn.edu.vn\/vi\/tong-quan\/"},{"@type":"ListItem","position":3,"name":"Li\u00ean h\u1ec7"}]},{"@type":"WebSite","@id":"https:\/\/www.aavn.edu.vn\/vi\/#website","url":"https:\/\/www.aavn.edu.vn\/vi\/","name":"ISHCMC \u2013 American Academy","description":"A leading American-curriculum secondary school in HCMC","publisher":{"@id":"https:\/\/www.aavn.edu.vn\/vi\/#organization"},"potentialAction":[{"@type":"SearchAction","target":{"@type":"EntryPoint","urlTemplate":"https:\/\/www.aavn.edu.vn\/vi\/?s={search_term_string}"},"query-input":{"@type":"PropertyValueSpecification","valueRequired":true,"valueName":"search_term_string"}}],"inLanguage":"vi-VN"},{"@type":"Organization","@id":"https:\/\/www.aavn.edu.vn\/vi\/#organization","name":"ISHCMC \u2013 American Academy","url":"https:\/\/www.aavn.edu.vn\/vi\/","logo":{"@type":"ImageObject","inLanguage":"vi-VN","@id":"https:\/\/www.aavn.edu.vn\/vi\/#\/schema\/logo\/image\/","url":"https:\/\/www.aavn.edu.vn\/wp-content\/uploads\/sites\/21\/2022\/03\/1744709931696.jpg","contentUrl":"https:\/\/www.aavn.edu.vn\/wp-content\/uploads\/sites\/21\/2022\/03\/1744709931696.jpg","width":"800","height":"729","caption":"ISHCMC \u2013 American Academy"},"image":{"@id":"https:\/\/www.aavn.edu.vn\/vi\/#\/schema\/logo\/image\/"},"sameAs":["https:\/\/www.facebook.com\/ishcmcaa\/","https:\/\/x.com\/aavn_sunbears","https:\/\/www.youtube.com\/c\/ishcmcamericanacademy","https:\/\/www.instagram.com\/aavnsunbears\/"]}]}},"jetpack_sharing_enabled":true,"_links":{"self":[{"href":"https:\/\/www.aavn.edu.vn\/vi\/wp-json\/wp\/v2\/pages\/4762","targetHints":{"allow":["GET"]}}],"collection":[{"href":"https:\/\/www.aavn.edu.vn\/vi\/wp-json\/wp\/v2\/pages"}],"about":[{"href":"https:\/\/www.aavn.edu.vn\/vi\/wp-json\/wp\/v2\/types\/page"}],"author":[{"embeddable":true,"href":"https:\/\/www.aavn.edu.vn\/vi\/wp-json\/wp\/v2\/users\/22"}],"replies":[{"embeddable":true,"href":"https:\/\/www.aavn.edu.vn\/vi\/wp-json\/wp\/v2\/comments?post=4762"}],"version-history":[{"count":5,"href":"https:\/\/www.aavn.edu.vn\/vi\/wp-json\/wp\/v2\/pages\/4762\/revisions"}],"predecessor-version":[{"id":22574,"href":"https:\/\/www.aavn.edu.vn\/vi\/wp-json\/wp\/v2\/pages\/4762\/revisions\/22574"}],"up":[{"embeddable":true,"href":"https:\/\/www.aavn.edu.vn\/vi\/wp-json\/wp\/v2\/pages\/22517"}],"wp:attachment":[{"href":"https:\/\/www.aavn.edu.vn\/vi\/wp-json\/wp\/v2\/media?parent=4762"}],"curies":[{"name":"wp","href":"https:\/\/api.w.org\/{rel}","templated":true}]}}