{"id":4775,"date":"2022-03-30T09:13:10","date_gmt":"2022-03-30T09:13:10","guid":{"rendered":"https:\/\/www.aavn.edu.vn\/?page_id=4775"},"modified":"2025-03-18T08:35:31","modified_gmt":"2025-03-18T08:35:31","slug":"thank-you-for-your-info-ishcmc-american-academy","status":"publish","type":"page","link":"https:\/\/www.aavn.edu.vn\/vi\/thank-you-for-your-info-ishcmc-american-academy\/","title":{"rendered":"Thank You for Your Info | ISHCMC-American Academy Vi"},"content":{"rendered":"<div class=\"wpb-content-wrapper\"><p>[vc_row full_width=&#8221;stretch_row_content_no_spaces&#8221; css=&#8221;.vc_custom_1648631652076{background-image: url(https:\/\/www.aavn.edu.vn\/wp-content\/uploads\/sites\/3\/2022\/03\/Images-10-1.png?id=277) !important;background-position: center !important;background-repeat: no-repeat !important;background-size: cover !important;}&#8221;][vc_column]\t\t<div class=\"ng-spacing \">\n\t\t\t<div class=\"ng-spacing-empty ng-spacing-md\" style=\"height: 450px\"><\/div>\n\t\t\t<div class=\"ng-spacing-empty ng-spacing-sm\" style=\"height: 300px\"><\/div>\n\t\t\t<div class=\"ng-spacing-empty ng-spacing-xs\" style=\"height: 214px\"><\/div>\n\t\t<\/div>\n\t[\/vc_column][\/vc_row][vc_row][vc_column]\t\t<div class=\"ng-spacing \">\n\t\t\t<div class=\"ng-spacing-empty ng-spacing-md\" style=\"height: 30px\"><\/div>\n\t\t\t<div class=\"ng-spacing-empty ng-spacing-sm\" style=\"height: 30px\"><\/div>\n\t\t\t<div class=\"ng-spacing-empty ng-spacing-xs\" style=\"height: 30px\"><\/div>\n\t\t<\/div>\n\t[vc_custom_heading text=&#8221;C\u1ea3m \u01a1n b\u1ea1n \u0111\u00e3 li\u00ean h\u1ec7 v\u1edbi ISHCMC &#8211; American Academy&#8221; font_container=&#8221;tag:h2|font_size:48px|text_align:center|color:%2300558f|line_height:56px&#8221; use_theme_fonts=&#8221;yes&#8221;]\t\t<div class=\"ng-spacing \">\n\t\t\t<div class=\"ng-spacing-empty ng-spacing-md\" style=\"height: 30px\"><\/div>\n\t\t\t<div class=\"ng-spacing-empty ng-spacing-sm\" style=\"height: 30px\"><\/div>\n\t\t\t<div class=\"ng-spacing-empty ng-spacing-xs\" style=\"height: 30px\"><\/div>\n\t\t<\/div>\n\t[vc_column_text el_class=&#8221;bcs-container&#8221;]<\/p>\n<p style=\"text-align: center\">Y\u00eau c\u1ea7u th\u00f4ng tin c\u1ee7a b\u1ea1n \u0111\u00e3 \u0111\u01b0\u1ee3c nh\u1eadn. M\u1ed9t th\u00e0nh vi\u00ean trong nh\u00f3m Tuy\u1ec3n sinh c\u1ee7a ch\u00fang t\u00f4i s\u1ebd g\u1ecdi \u0111i\u1ec7n v\u00e0 \/ ho\u1eb7c g\u1eedi email cho b\u1ea1n trong v\u00f2ng 1 ng\u00e0y l\u00e0m vi\u1ec7c \u0111\u1ec3 cung c\u1ea5p th\u00eam th\u00f4ng tin v\u1ec1 ISHCMC &#8211; AA.<\/p>\n<p>[\/vc_column_text][\/vc_column][\/vc_row][vc_row][vc_column][vc_btn title=&#8221;Trang ch\u1ee7&#8221; color=&#8221;danger&#8221; align=&#8221;center&#8221; link=&#8221;url:%2F&#8221;][\/vc_column][\/vc_row][vc_row][vc_column]\t\t<div class=\"ng-spacing \">\n\t\t\t<div class=\"ng-spacing-empty ng-spacing-md\" style=\"height: 56px\"><\/div>\n\t\t\t<div class=\"ng-spacing-empty ng-spacing-sm\" style=\"height: 56px\"><\/div>\n\t\t\t<div class=\"ng-spacing-empty ng-spacing-xs\" style=\"height: 28px\"><\/div>\n\t\t<\/div>\n\t[\/vc_column][\/vc_row][vc_row full_width=&#8221;stretch_row&#8221; css=&#8221;.vc_custom_1648866157412{background-color: #F9FAFB !important;}&#8221;][vc_column]\t\t<div class=\"ng-spacing \">\n\t\t\t<div class=\"ng-spacing-empty ng-spacing-md\" style=\"height: 96px\"><\/div>\n\t\t\t<div class=\"ng-spacing-empty ng-spacing-sm\" style=\"height: 96px\"><\/div>\n\t\t\t<div class=\"ng-spacing-empty ng-spacing-xs\" style=\"height: 48px\"><\/div>\n\t\t<\/div>\n\t\t<div class=\"nex-title-content tpl1 text-center  \" style=\"max-width: initial\">\n\t\t\t\t\t\t\t<h4 class=\"nex-title text-secondary-color\">N\u1ed9i dung li\u00ean quan<\/h4>\n\t\t\t\t\t\t\t<\/div>\n[vc_row_inner el_class=&#8221;related-content&#8221;][vc_column_inner width=&#8221;1\/4&#8243;]\t\n\t\t\t\t\t\t<div class=\"nex-card lazy type1 \" onClick=\"document.location.href = &#039;\/vi\/ve-chung-toi\/our-leadership-faculty-ishcmc-american-academy\/&#039;\">\n\t\t\t\t\t\t\t<div class=\"nex-card-image\">\n                                    <\/div>\n\t\t\t\t\t\t\t\t\t\t\t\t\t<h4 class=\"mb-0 text-white nex-card-title\"><a href=\"\/vi\/ve-chung-toi\/our-leadership-faculty-ishcmc-american-academy\/\" target=\"_self\" >V\u1ec1 ch\u00fang t\u00f4i<\/a><\/h4>\n\t\t\t\t\t\t\t\t\t\t\t<\/div>\n\t\t\t[\/vc_column_inner][vc_column_inner width=&#8221;1\/4&#8243;]\t\n\t\t\t\t\t\t<div class=\"nex-card lazy type1 \" onClick=\"document.location.href = &#039;\/vi\/about-us\/cognita-schools-group\/&#039;\">\n\t\t\t\t\t\t\t<div class=\"nex-card-image\">\n                    <img decoding=\"async\" class=\"card-image rounder-4 \" src=\"https:\/\/www.aavn.edu.vn\/wp-content\/uploads\/sites\/21\/2022\/04\/our-cognita-family-01.png\" width=\"280\" height=\"305\" alt=\"our-cognita-family-01\" title=\"our-cognita-family-01\" loading=\"lazy\" \/>                <\/div>\n\t\t\t\t\t\t\t\t\t\t\t\t\t<h4 class=\"mb-0 text-white nex-card-title\"><a href=\"\/vi\/about-us\/cognita-schools-group\/\" target=\"_self\" >H\u1ec7 th\u1ed1ng Cognita<\/a><\/h4>\n\t\t\t\t\t\t\t\t\t\t\t<\/div>\n\t\t\t[\/vc_column_inner][vc_column_inner width=&#8221;1\/4&#8243;]\t\n\t\t\t\t\t\t<div class=\"nex-card lazy type1 \" onClick=\"document.location.href = &#039;\/vi\/about-us\/safe-guarding\/&#039;\">\n\t\t\t\t\t\t\t<div class=\"nex-card-image\">\n                                    <\/div>\n\t\t\t\t\t\t\t\t\t\t\t\t\t<h4 class=\"mb-0 text-white nex-card-title\"><a href=\"\/vi\/about-us\/safe-guarding\/\" target=\"_self\" >Ch\u00ednh s\u00e1ch an to\u00e0n h\u1ecdc \u0111\u01b0\u1eddng<\/a><\/h4>\n\t\t\t\t\t\t\t\t\t\t\t<\/div>\n\t\t\t[\/vc_column_inner][vc_column_inner width=&#8221;1\/4&#8243;]\t\n\t\t\t\t\t\t<div class=\"nex-card lazy type1 \" onClick=\"document.location.href = &#039;\/vi\/admissions\/choosing-the-right-school\/&#039;\">\n\t\t\t\t\t\t\t<div class=\"nex-card-image\">\n                                    <\/div>\n\t\t\t\t\t\t\t\t\t\t\t\t\t<h4 class=\"mb-0 text-white nex-card-title\"><a href=\"\/vi\/admissions\/choosing-the-right-school\/\" target=\"_self\" >Theo h\u1ecdc t\u1ea1i ISHCMC - AA<\/a><\/h4>\n\t\t\t\t\t\t\t\t\t\t\t<\/div>\n\t\t\t[\/vc_column_inner][\/vc_row_inner]\t\t<div class=\"ng-spacing \">\n\t\t\t<div class=\"ng-spacing-empty ng-spacing-md\" style=\"height: 96px\"><\/div>\n\t\t\t<div class=\"ng-spacing-empty ng-spacing-sm\" style=\"height: 96px\"><\/div>\n\t\t\t<div class=\"ng-spacing-empty ng-spacing-xs\" style=\"height: 48px\"><\/div>\n\t\t<\/div>\n\t[\/vc_column][\/vc_row]<\/p>\n<\/div>","protected":false},"excerpt":{"rendered":"<p>[vc_row full_width=&#8221;stretch_row_content_no_spaces&#8221; css=&#8221;.vc_custom_1648631652076{background-image: url(https:\/\/www.aavn.edu.vn\/wp-content\/uploads\/sites\/3\/2022\/03\/Images-10-1.png?id=277) !important;background-position: center !important;background-repeat: no-repeat !important;background-size: cover !important;}&#8221;][vc_column][\/vc_column][\/vc_row][vc_row][vc_column][vc_custom_heading text=&#8221;C\u1ea3m \u01a1n b\u1ea1n \u0111\u00e3 li\u00ean h\u1ec7 v\u1edbi ISHCMC &#8211; American Academy&#8221; font_container=&#8221;tag:h2|font_size:48px|text_align:center|color:%2300558f|line_height:56px&#8221; use_theme_fonts=&#8221;yes&#8221;][vc_column_text el_class=&#8221;bcs-container&#8221;] Y\u00eau c\u1ea7u th\u00f4ng tin c\u1ee7a b\u1ea1n \u0111\u00e3 \u0111\u01b0\u1ee3c nh\u1eadn. M\u1ed9t th\u00e0nh vi\u00ean trong nh\u00f3m Tuy\u1ec3n sinh c\u1ee7a ch\u00fang t\u00f4i s\u1ebd g\u1ecdi \u0111i\u1ec7n v\u00e0 \/ ho\u1eb7c g\u1eedi email cho b\u1ea1n trong [&hellip;]<\/p>\n","protected":false},"author":22,"featured_media":0,"parent":0,"menu_order":0,"comment_status":"closed","ping_status":"closed","template":"redux-templates_full_width","meta":{"_acf_changed":false,"footnotes":""},"class_list":["post-4775","page","type-page","status-publish","hentry"],"acf":[],"yoast_head":"<!-- This site is optimized with the Yoast SEO plugin v27.1.1 - https:\/\/yoast.com\/product\/yoast-seo-wordpress\/ -->\n<title>Thank You for Your Info | ISHCMC-American Academy Vi - ISHCMC \u2013 American Academy<\/title>\n<meta name=\"robots\" content=\"index, follow, max-snippet:-1, max-image-preview:large, max-video-preview:-1\" \/>\n<link rel=\"canonical\" href=\"https:\/\/www.aavn.edu.vn\/vi\/thank-you-for-your-info-ishcmc-american-academy\/\" \/>\n<meta property=\"og:locale\" content=\"vi_VN\" \/>\n<meta property=\"og:type\" content=\"article\" \/>\n<meta property=\"og:title\" content=\"Thank You for Your Info | ISHCMC-American Academy Vi - ISHCMC \u2013 American Academy\" \/>\n<meta property=\"og:description\" content=\"[vc_row full_width=&#8221;stretch_row_content_no_spaces&#8221; css=&#8221;.vc_custom_1648631652076{background-image: url(https:\/\/www.aavn.edu.vn\/wp-content\/uploads\/sites\/3\/2022\/03\/Images-10-1.png?id=277) !important;background-position: center !important;background-repeat: no-repeat !important;background-size: cover !important;}&#8221;][vc_column][\/vc_column][\/vc_row][vc_row][vc_column][vc_custom_heading text=&#8221;C\u1ea3m \u01a1n b\u1ea1n \u0111\u00e3 li\u00ean h\u1ec7 v\u1edbi ISHCMC &#8211; American Academy&#8221; font_container=&#8221;tag:h2|font_size:48px|text_align:center|color:%2300558f|line_height:56px&#8221; use_theme_fonts=&#8221;yes&#8221;][vc_column_text el_class=&#8221;bcs-container&#8221;] Y\u00eau c\u1ea7u th\u00f4ng tin c\u1ee7a b\u1ea1n \u0111\u00e3 \u0111\u01b0\u1ee3c nh\u1eadn. M\u1ed9t th\u00e0nh vi\u00ean trong nh\u00f3m Tuy\u1ec3n sinh c\u1ee7a ch\u00fang t\u00f4i s\u1ebd g\u1ecdi \u0111i\u1ec7n v\u00e0 \/ ho\u1eb7c g\u1eedi email cho b\u1ea1n trong [&hellip;]\" \/>\n<meta property=\"og:url\" content=\"https:\/\/www.aavn.edu.vn\/vi\/thank-you-for-your-info-ishcmc-american-academy\/\" \/>\n<meta property=\"og:site_name\" content=\"ISHCMC \u2013 American Academy\" \/>\n<meta property=\"article:publisher\" content=\"https:\/\/www.facebook.com\/ishcmcaa\/\" \/>\n<meta property=\"article:modified_time\" content=\"2025-03-18T08:35:31+00:00\" \/>\n<meta name=\"twitter:card\" content=\"summary_large_image\" \/>\n<meta name=\"twitter:site\" content=\"@aavn_sunbears\" \/>\n<meta name=\"twitter:label1\" content=\"Est. reading time\" \/>\n\t<meta name=\"twitter:data1\" content=\"1 minute\" \/>\n<!-- \/ Yoast SEO plugin. -->","yoast_head_json":{"title":"Thank You for Your Info | ISHCMC-American Academy Vi - ISHCMC \u2013 American Academy","robots":{"index":"index","follow":"follow","max-snippet":"max-snippet:-1","max-image-preview":"max-image-preview:large","max-video-preview":"max-video-preview:-1"},"canonical":"https:\/\/www.aavn.edu.vn\/vi\/thank-you-for-your-info-ishcmc-american-academy\/","og_locale":"vi_VN","og_type":"article","og_title":"Thank You for Your Info | ISHCMC-American Academy Vi - ISHCMC \u2013 American Academy","og_description":"[vc_row full_width=&#8221;stretch_row_content_no_spaces&#8221; css=&#8221;.vc_custom_1648631652076{background-image: url(https:\/\/www.aavn.edu.vn\/wp-content\/uploads\/sites\/3\/2022\/03\/Images-10-1.png?id=277) !important;background-position: center !important;background-repeat: no-repeat !important;background-size: cover !important;}&#8221;][vc_column][\/vc_column][\/vc_row][vc_row][vc_column][vc_custom_heading text=&#8221;C\u1ea3m \u01a1n b\u1ea1n \u0111\u00e3 li\u00ean h\u1ec7 v\u1edbi ISHCMC &#8211; American Academy&#8221; font_container=&#8221;tag:h2|font_size:48px|text_align:center|color:%2300558f|line_height:56px&#8221; use_theme_fonts=&#8221;yes&#8221;][vc_column_text el_class=&#8221;bcs-container&#8221;] Y\u00eau c\u1ea7u th\u00f4ng tin c\u1ee7a b\u1ea1n \u0111\u00e3 \u0111\u01b0\u1ee3c nh\u1eadn. M\u1ed9t th\u00e0nh vi\u00ean trong nh\u00f3m Tuy\u1ec3n sinh c\u1ee7a ch\u00fang t\u00f4i s\u1ebd g\u1ecdi \u0111i\u1ec7n v\u00e0 \/ ho\u1eb7c g\u1eedi email cho b\u1ea1n trong [&hellip;]","og_url":"https:\/\/www.aavn.edu.vn\/vi\/thank-you-for-your-info-ishcmc-american-academy\/","og_site_name":"ISHCMC \u2013 American Academy","article_publisher":"https:\/\/www.facebook.com\/ishcmcaa\/","article_modified_time":"2025-03-18T08:35:31+00:00","twitter_card":"summary_large_image","twitter_site":"@aavn_sunbears","twitter_misc":{"Est. reading time":"1 minute"},"schema":{"@context":"https:\/\/schema.org","@graph":[{"@type":"WebPage","@id":"https:\/\/www.aavn.edu.vn\/vi\/thank-you-for-your-info-ishcmc-american-academy\/","url":"https:\/\/www.aavn.edu.vn\/vi\/thank-you-for-your-info-ishcmc-american-academy\/","name":"Thank You for Your Info | ISHCMC-American Academy Vi - ISHCMC \u2013 American Academy","isPartOf":{"@id":"https:\/\/www.aavn.edu.vn\/vi\/#website"},"datePublished":"2022-03-30T09:13:10+00:00","dateModified":"2025-03-18T08:35:31+00:00","breadcrumb":{"@id":"https:\/\/www.aavn.edu.vn\/vi\/thank-you-for-your-info-ishcmc-american-academy\/#breadcrumb"},"inLanguage":"vi-VN","potentialAction":[{"@type":"ReadAction","target":["https:\/\/www.aavn.edu.vn\/vi\/thank-you-for-your-info-ishcmc-american-academy\/"]}]},{"@type":"BreadcrumbList","@id":"https:\/\/www.aavn.edu.vn\/vi\/thank-you-for-your-info-ishcmc-american-academy\/#breadcrumb","itemListElement":[{"@type":"ListItem","position":1,"name":"Home","item":"https:\/\/www.aavn.edu.vn\/vi\/"},{"@type":"ListItem","position":2,"name":"Thank You for Your Info | ISHCMC-American Academy Vi"}]},{"@type":"WebSite","@id":"https:\/\/www.aavn.edu.vn\/vi\/#website","url":"https:\/\/www.aavn.edu.vn\/vi\/","name":"ISHCMC \u2013 American Academy","description":"A leading American-curriculum secondary school in HCMC","publisher":{"@id":"https:\/\/www.aavn.edu.vn\/vi\/#organization"},"potentialAction":[{"@type":"SearchAction","target":{"@type":"EntryPoint","urlTemplate":"https:\/\/www.aavn.edu.vn\/vi\/?s={search_term_string}"},"query-input":{"@type":"PropertyValueSpecification","valueRequired":true,"valueName":"search_term_string"}}],"inLanguage":"vi-VN"},{"@type":"Organization","@id":"https:\/\/www.aavn.edu.vn\/vi\/#organization","name":"ISHCMC \u2013 American Academy","url":"https:\/\/www.aavn.edu.vn\/vi\/","logo":{"@type":"ImageObject","inLanguage":"vi-VN","@id":"https:\/\/www.aavn.edu.vn\/vi\/#\/schema\/logo\/image\/","url":"https:\/\/www.aavn.edu.vn\/wp-content\/uploads\/sites\/21\/2022\/03\/1744709931696.jpg","contentUrl":"https:\/\/www.aavn.edu.vn\/wp-content\/uploads\/sites\/21\/2022\/03\/1744709931696.jpg","width":"800","height":"729","caption":"ISHCMC \u2013 American Academy"},"image":{"@id":"https:\/\/www.aavn.edu.vn\/vi\/#\/schema\/logo\/image\/"},"sameAs":["https:\/\/www.facebook.com\/ishcmcaa\/","https:\/\/x.com\/aavn_sunbears","https:\/\/www.youtube.com\/c\/ishcmcamericanacademy","https:\/\/www.instagram.com\/aavnsunbears\/"]}]}},"jetpack_sharing_enabled":true,"_links":{"self":[{"href":"https:\/\/www.aavn.edu.vn\/vi\/wp-json\/wp\/v2\/pages\/4775","targetHints":{"allow":["GET"]}}],"collection":[{"href":"https:\/\/www.aavn.edu.vn\/vi\/wp-json\/wp\/v2\/pages"}],"about":[{"href":"https:\/\/www.aavn.edu.vn\/vi\/wp-json\/wp\/v2\/types\/page"}],"author":[{"embeddable":true,"href":"https:\/\/www.aavn.edu.vn\/vi\/wp-json\/wp\/v2\/users\/22"}],"replies":[{"embeddable":true,"href":"https:\/\/www.aavn.edu.vn\/vi\/wp-json\/wp\/v2\/comments?post=4775"}],"version-history":[{"count":1,"href":"https:\/\/www.aavn.edu.vn\/vi\/wp-json\/wp\/v2\/pages\/4775\/revisions"}],"predecessor-version":[{"id":17869,"href":"https:\/\/www.aavn.edu.vn\/vi\/wp-json\/wp\/v2\/pages\/4775\/revisions\/17869"}],"wp:attachment":[{"href":"https:\/\/www.aavn.edu.vn\/vi\/wp-json\/wp\/v2\/media?parent=4775"}],"curies":[{"name":"wp","href":"https:\/\/api.w.org\/{rel}","templated":true}]}}