{"id":71,"date":"2022-03-28T03:43:27","date_gmt":"2022-03-28T03:43:27","guid":{"rendered":"https:\/\/cognita-asia-develop.go-vip.net\/aavn\/?page_id=71"},"modified":"2025-11-29T12:26:50","modified_gmt":"2025-11-29T05:26:50","slug":"work-with-us-ishcmc-american-academy","status":"publish","type":"page","link":"https:\/\/www.aavn.edu.vn\/vi\/tin-tuc\/work-with-us-ishcmc-american-academy\/","title":{"rendered":"Work with Us | ISHCMC-American Academy"},"content":{"rendered":"<div class=\"wpb-content-wrapper\"><p>[vc_row full_width=&#8221;stretch_row_content_no_spaces&#8221; css=&#8221;.vc_custom_1759306703034{background-image: url(https:\/\/www.aavn.edu.vn\/wp-content\/uploads\/sites\/21\/2025\/10\/1680-x-450.jpg?id=20571) !important;background-position: center !important;background-repeat: no-repeat !important;background-size: cover !important;}&#8221;][vc_column]\t\t<div class=\"ng-spacing \">\n\t\t\t<div class=\"ng-spacing-empty ng-spacing-md\" style=\"height: 450px\"><\/div>\n\t\t\t<div class=\"ng-spacing-empty ng-spacing-sm\" style=\"height: 300px\"><\/div>\n\t\t\t<div class=\"ng-spacing-empty ng-spacing-xs\" style=\"height: 214px\"><\/div>\n\t\t<\/div>\n\t[\/vc_column][\/vc_row][vc_row][vc_column]\t\t<div class=\"ng-spacing \">\n\t\t\t<div class=\"ng-spacing-empty ng-spacing-md\" style=\"height: 96px\"><\/div>\n\t\t\t<div class=\"ng-spacing-empty ng-spacing-sm\" style=\"height: 96px\"><\/div>\n\t\t\t<div class=\"ng-spacing-empty ng-spacing-xs\" style=\"height: 96px\"><\/div>\n\t\t<\/div>\n\t[\/vc_column][\/vc_row][vc_row][vc_column][vc_custom_heading text=&#8221;Quy tr\u00ecnh tuy\u1ec3n d\u1ee5ng t\u1ea1i ISHCMC-AA&#8221; font_container=&#8221;tag:h1|font_size:48px|text_align:center|color:%2300558F|line_height:56px&#8221; use_theme_fonts=&#8221;yes&#8221; css=&#8221;.vc_custom_1728632314569{margin-top: 24px !important;margin-right: 24px !important;margin-bottom: 24px !important;margin-left: 24px !important;}&#8221;][\/vc_column][\/vc_row][vc_row el_class=&#8221;bcs-container&#8221;][vc_column]\t\t<div class=\"ng-bodytext-single-image ng-bodytext-single-image-925164307 \" style=\"width: initial\">\n\t\t\t<div class=\"wrap-single-image\">\n\t\t\t\t\t\t\t\t\t<h4 class=\"nex-bodytext-title\">M\u1ed9t th\u1ebf gi\u1edbi truy\u1ec1n c\u1ea3m h\u1ee9ng gi\u00e1o d\u1ee5c<\/h4>\n\t\t\t\t\t\t\t\t\t\t\t\t\t<span class=\"nex-border background-primary-color\"><\/span>\n\t\t\t\t\t\t\t\t\t\t\t\t\t<div class=\"nex-bodytext-content\">\n\t\t\t\t\t    <p>M\u00f4\u0303i tr\u01b0\u01a1\u0300ng ho\u0323c cu\u0309a Cognita \u0111\u00ea\u0300u la\u0300 m\u00f4\u0323t ca\u0301 th\u00ea\u0309 ri\u00eang bi\u00ea\u0323t nh\u01b0 m\u00f4\u0303i ho\u0323c sinh cu\u0309a tr\u01b0\u01a1\u0300ng, nh\u01b0ng chu\u0301ng t\u00f4i \u0111\u00ea\u0300u chia se\u0309 m\u00f4\u0323t mu\u0323c ti\u00eau chung: ta\u0323o ra m\u00f4\u0323t th\u00ea\u0301 gi\u01a1\u0301i truy\u00ea\u0300n ca\u0309m h\u01b0\u0301ng v\u00ea\u0300 gia\u0301o du\u0323c. Chu\u0301ng t\u00f4i th\u01b0\u0323c hi\u00ea\u0323n mu\u0323c ti\u00eau na\u0300y b\u0103\u0300ng s\u01b0\u0323 chia se\u0309 ki\u00ea\u0301n th\u01b0\u0301c chuy\u00ean m\u00f4n, s\u01b0\u0323 hi\u00ea\u0309u bi\u00ea\u0301t s\u00e2u r\u00f4\u0323ng va\u0300 ca\u0301c ph\u01b0\u01a1ng pha\u0301p t\u00f4\u0301t nh\u00e2\u0301t trong c\u00f4\u0323ng \u0111\u00f4\u0300ng toa\u0300n c\u00e2\u0300u cu\u0301a chu\u0301ng t\u00f4i \u2013 va\u0300 b\u0103\u0300ng s\u01b0\u0323 ph\u00f4\u0301i h\u01a1\u0323p \u0111\u00ea\u0309 pha\u0301t tri\u00ea\u0309n nh\u01b0\u0303ng m\u00f4i tr\u01b0\u01a1\u0300ng ho\u0323c phong phu\u0301 trong t\u01b0\u0300ng tr\u01b0\u01a1\u0300ng ho\u0323c.<\/p>\n<p>Chu\u0301ng t\u00f4i trang bi\u0323 cho th\u00ea\u0301 h\u00ea\u0323 tre\u0309 v\u01a1\u0301i s\u01b0\u0323 t\u01b0\u0323 tin va\u0300o ba\u0309n th\u00e2n va\u0300 t\u00e2\u0300m nhi\u0300n qu\u00f4\u0301c t\u00ea\u0301 ho\u0323 c\u00e2\u0300n nu\u00f4i l\u01a1\u0301n, pha\u0301t tri\u00ea\u0309n, va\u0300 ti\u0300m ki\u00ea\u0301m tha\u0300nh c\u00f4ng trong th\u00ea\u0301 gi\u01a1\u0301i \u0111ang thay \u0111\u00f4\u0309i r\u00e2\u0301t nhanh.<\/p>\n\t\t\t\t\t<\/div>\n\t\t\t\t\t\t\t<\/div>\n\t\t\t\t\t<\/div>\n\t\t<style>\n            .ng-bodytext-single-image-925164307 .nex-bodytext-title{\n                font-size:; \n                line-height: ;\n            }\n\t\t\t.ng-bodytext-single-image-925164307 .nex-bodytext-sub-title{\n                font-size:; \n                line-height: ;\n            }\n            .ng-bodytext-single-image-925164307 .nex-bodytext-title{\n                color: ;\n            }\n            @media (max-width: 1024px) {\n                .ng-bodytext-single-image-925164307 .nex-bodytext-title{\n                    font-size:; \n                    line-height: ;\n                }\n            }\n            @media (max-width: 767px) {\n                .ng-bodytext-single-image-925164307 .nex-bodytext-title{\n                    font-size:; \n                    line-height: ;\n                }\n            }\n        <\/style>\n\t\t\t<div class=\"ng-bodytext-single-image ng-bodytext-single-image-1242472797 \" style=\"width: initial\">\n\t\t\t<div class=\"wrap-single-image\">\n\t\t\t\t\t\t\t\t\t<h4 class=\"nex-bodytext-title\">C\u01a1 h\u1ed9i ngh\u1ec1 nghi\u1ec7p t\u1ea1i ISHCMC-AA<\/h4>\n\t\t\t\t\t\t\t\t\t\t\t\t\t<span class=\"nex-border background-primary-color\"><\/span>\n\t\t\t\t\t\t\t\t\t\t\t\t\t<div class=\"nex-bodytext-content\">\n\t\t\t\t\t    <p>ISHCMC-American Academy (ISHCMC-AA) la\u0300 m\u00f4\u0323t c\u00f4\u0323ng \u0111\u00f4\u0300ng ti\u0301ch c\u01b0\u0323c, quan t\u00e2m va\u0300 g\u0103\u0301n k\u00ea\u0301t lu\u00f4n cha\u0300o \u0111o\u0301n ca\u0301c gia\u0301o vi\u00ean ch\u00e2\u0301t l\u01b0\u01a1\u0323ng va\u0300 t\u00e2m huy\u00ea\u0301t. Chu\u0301ng t\u00f4i \u0111\u00ea\u0300 cao vi\u00ea\u0323c ho\u0323c t\u00e2\u0323p su\u00f4\u0301t \u0111\u01a1\u0300i va\u0300 cam k\u00ea\u0301t x\u00e2y d\u01b0\u0323ng m\u00f4\u0301i quan h\u00ea\u0323 ch\u0103\u0323t che\u0303 v\u01a1\u0301i ca\u0301c em ho\u0323c sinh, phu\u0323 huynh va\u0300 ca\u0301c gia\u0301o vi\u00ean, nh\u00e2n vi\u00ean cu\u0309a tr\u01b0\u01a1\u0300ng.<\/p>\n<p>ISHCMC-AA tuy\u00ea\u0309n du\u0323ng ca\u0301c gia\u0301o vi\u00ean \u0111a\u0323t ti\u00eau chu\u00e2\u0309n va\u0300 da\u0300y da\u0323n kinh nghi\u00ea\u0323m t\u01b0\u0300 kh\u0103\u0301p n\u01a1i tr\u00ean th\u00ea\u0301 gi\u01a1\u0301i, nh\u01b0\u0303ng ng\u01b0\u01a1\u0300i co\u0301 tri\u00ea\u0301t ly\u0301 gia\u0301o du\u0323c phu\u0300 h\u01a1\u0323p v\u01a1\u0301i t\u00e2\u0300m nhi\u0300n va\u0300 s\u01b0\u0301 m\u00ea\u0323nh cu\u0309a tr\u01b0\u01a1\u0300ng.<\/p>\n<p>\u01af\u0301ng vi\u00ean tha\u0300nh c\u00f4ng c\u00e2\u0300n pha\u0309i \u0111a\u0323t nh\u01b0\u0303ng ti\u00eau chi\u0301 sau:<\/p>\n<ul>\n<li>B\u0103\u0300ng t\u00f4\u0301t nghi\u00ea\u0323p \u0110a\u0323i ho\u0323c v\u00ea\u0300 gia\u0301o du\u0323c, khoa ho\u0323c ho\u0103\u0323c t\u01b0\u01a1ng \u0111\u01b0\u01a1ng;<\/li>\n<li>Ch\u01b0\u0301ng chi\u0309 gia\u0309ng da\u0323y co\u0301 hi\u00ea\u0323u l\u01b0\u0323c (ho\u0103\u0323c t\u01b0\u01a1ng \u0111\u01b0\u01a1ng);<\/li>\n<li>Kinh nghi\u00ea\u0323m gia\u0309ng da\u0323y li\u00ean quan<\/li>\n<\/ul>\n<p>Trong Ch\u00ednh s\u00e1ch \u0111\u1ea3m b\u1ea3o an ninh tr\u01b0\u1eddng h\u1ecdc v\u00e0 \u01b0u ti\u00ean ch\u00fa tr\u1ecdng \u0111\u1ea3m b\u1ea3o quy\u1ec1n l\u1ee3i c\u1ee7a tr\u1ebb em v\u00e0 thanh thi\u1ebfu ni\u00ean, Nh\u00e2n vi\u00ean B\u1ea3o tr\u00ec c\u00f3 tr\u00e1ch nhi\u1ec7m truy\u1ec1n t\u1ea3i v\u00e0 h\u01b0\u1edbng d\u1eabn cho nh\u1eefng c\u00e1 nh\u00e2n c\u00f3 t\u01b0\u01a1ng t\u00e1c trong c\u00f4ng vi\u1ec7c nh\u1eb1m \u0111\u1ea3m b\u1ea3o Ch\u00ednh s\u00e1ch n\u00e0y lu\u00f4n lu\u00f4n \u0111\u01b0\u1ee3c th\u1ef1c thi \u0111\u1ea7y \u0111\u1ee7, bao g\u1ed3m Ch\u00ednh s\u00e1ch v\u00e0 Quy \u0111\u1ecbnh B\u1ea3o v\u1ec7 Tr\u1ebb em c\u1ee7a H\u1ec7 th\u1ed1ng Tr\u01b0\u1eddng h\u1ecdc c\u1ee7a Cognita. Trong l\u00fac l\u00e0m nhi\u1ec7m v\u1ee5, nh\u00e2n vi\u00ean nh\u1eadn th\u1ea5y b\u1ea5t k\u1ef3 d\u1ea5u hi\u1ec7u n\u00e0o v\u1ec1 vi\u1ec7c tr\u1ebb em \u0111ang ch\u1ecbu \u0111\u1ef1ng ho\u1eb7c c\u00f3 v\u1ebb b\u1ecb x\u00e2m h\u1ea1i \u1edf tr\u01b0\u1eddng hay \u1edf nh\u00e0 th\u00ec ph\u1ea3i b\u00e1o c\u00e1o m\u1ed1i quan ng\u1ea1i c\u1ee7a m\u00ecnh t\u1edbi \u1ee6y vi\u00ean B\u1ea3o v\u1ec7 tr\u1ebb em\/Tr\u01b0\u1edfng ban an ninh c\u1ee7a tr\u01b0\u1eddng, Hi\u1ec7u tr\u01b0\u1edfng ho\u1eb7c th\u1eadm ch\u00ed c\u1ea5p cao h\u01a1n l\u00e0 Gi\u00e1m \u0111\u1ed1c \u0111i\u1ec1u h\u00e0nh \u0111\u1ec3 nh\u1eadn ph\u1ea3n h\u1ed3i m\u1ed9t c\u00e1ch kh\u00e1ch quan v\u1ec1 s\u1ef1 vi\u1ec7c th\u00f4ng qua b\u00ean th\u1ee9 ba.<\/p>\n<p><strong>Ca\u0301c vi\u0323 tri\u0301 \u0111ang tuy\u00ea\u0309n du\u0323ng<\/strong><\/p>\n<p>\u01af\u0301ng vi\u00ean quan t\u00e2m mu\u00f4\u0301n n\u00f4\u0323p h\u00f4\u0300 s\u01a1 \u01b0\u0301ng tuy\u00ea\u0309n va\u0300o ISHCMC-AA ho\u0103\u0323c mu\u00f4\u0301n theo do\u0303i ca\u0301c vi\u0323 tri\u0301 tuy\u00ea\u0309n du\u0323ng cu\u0309a chu\u0301ng t\u00f4i, vui lo\u0300ng truy c\u00e2\u0323p va\u0300o h\u00ea\u0323 th\u00f4\u0301ng website cu\u0309a ISS-Schrole ho\u0103\u0323c GRC \u0111\u00ea\u0309 bi\u00ea\u0301t th\u00eam th\u00f4ng tin chi ti\u00ea\u0301t. H\u00f4\u0300 s\u01a1 \u01b0\u0301ng tuy\u00ea\u0309n ho\u0103\u0323c ca\u0301c th\u0103\u0301c m\u0103\u0301c xin vui lo\u0300ng g\u01b0\u0309i v\u00ea\u0300 email\u00a0HRRecruitment@aavn.edu.vn<\/p>\n<p><strong>Ca\u0301c vi\u0323 tri\u0301 gia\u0301o vi\u00ean da\u0323y th\u00ea\u0301<\/strong><\/p>\n<p>Chu\u0301ng t\u00f4i lu\u00f4n duy tri\u0300 m\u00f4\u0323t ngu\u00f4\u0300n gia\u0301o vi\u00ean \u0111a\u0323t ti\u00eau chu\u00e2\u0309n va\u0300 da\u0300y da\u0323n kinh nghi\u00ea\u0323m cho ca\u0301c ti\u00ea\u0301t da\u0323y th\u00ea\u0301. N\u00ea\u0301u ba\u0323n \u0111ang sinh s\u00f4\u0301ng \u01a1\u0309 TP.HCM ho\u0103\u0323c l\u00e2n c\u00e2\u0323n va\u0300 \u0111ang quan t\u00e2m t\u01a1\u0301i vi\u0323 tri\u0301 gia\u0301o vi\u00ean da\u0323y th\u00ea\u0301 \u01a1\u0309 ISHCMC-AA, vui lo\u0300ng ta\u0309i form xin \u01b0\u0301ng tuy\u00ea\u0309n ta\u0323i \u0111\u00e2y \u0111\u00ea\u0309 \u0111i\u00ea\u0300n th\u00f4ng tin va\u0300 g\u01b0\u0309i ke\u0300m CV \/ th\u01b0 \u01b0\u0301ng tuy\u00ea\u0309n v\u00ea\u0300 email\u00a0HRRecruitment@aavn.edu.vn<\/p>\n\t\t\t\t\t<\/div>\n\t\t\t\t\t\t\t<\/div>\n\t\t\t\t\t<\/div>\n\t\t<style>\n            .ng-bodytext-single-image-1242472797 .nex-bodytext-title{\n                font-size:; \n                line-height: ;\n            }\n\t\t\t.ng-bodytext-single-image-1242472797 .nex-bodytext-sub-title{\n                font-size:; \n                line-height: ;\n            }\n            .ng-bodytext-single-image-1242472797 .nex-bodytext-title{\n                color: #ff0000;\n            }\n            @media (max-width: 1024px) {\n                .ng-bodytext-single-image-1242472797 .nex-bodytext-title{\n                    font-size:; \n                    line-height: ;\n                }\n            }\n            @media (max-width: 767px) {\n                .ng-bodytext-single-image-1242472797 .nex-bodytext-title{\n                    font-size:; \n                    line-height: ;\n                }\n            }\n        <\/style>\n\t[\/vc_column][\/vc_row][vc_row][vc_column][vc_single_image image=&#8221;3554&#8243; img_size=&#8221;full&#8221; alignment=&#8221;center&#8221;][\/vc_column][\/vc_row][vc_row][vc_column]\t\t<div class=\"ng-bodytext-single-image ng-bodytext-single-image-1613924733 \" style=\"width: initial\">\n\t\t\t<div class=\"wrap-single-image\">\n\t\t\t\t\t\t\t\t\t<h4 class=\"nex-bodytext-title\">\u0110i\u1ec1u kho\u1ea3n lao \u0111\u1ed9ng<\/h4>\n\t\t\t\t\t\t\t\t\t\t\t\t\t<span class=\"nex-border background-primary-color\"><\/span>\n\t\t\t\t\t\t\t\t\t\t\t\t\t<div class=\"nex-bodytext-content\">\n\t\t\t\t\t    <p>H\u1ec7 th\u1ed1ng Tr\u01b0\u1eddng h\u1ecdc Cognita cam k\u1ebft th\u1ef1c hi\u1ec7n Ch\u00ednh s\u00e1ch \u0111\u1ea3m b\u1ea3o an ninh tr\u01b0\u1eddng h\u1ecdc v\u00e0 \u01b0u ti\u00ean ch\u00fa tr\u1ecdng \u0111\u1ea3m b\u1ea3o quy\u1ec1n l\u1ee3i c\u1ee7a tr\u1ebb em v\u00e0 thanh thi\u1ebfu ni\u00ean; v\u00e0 to\u00e0n th\u1ec3 nh\u00e2n vi\u00ean, t\u00ecnh nguy\u1ec7n vi\u00ean v\u00e0 \u0111\u1ed1i t\u00e1c c\u1ee7a h\u1ec7 th\u1ed1ng Tr\u01b0\u1eddng h\u1ecdc Cognita ph\u1ea3i tu\u00e2n th\u1ee7 cam k\u1ebft n\u00e0y. Quy tr\u00ecnh tuy\u1ec3n d\u1ee5ng v\u00e0 c\u00e1c th\u1ee7 t\u1ee5c ki\u1ec3m tra l\u00fd l\u1ecbch thu\u1ed9c Ch\u00ednh s\u00e1ch cam k\u1ebft \u0111\u1ea3m b\u1ea3o an ninh tr\u01b0\u1eddng h\u1ecdc ph\u1ea3i \u0111\u01b0\u1ee3c ho\u00e0n t\u1ea5t tr\u01b0\u1edbc khi \u0111\u01b0a ra quy\u1ebft \u0111\u1ecbnh tuy\u1ec3n ho\u1eb7c b\u1ed5 nhi\u1ec7m. Quy\u1ebft \u0111\u1ecbnh b\u1ed5 nhi\u1ec7m ph\u1ea3i c\u0103n c\u1ee9 v\u00e0o k\u1ebft qu\u1ea3 ki\u1ec3m tra DBS (n\u1ebfu \u1ee9ng vi\u00ean \u0111\u00e3 t\u1eebng sinh s\u1ed1ng \u1edf Anh) v\u00e0\/ho\u1eb7c ki\u1ec3m tra l\u00fd l\u1ecbch t\u01b0 ph\u00e1p ho\u1eb7c c\u00e1c ki\u1ec3m tra t\u01b0\u01a1ng t\u1ef1 cho t\u1ea5t c\u1ea3 c\u00e1c qu\u1ed1c gia kh\u00e1c m\u00e0 \u1ee9ng vi\u00ean \u0111\u00f3 \u0111\u00e3 t\u1eebng v\u00e0 \u0111ang c\u01b0 tr\u00fa (b\u1ea5t k\u1ec3 b\u1ea1n c\u00f3 l\u00e0m vi\u1ec7c \u1edf nh\u1eefng qu\u1ed1c gia \u0111\u00f3 hay kh\u00f4ng).<\/p>\n\t\t\t\t\t<\/div>\n\t\t\t\t\t\t\t<\/div>\n\t\t\t\t\t<\/div>\n\t\t<style>\n            .ng-bodytext-single-image-1613924733 .nex-bodytext-title{\n                font-size:; \n                line-height: ;\n            }\n\t\t\t.ng-bodytext-single-image-1613924733 .nex-bodytext-sub-title{\n                font-size:; \n                line-height: ;\n            }\n            .ng-bodytext-single-image-1613924733 .nex-bodytext-title{\n                color: ;\n            }\n            @media (max-width: 1024px) {\n                .ng-bodytext-single-image-1613924733 .nex-bodytext-title{\n                    font-size:; \n                    line-height: ;\n                }\n            }\n            @media (max-width: 767px) {\n                .ng-bodytext-single-image-1613924733 .nex-bodytext-title{\n                    font-size:; \n                    line-height: ;\n                }\n            }\n        <\/style>\n\t[\/vc_column][\/vc_row][vc_row][vc_column][vc_single_image image=&#8221;3555&#8243; img_size=&#8221;full&#8221; alignment=&#8221;center&#8221;][\/vc_column][\/vc_row][vc_row full_width=&#8221;stretch_row&#8221; css=&#8221;.vc_custom_1648866157412{background-color: #F9FAFB !important;}&#8221;][vc_column]\t\t<div class=\"ng-spacing \">\n\t\t\t<div class=\"ng-spacing-empty ng-spacing-md\" style=\"height: 96px\"><\/div>\n\t\t\t<div class=\"ng-spacing-empty ng-spacing-sm\" style=\"height: 96px\"><\/div>\n\t\t\t<div class=\"ng-spacing-empty ng-spacing-xs\" style=\"height: 96px\"><\/div>\n\t\t<\/div>\n\t\t<div class=\"nex-title-content tpl1 text-center  \" style=\"max-width: initial\">\n\t\t\t\t\t\t\t<h4 class=\"nex-title text-secondary-color\">N\u1ed9i dung li\u00ean quan<\/h4>\n\t\t\t\t\t\t\t<\/div>\n[vc_row_inner el_class=&#8221;related-content&#8221;][vc_column_inner width=&#8221;1\/4&#8243;]\t\n\t\t\t\t\t\t<div class=\"nex-card lazy type1 \" onClick=\"document.location.href = &#039;\/vi\/about-us\/our-location\/&#039;\">\n\t\t\t\t\t\t\t<div class=\"nex-card-image\">\n                    <img decoding=\"async\" class=\"card-image rounder-4 \" src=\"https:\/\/www.aavn.edu.vn\/wp-content\/uploads\/sites\/21\/2025\/04\/bg-aa-03-280x305-1.webp\" width=\"280\" height=\"305\" alt=\"bg-aa-03-280x305\" title=\"bg-aa-03-280x305\" loading=\"lazy\" \/>                <\/div>\n\t\t\t\t\t\t\t\t\t\t\t\t\t<h4 class=\"mb-0 text-white nex-card-title\"><a href=\"\/vi\/about-us\/our-location\/\" target=\"_self\" >\u0110\u1ecba ch\u1ec9<\/a><\/h4>\n\t\t\t\t\t\t\t\t\t\t\t<\/div>\n\t\t\t[\/vc_column_inner][vc_column_inner width=&#8221;1\/4&#8243;]\t\n\t\t\t\t\t\t<div class=\"nex-card lazy type1 \" onClick=\"document.location.href = &#039;\/vi\/about-us\/cognita-schools-group\/&#039;\">\n\t\t\t\t\t\t\t<div class=\"nex-card-image\">\n                    <img decoding=\"async\" class=\"card-image rounder-4 \" src=\"https:\/\/www.aavn.edu.vn\/wp-content\/uploads\/sites\/21\/2022\/04\/our-cognita-family-01.png\" width=\"280\" height=\"305\" alt=\"our-cognita-family-01\" title=\"our-cognita-family-01\" loading=\"lazy\" \/>                <\/div>\n\t\t\t\t\t\t\t\t\t\t\t\t\t<h4 class=\"mb-0 text-white nex-card-title\"><a href=\"\/vi\/about-us\/cognita-schools-group\/\" target=\"_self\" >H\u1ec7 th\u1ed1ng Cognita<\/a><\/h4>\n\t\t\t\t\t\t\t\t\t\t\t<\/div>\n\t\t\t[\/vc_column_inner][vc_column_inner width=&#8221;1\/4&#8243;]\t\n\t\t\t\t\t\t<div class=\"nex-card lazy type1 \" onClick=\"document.location.href = &#039;\/vi\/about-us\/safe-guarding\/&#039;\">\n\t\t\t\t\t\t\t<div class=\"nex-card-image\">\n                    <img decoding=\"async\" class=\"card-image rounder-4 \" src=\"https:\/\/www.aavn.edu.vn\/wp-content\/uploads\/sites\/21\/2025\/04\/relate-3.webp\" width=\"280\" height=\"305\" alt=\"relate-3\" title=\"relate-3\" loading=\"lazy\" \/>                <\/div>\n\t\t\t\t\t\t\t\t\t\t\t\t\t<h4 class=\"mb-0 text-white nex-card-title\"><a href=\"\/vi\/about-us\/safe-guarding\/\" target=\"_self\" >Ch\u00ednh s\u00e1ch an to\u00e0n h\u1ecdc \u0111\u01b0\u1eddng<\/a><\/h4>\n\t\t\t\t\t\t\t\t\t\t\t<\/div>\n\t\t\t[\/vc_column_inner][vc_column_inner width=&#8221;1\/4&#8243;]\t\n\t\t\t\t\t\t<div class=\"nex-card lazy type1 \" onClick=\"document.location.href = &#039;\/vi\/admissions\/choosing-the-right-school\/&#039;\">\n\t\t\t\t\t\t\t<div class=\"nex-card-image\">\n                    <img decoding=\"async\" class=\"card-image rounder-4 \" src=\"https:\/\/www.aavn.edu.vn\/wp-content\/uploads\/sites\/21\/2025\/04\/relate-4.webp\" width=\"280\" height=\"305\" alt=\"relate-4\" title=\"relate-4\" loading=\"lazy\" \/>                <\/div>\n\t\t\t\t\t\t\t\t\t\t\t\t\t<h4 class=\"mb-0 text-white nex-card-title\"><a href=\"\/vi\/admissions\/choosing-the-right-school\/\" target=\"_self\" >Theo h\u1ecdc t\u1ea1i ISHCMC - AA<\/a><\/h4>\n\t\t\t\t\t\t\t\t\t\t\t<\/div>\n\t\t\t[\/vc_column_inner][\/vc_row_inner]\t\t<div class=\"ng-spacing \">\n\t\t\t<div class=\"ng-spacing-empty ng-spacing-md\" style=\"height: 96px\"><\/div>\n\t\t\t<div class=\"ng-spacing-empty ng-spacing-sm\" style=\"height: 96px\"><\/div>\n\t\t\t<div class=\"ng-spacing-empty ng-spacing-xs\" style=\"height: 96px\"><\/div>\n\t\t<\/div>\n\t[\/vc_column][\/vc_row][vc_row][vc_column][vc_raw_html]JTVCdmNfY29udGVudCUyMGlkJTNEJTIyNDc4MSUyMiU1RA==[\/vc_raw_html][\/vc_column][\/vc_row]<\/p>\n<\/div>","protected":false},"excerpt":{"rendered":"<p>[vc_row full_width=&#8221;stretch_row_content_no_spaces&#8221; css=&#8221;.vc_custom_1759306703034{background-image: url(https:\/\/www.aavn.edu.vn\/wp-content\/uploads\/sites\/21\/2025\/10\/1680-x-450.jpg?id=20571) !important;background-position: center !important;background-repeat: no-repeat !important;background-size: cover !important;}&#8221;][vc_column][\/vc_column][\/vc_row][vc_row][vc_column][\/vc_column][\/vc_row][vc_row][vc_column][vc_custom_heading text=&#8221;Quy tr\u00ecnh tuy\u1ec3n d\u1ee5ng t\u1ea1i ISHCMC-AA&#8221; font_container=&#8221;tag:h1|font_size:48px|text_align:center|color:%2300558F|line_height:56px&#8221; use_theme_fonts=&#8221;yes&#8221; css=&#8221;.vc_custom_1728632314569{margin-top: 24px !important;margin-right: 24px !important;margin-bottom: 24px !important;margin-left: 24px !important;}&#8221;][\/vc_column][\/vc_row][vc_row el_class=&#8221;bcs-container&#8221;][vc_column][\/vc_column][\/vc_row][vc_row][vc_column][vc_single_image image=&#8221;3554&#8243; img_size=&#8221;full&#8221; alignment=&#8221;center&#8221;][\/vc_column][\/vc_row][vc_row][vc_column][\/vc_column][\/vc_row][vc_row][vc_column][vc_single_image image=&#8221;3555&#8243; img_size=&#8221;full&#8221; alignment=&#8221;center&#8221;][\/vc_column][\/vc_row][vc_row full_width=&#8221;stretch_row&#8221; css=&#8221;.vc_custom_1648866157412{background-color: #F9FAFB !important;}&#8221;][vc_column][vc_row_inner el_class=&#8221;related-content&#8221;][vc_column_inner width=&#8221;1\/4&#8243;][\/vc_column_inner][vc_column_inner width=&#8221;1\/4&#8243;][\/vc_column_inner][vc_column_inner width=&#8221;1\/4&#8243;][\/vc_column_inner][vc_column_inner width=&#8221;1\/4&#8243;][\/vc_column_inner][\/vc_row_inner][\/vc_column][\/vc_row][vc_row][vc_column][vc_raw_html]JTVCdmNfY29udGVudCUyMGlkJTNEJTIyNDc4MSUyMiU1RA==[\/vc_raw_html][\/vc_column][\/vc_row]<\/p>\n","protected":false},"author":22,"featured_media":0,"parent":22535,"menu_order":0,"comment_status":"closed","ping_status":"closed","template":"redux-templates_full_width","meta":{"_acf_changed":false,"footnotes":""},"class_list":["post-71","page","type-page","status-publish","hentry"],"acf":[],"yoast_head":"<!-- This site is optimized with the Yoast SEO plugin v27.3 - https:\/\/yoast.com\/product\/yoast-seo-wordpress\/ -->\n<title>ISHCMC - AA Jobs | ISHCMC - American Academy<\/title>\n<meta name=\"description\" content=\"ISHCMC - AA Jobs welcome passionate, qualified educators dedicated to lifelong learning and strong relationships with students, colleagues, and parents.\" \/>\n<meta name=\"robots\" content=\"index, follow, max-snippet:-1, max-image-preview:large, max-video-preview:-1\" \/>\n<link rel=\"canonical\" href=\"https:\/\/www.aavn.edu.vn\/vi\/work-with-us\/\" \/>\n<meta property=\"og:locale\" content=\"vi_VN\" \/>\n<meta property=\"og:type\" content=\"article\" \/>\n<meta property=\"og:title\" content=\"ISHCMC - AA Jobs | ISHCMC - American Academy\" \/>\n<meta property=\"og:description\" content=\"ISHCMC - AA Jobs welcome passionate, qualified educators dedicated to lifelong learning and strong relationships with students, colleagues, and parents.\" \/>\n<meta property=\"og:url\" content=\"https:\/\/www.aavn.edu.vn\/work-with-us\/\" \/>\n<meta property=\"og:site_name\" content=\"ISHCMC \u2013 American Academy\" \/>\n<meta property=\"article:publisher\" content=\"https:\/\/www.facebook.com\/ishcmcaa\/\" \/>\n<meta property=\"article:modified_time\" content=\"2025-11-29T05:26:50+00:00\" \/>\n<meta name=\"twitter:card\" content=\"summary_large_image\" \/>\n<meta name=\"twitter:site\" content=\"@aavn_sunbears\" \/>\n<meta name=\"twitter:label1\" content=\"Est. reading time\" \/>\n\t<meta name=\"twitter:data1\" content=\"4 minutes\" \/>\n<!-- \/ Yoast SEO plugin. -->","yoast_head_json":{"title":"ISHCMC - AA Jobs | ISHCMC - American Academy","description":"ISHCMC - AA Jobs welcome passionate, qualified educators dedicated to lifelong learning and strong relationships with students, colleagues, and parents.","robots":{"index":"index","follow":"follow","max-snippet":"max-snippet:-1","max-image-preview":"max-image-preview:large","max-video-preview":"max-video-preview:-1"},"canonical":"https:\/\/www.aavn.edu.vn\/vi\/work-with-us\/","og_locale":"vi_VN","og_type":"article","og_title":"ISHCMC - AA Jobs | ISHCMC - American Academy","og_description":"ISHCMC - AA Jobs welcome passionate, qualified educators dedicated to lifelong learning and strong relationships with students, colleagues, and parents.","og_url":"https:\/\/www.aavn.edu.vn\/work-with-us\/","og_site_name":"ISHCMC \u2013 American Academy","article_publisher":"https:\/\/www.facebook.com\/ishcmcaa\/","article_modified_time":"2025-11-29T05:26:50+00:00","twitter_card":"summary_large_image","twitter_site":"@aavn_sunbears","twitter_misc":{"Est. reading time":"4 minutes"},"schema":{"@context":"https:\/\/schema.org","@graph":[{"@type":"WebPage","@id":"https:\/\/www.aavn.edu.vn\/vi\/tin-tuc\/work-with-us-ishcmc-american-academy\/","url":"https:\/\/www.aavn.edu.vn\/work-with-us\/","name":"ISHCMC - AA Jobs | ISHCMC - American Academy","isPartOf":{"@id":"https:\/\/www.aavn.edu.vn\/vi\/#website"},"datePublished":"2022-03-28T03:43:27+00:00","dateModified":"2025-11-29T05:26:50+00:00","description":"ISHCMC - AA Jobs welcome passionate, qualified educators dedicated to lifelong learning and strong relationships with students, colleagues, and parents.","breadcrumb":{"@id":"https:\/\/www.aavn.edu.vn\/work-with-us\/#breadcrumb"},"inLanguage":"vi-VN","potentialAction":[{"@type":"ReadAction","target":["https:\/\/www.aavn.edu.vn\/work-with-us\/"]}]},{"@type":"BreadcrumbList","@id":"https:\/\/www.aavn.edu.vn\/work-with-us\/#breadcrumb","itemListElement":[{"@type":"ListItem","position":1,"name":"Home","item":"https:\/\/www.aavn.edu.vn\/vi\/"},{"@type":"ListItem","position":2,"name":"Tin T\u1ee9c","item":"https:\/\/www.aavn.edu.vn\/vi\/tin-tuc\/"},{"@type":"ListItem","position":3,"name":"Work with Us | ISHCMC-American Academy"}]},{"@type":"WebSite","@id":"https:\/\/www.aavn.edu.vn\/vi\/#website","url":"https:\/\/www.aavn.edu.vn\/vi\/","name":"ISHCMC \u2013 American Academy","description":"A leading American-curriculum secondary school in HCMC","publisher":{"@id":"https:\/\/www.aavn.edu.vn\/vi\/#organization"},"potentialAction":[{"@type":"SearchAction","target":{"@type":"EntryPoint","urlTemplate":"https:\/\/www.aavn.edu.vn\/vi\/?s={search_term_string}"},"query-input":{"@type":"PropertyValueSpecification","valueRequired":true,"valueName":"search_term_string"}}],"inLanguage":"vi-VN"},{"@type":"Organization","@id":"https:\/\/www.aavn.edu.vn\/vi\/#organization","name":"ISHCMC \u2013 American Academy","url":"https:\/\/www.aavn.edu.vn\/vi\/","logo":{"@type":"ImageObject","inLanguage":"vi-VN","@id":"https:\/\/www.aavn.edu.vn\/vi\/#\/schema\/logo\/image\/","url":"https:\/\/www.aavn.edu.vn\/wp-content\/uploads\/sites\/21\/2022\/03\/1744709931696.jpg","contentUrl":"https:\/\/www.aavn.edu.vn\/wp-content\/uploads\/sites\/21\/2022\/03\/1744709931696.jpg","width":"800","height":"729","caption":"ISHCMC \u2013 American Academy"},"image":{"@id":"https:\/\/www.aavn.edu.vn\/vi\/#\/schema\/logo\/image\/"},"sameAs":["https:\/\/www.facebook.com\/ishcmcaa\/","https:\/\/x.com\/aavn_sunbears","https:\/\/www.youtube.com\/c\/ishcmcamericanacademy","https:\/\/www.instagram.com\/aavnsunbears\/"]}]}},"jetpack_sharing_enabled":true,"_links":{"self":[{"href":"https:\/\/www.aavn.edu.vn\/vi\/wp-json\/wp\/v2\/pages\/71","targetHints":{"allow":["GET"]}}],"collection":[{"href":"https:\/\/www.aavn.edu.vn\/vi\/wp-json\/wp\/v2\/pages"}],"about":[{"href":"https:\/\/www.aavn.edu.vn\/vi\/wp-json\/wp\/v2\/types\/page"}],"author":[{"embeddable":true,"href":"https:\/\/www.aavn.edu.vn\/vi\/wp-json\/wp\/v2\/users\/22"}],"replies":[{"embeddable":true,"href":"https:\/\/www.aavn.edu.vn\/vi\/wp-json\/wp\/v2\/comments?post=71"}],"version-history":[{"count":8,"href":"https:\/\/www.aavn.edu.vn\/vi\/wp-json\/wp\/v2\/pages\/71\/revisions"}],"predecessor-version":[{"id":22583,"href":"https:\/\/www.aavn.edu.vn\/vi\/wp-json\/wp\/v2\/pages\/71\/revisions\/22583"}],"up":[{"embeddable":true,"href":"https:\/\/www.aavn.edu.vn\/vi\/wp-json\/wp\/v2\/pages\/22535"}],"wp:attachment":[{"href":"https:\/\/www.aavn.edu.vn\/vi\/wp-json\/wp\/v2\/media?parent=71"}],"curies":[{"name":"wp","href":"https:\/\/api.w.org\/{rel}","templated":true}]}}